{"id":157225,"date":"2024-09-06T15:01:23","date_gmt":"2024-09-06T13:01:23","guid":{"rendered":"https:\/\/quitt.ch\/imprimere\/"},"modified":"2024-09-06T15:01:23","modified_gmt":"2024-09-06T13:01:23","slug":"imprimere","status":"publish","type":"page","link":"https:\/\/quitt.ch\/it\/imprimere\/","title":{"rendered":"Imprimere"},"content":{"rendered":"<div class=\"wpb-content-wrapper\">[vc_row css=&#8221;.vc_custom_1571867989133{margin-bottom: 60px !important;}&#8221;][vc_column css=&#8221;.vc_custom_1545073223677{margin-bottom: 50px !important;}&#8221;][vc_column_text el_class=&#8221;zwischentitel&#8221; css=&#8221;.vc_custom_1564059837750{margin-bottom: 50px !important;}&#8221;]\n<h2>Imprimere<\/h2>\n[\/vc_column_text][vc_column_text css=&#8221;.vc_custom_1637833873319{margin-bottom: 50px !important;}&#8221;]La piattaforma internet quitt \u00e8 offerta da ServiceHunter AG.<br \/>\nServiceHunter AG \u00e8 uno spin-off dell&#8217;ETH di Zurigo.<br \/>\nL&#8217;obiettivo \u00e8 quello di utilizzare la pi\u00f9 moderna tecnologia Internet per rendere possibili e per strutturare correttamente i rapporti di lavoro con le donne delle pulizie, le babysitter, il personale infermieristico e le collaboratrici domestiche.    &nbsp;<\/p>\n<h4>Contatto<\/h4>\n<p>  ServiceHunter AG Birmensdorferstrasse 94 8003 Zurigo  <a href=\"mailto:support@quitt.ch\"><a href=\"mailto:support@quitt.ch\">support@quitt.ch<\/a><\/a><br \/>\n<a href=\"tel:+41435051802\">+41 43 505 18 02<\/a><\/p>\n<h4>Numero di registro delle imprese<\/h4>\n<p>  CHE-115.866.090  <\/p>\n<h4>Partita IVA<\/h4>\n<p>  CHE-115.866.090 MWST  <\/p>\n<h4>Conti<\/h4>\n<p>  BDO AG 5001 Aarau  &nbsp;<\/p>\n<h4><strong>Responsabilit\u00e0 per i link<\/strong><\/h4>\n<p>  I riferimenti e i link a siti web di terzi esulano dalla nostra sfera di responsabilit\u00e0.<br \/>\nSi declina ogni responsabilit\u00e0 per tali siti web.<br \/>\nL&#8217;accesso e l&#8217;utilizzo di tali siti web avviene a rischio e pericolo dell&#8217;utente.    <\/p>\n<h4>Copyright<\/h4>\n<p>  I diritti d&#8217;autore e tutti gli altri diritti su contenuti, immagini, foto o altri file presenti sul sito web appartengono esclusivamente alla societ\u00e0 ServiceHunter AG o ai titolari dei diritti specificamente indicati.<br \/>\nPer la riproduzione di qualsiasi elemento, \u00e8 necessario ottenere preventivamente il consenso scritto dei titolari dei diritti d&#8217;autore.[\/vc_column_text][\/vc_column][\/vc_row]\n<\/div>","protected":false},"excerpt":{"rendered":"<p>[vc_row css=&#8221;.vc_custom_1571867989133{margin-bottom: 60px !important;}&#8221;][vc_column css=&#8221;.vc_custom_1545073223677{margin-bottom: 50px !important;}&#8221;][vc_column_text el_class=&#8221;zwischentitel&#8221; css=&#8221;.vc_custom_1564059837750{margin-bottom: 50px !important;}&#8221;] Imprimere [\/vc_column_text][vc_column_text css=&#8221;.vc_custom_1637833873319{margin-bottom: 50px !important;}&#8221;]La piattaforma internet quitt \u00e8 offerta da ServiceHunter AG. ServiceHunter AG \u00e8 uno spin-off dell&#8217;ETH di Zurigo. L&#8217;obiettivo \u00e8 quello di utilizzare la pi\u00f9 moderna tecnologia Internet per rendere possibili e per strutturare correttamente i rapporti di lavoro con le&hellip;<\/p>\n","protected":false},"author":17,"featured_media":0,"parent":0,"menu_order":0,"comment_status":"closed","ping_status":"closed","template":"","meta":{"inline_featured_image":false,"footnotes":""},"class_list":["post-157225","page","type-page","status-publish","hentry","entry","no-media"],"yoast_head":"<!-- This site is optimized with the Yoast SEO Premium plugin v26.5 (Yoast SEO v26.5) - https:\/\/yoast.com\/wordpress\/plugins\/seo\/ -->\n<title>Imprimere: Tutti i dettagli di contatto in modo che possiamo parlare tra di noi<\/title>\n<meta name=\"description\" content=\"quitt. I dati di contatto di ServiceHunter AG. L&#039;azienda \u00e8 l&#039;operatore della piattaforma internet quitt.\" \/>\n<meta name=\"robots\" content=\"index, follow, max-snippet:-1, max-image-preview:large, max-video-preview:-1\" \/>\n<link rel=\"canonical\" href=\"https:\/\/quitt.ch\/it\/imprimere\/\" \/>\n<meta property=\"og:locale\" content=\"it_IT\" \/>\n<meta property=\"og:type\" content=\"article\" \/>\n<meta property=\"og:title\" content=\"Imprimere\" \/>\n<meta property=\"og:description\" content=\"quitt. I dati di contatto di ServiceHunter AG. L&#039;azienda \u00e8 l&#039;operatore della piattaforma internet quitt.\" \/>\n<meta property=\"og:url\" content=\"https:\/\/quitt.ch\/it\/imprimere\/\" \/>\n<meta property=\"og:site_name\" content=\"quitt.\" \/>\n<meta property=\"article:publisher\" content=\"https:\/\/www.facebook.com\/quitt.ch\/\" \/>\n<meta name=\"twitter:card\" content=\"summary_large_image\" \/>\n<meta name=\"twitter:site\" content=\"@quittCH\" \/>\n<meta name=\"twitter:label1\" content=\"Tempo di lettura stimato\" \/>\n\t<meta name=\"twitter:data1\" content=\"1 minuto\" \/>\n<script type=\"application\/ld+json\" class=\"yoast-schema-graph\">{\"@context\":\"https:\/\/schema.org\",\"@graph\":[{\"@type\":\"WebPage\",\"@id\":\"https:\/\/quitt.ch\/it\/imprimere\/\",\"url\":\"https:\/\/quitt.ch\/it\/imprimere\/\",\"name\":\"Imprimere: Tutti i dettagli di contatto in modo che possiamo parlare tra di noi\",\"isPartOf\":{\"@id\":\"https:\/\/quitt.ch\/#website\"},\"datePublished\":\"2024-09-06T13:01:23+00:00\",\"description\":\"quitt. I dati di contatto di ServiceHunter AG. L'azienda \u00e8 l'operatore della piattaforma internet quitt.\",\"breadcrumb\":{\"@id\":\"https:\/\/quitt.ch\/it\/imprimere\/#breadcrumb\"},\"inLanguage\":\"it-IT\",\"potentialAction\":[{\"@type\":\"ReadAction\",\"target\":[\"https:\/\/quitt.ch\/it\/imprimere\/\"]}]},{\"@type\":\"BreadcrumbList\",\"@id\":\"https:\/\/quitt.ch\/it\/imprimere\/#breadcrumb\",\"itemListElement\":[{\"@type\":\"ListItem\",\"position\":1,\"name\":\"Home\",\"item\":\"https:\/\/quitt.ch\/it\/\"},{\"@type\":\"ListItem\",\"position\":2,\"name\":\"Imprimere\"}]},{\"@type\":\"WebSite\",\"@id\":\"https:\/\/quitt.ch\/#website\",\"url\":\"https:\/\/quitt.ch\/\",\"name\":\"quitt\",\"description\":\"Einfach richtig anstellen - Haushaltshilfen versichern und Lohn abrechnen.\",\"publisher\":{\"@id\":\"https:\/\/quitt.ch\/#organization\"},\"potentialAction\":[{\"@type\":\"SearchAction\",\"target\":{\"@type\":\"EntryPoint\",\"urlTemplate\":\"https:\/\/quitt.ch\/?s={search_term_string}\"},\"query-input\":{\"@type\":\"PropertyValueSpecification\",\"valueRequired\":true,\"valueName\":\"search_term_string\"}}],\"inLanguage\":\"it-IT\"},{\"@type\":\"Organization\",\"@id\":\"https:\/\/quitt.ch\/#organization\",\"name\":\"quitt. - ServiceHunterAG\",\"url\":\"https:\/\/quitt.ch\/\",\"logo\":{\"@type\":\"ImageObject\",\"inLanguage\":\"it-IT\",\"@id\":\"https:\/\/quitt.ch\/#\/schema\/logo\/image\/\",\"url\":\"https:\/\/quitt.ch\/wp-content\/uploads\/quitt._Profilbild_LinkedIn.jpg\",\"contentUrl\":\"https:\/\/quitt.ch\/wp-content\/uploads\/quitt._Profilbild_LinkedIn.jpg\",\"width\":170,\"height\":170,\"caption\":\"quitt. - ServiceHunterAG\"},\"image\":{\"@id\":\"https:\/\/quitt.ch\/#\/schema\/logo\/image\/\"},\"sameAs\":[\"https:\/\/www.facebook.com\/quitt.ch\/\",\"https:\/\/x.com\/quittCH\",\"https:\/\/www.linkedin.com\/company\/servicehunter-ag-quitt-ch\",\"https:\/\/de.pinterest.com\/quittch\/\",\"https:\/\/www.youtube.com\/channel\/UCjwpajpPPM9ZzZQ0QbAtliQ\"]}]}<\/script>\n<!-- \/ Yoast SEO Premium plugin. -->","yoast_head_json":{"title":"Imprimere: Tutti i dettagli di contatto in modo che possiamo parlare tra di noi","description":"quitt. I dati di contatto di ServiceHunter AG. L'azienda \u00e8 l'operatore della piattaforma internet quitt.","robots":{"index":"index","follow":"follow","max-snippet":"max-snippet:-1","max-image-preview":"max-image-preview:large","max-video-preview":"max-video-preview:-1"},"canonical":"https:\/\/quitt.ch\/it\/imprimere\/","og_locale":"it_IT","og_type":"article","og_title":"Imprimere","og_description":"quitt. I dati di contatto di ServiceHunter AG. L'azienda \u00e8 l'operatore della piattaforma internet quitt.","og_url":"https:\/\/quitt.ch\/it\/imprimere\/","og_site_name":"quitt.","article_publisher":"https:\/\/www.facebook.com\/quitt.ch\/","twitter_card":"summary_large_image","twitter_site":"@quittCH","twitter_misc":{"Tempo di lettura stimato":"1 minuto"},"schema":{"@context":"https:\/\/schema.org","@graph":[{"@type":"WebPage","@id":"https:\/\/quitt.ch\/it\/imprimere\/","url":"https:\/\/quitt.ch\/it\/imprimere\/","name":"Imprimere: Tutti i dettagli di contatto in modo che possiamo parlare tra di noi","isPartOf":{"@id":"https:\/\/quitt.ch\/#website"},"datePublished":"2024-09-06T13:01:23+00:00","description":"quitt. I dati di contatto di ServiceHunter AG. L'azienda \u00e8 l'operatore della piattaforma internet quitt.","breadcrumb":{"@id":"https:\/\/quitt.ch\/it\/imprimere\/#breadcrumb"},"inLanguage":"it-IT","potentialAction":[{"@type":"ReadAction","target":["https:\/\/quitt.ch\/it\/imprimere\/"]}]},{"@type":"BreadcrumbList","@id":"https:\/\/quitt.ch\/it\/imprimere\/#breadcrumb","itemListElement":[{"@type":"ListItem","position":1,"name":"Home","item":"https:\/\/quitt.ch\/it\/"},{"@type":"ListItem","position":2,"name":"Imprimere"}]},{"@type":"WebSite","@id":"https:\/\/quitt.ch\/#website","url":"https:\/\/quitt.ch\/","name":"quitt","description":"Einfach richtig anstellen - Haushaltshilfen versichern und Lohn abrechnen.","publisher":{"@id":"https:\/\/quitt.ch\/#organization"},"potentialAction":[{"@type":"SearchAction","target":{"@type":"EntryPoint","urlTemplate":"https:\/\/quitt.ch\/?s={search_term_string}"},"query-input":{"@type":"PropertyValueSpecification","valueRequired":true,"valueName":"search_term_string"}}],"inLanguage":"it-IT"},{"@type":"Organization","@id":"https:\/\/quitt.ch\/#organization","name":"quitt. - ServiceHunterAG","url":"https:\/\/quitt.ch\/","logo":{"@type":"ImageObject","inLanguage":"it-IT","@id":"https:\/\/quitt.ch\/#\/schema\/logo\/image\/","url":"https:\/\/quitt.ch\/wp-content\/uploads\/quitt._Profilbild_LinkedIn.jpg","contentUrl":"https:\/\/quitt.ch\/wp-content\/uploads\/quitt._Profilbild_LinkedIn.jpg","width":170,"height":170,"caption":"quitt. - ServiceHunterAG"},"image":{"@id":"https:\/\/quitt.ch\/#\/schema\/logo\/image\/"},"sameAs":["https:\/\/www.facebook.com\/quitt.ch\/","https:\/\/x.com\/quittCH","https:\/\/www.linkedin.com\/company\/servicehunter-ag-quitt-ch","https:\/\/de.pinterest.com\/quittch\/","https:\/\/www.youtube.com\/channel\/UCjwpajpPPM9ZzZQ0QbAtliQ"]}]}},"_links":{"self":[{"href":"https:\/\/quitt.ch\/it\/wp-json\/wp\/v2\/pages\/157225","targetHints":{"allow":["GET"]}}],"collection":[{"href":"https:\/\/quitt.ch\/it\/wp-json\/wp\/v2\/pages"}],"about":[{"href":"https:\/\/quitt.ch\/it\/wp-json\/wp\/v2\/types\/page"}],"author":[{"embeddable":true,"href":"https:\/\/quitt.ch\/it\/wp-json\/wp\/v2\/users\/17"}],"replies":[{"embeddable":true,"href":"https:\/\/quitt.ch\/it\/wp-json\/wp\/v2\/comments?post=157225"}],"version-history":[{"count":2,"href":"https:\/\/quitt.ch\/it\/wp-json\/wp\/v2\/pages\/157225\/revisions"}],"predecessor-version":[{"id":157227,"href":"https:\/\/quitt.ch\/it\/wp-json\/wp\/v2\/pages\/157225\/revisions\/157227"}],"wp:attachment":[{"href":"https:\/\/quitt.ch\/it\/wp-json\/wp\/v2\/media?parent=157225"}],"curies":[{"name":"wp","href":"https:\/\/api.w.org\/{rel}","templated":true}]}}