{"id":157168,"date":"2024-09-06T11:55:58","date_gmt":"2024-09-06T09:55:58","guid":{"rendered":"https:\/\/quitt.ch\/servizio-quitt\/"},"modified":"2025-03-14T15:14:58","modified_gmt":"2025-03-14T14:14:58","slug":"servizio-quitt","status":"publish","type":"page","link":"https:\/\/quitt.ch\/it\/servizio-quitt\/","title":{"rendered":"Servizio quitt"},"content":{"rendered":"<div class=\"wpb-content-wrapper\">[vc_row css=&#8221;.vc_custom_1567085484660{margin-bottom: 50px !important;}&#8221;][vc_column]<div class=\"vcex-spacing wpex-w-100 wpex-clear\" style=\"height:10vh;\"><\/div>[vc_column_text el_class=&#8221;zwischentitel&#8221;]\n<h2>Il nostro servizio in dettaglio<\/h2>\n[\/vc_column_text][vc_column_text css=&#8221;.vc_custom_1666007577094{padding-top: 10px !important;}&#8221; responsive_text_min_max=&#8221;18px|20px&#8221;]\n<p style=\"text-align: left;\">Su misura per le vostre esigenze, mettiamo insieme il nostro servizio individualmente per voi.<\/p>\n[\/vc_column_text][\/vc_column][\/vc_row][vc_row][vc_column width=&#8221;1\/3&#8243; css=&#8221;.vc_custom_1567085509414{margin-bottom: 30px !important;}&#8221;][vc_single_image image=&#8221;16846&#8243; img_size=&#8221;60&#215;60&#8243; el_class=&#8221;icon-service&#8221;]<div class=\"vcex-spacing wpex-w-100 wpex-clear\" style=\"height:20px;\"><\/div>[vc_column_text]\n<h4><strong>Registrazione presso tutte le autorit\u00e0 coinvolte<\/strong><\/h4>\n<p>Se assumi una collaboratrice domestica, in qualit\u00e0 di datore di lavoro privato sei obbligato a versare i contributi sociali alla cassa cantonale di compensazione.quitt registra automaticamente i datori di lavoro e i dipendenti presso questa autorit\u00e0 e determina la relativa procedura contabile sulla base delle informazioni fornite.<\/p>\n<p>I redditi dei lavoratori dipendenti esteri sono soggetti a ritenuta alla fonte.Sulla base di alcune domande, quitt determina se la tua collaboratrice domestica \u00e8 soggetta a ritenuta d&#8217;acconto. In questo caso, quitt registra automaticamente il vostro aiuto domestico presso l&#8217;autorit\u00e0 fiscale cantonale competente e trasmette a quest&#8217;ultima tutte le informazioni necessarie sulla situazione lavorativa e abitativa.<\/p>\n<p>In caso di rapporti di lavoro con un salario lordo superiore a CHF 1&#8217;890 al mese o CHF 22&#8217;680 all&#8217;anno, il datore di lavoro \u00e8 tenuto a iscrivere i propri dipendenti a una cassa pensioni professionale (LPP\/2\u00b0 pilastro). A tal fine, quitt collabora con la cassa pensioni Valitas Compacta. Se il salario \u00e8 superiore al limite LPP, quitt iscrive automaticamente il tuo dipendente a Valitas Compacta.<\/p>\n<p>quitt si occupa per Lei di tutte le comunicazioni e la corrispondenza con le autorit\u00e0 sopra menzionate.[\/vc_column_text]<div class=\"vcex-spacing wpex-w-100 wpex-clear\" style=\"height:20px;\"><\/div>[\/vc_column][vc_column width=&#8221;1\/3&#8243; css=&#8221;.vc_custom_1567085514783{margin-bottom: 30px !important;}&#8221;][vc_single_image image=&#8221;16858&#8243; img_size=&#8221;60&#215;60&#8243; el_class=&#8221;icon-service&#8221;]<div class=\"vcex-spacing wpex-w-100 wpex-clear\" style=\"height:20px;\"><\/div>[vc_column_text]\n<h4>Stipulare un&#8217;assicurazione obbligatoria contro gli infortuni<\/h4>\n<p>Tutti i lavoratori dipendenti in Svizzera devono essere assicurati contro gli infortuni (BU) dal datore di lavoro. A partire da almeno 8 ore di lavoro settimanali, \u00e8 obbligatoria anche l&#8217;assicurazione contro gli infortuni non professionali (NBU). I costi per l&#8217;assicurazione per l&#8217;invalidit\u00e0 professionale sono a carico del datore di lavoro, i costi per l&#8217;assicurazione per l&#8217;invalidit\u00e0 professionale sono a carico del dipendente.<\/p>\n<p>quitt stipula questa assicurazione obbligatoria per ogni rapporto di lavoro registrato presso la Basilese Assicurazioni. Dal terzo giorno successivo al giorno dell&#8217;incidente, l&#8217;UVG continua a pagare l&#8217;80% del salario lordo. In caso di sinistro, quitt si occupa della gestione dei sinistri, comunica con i partner assicurativi e si occupa del pagamento di eventuali indennit\u00e0 giornaliere.<\/p>\n<p><span class=\"ui-provider fy b c d e f g h i j k l m n o p q r s t u v w x y z ab ac ae af ag ah ai aj ak\" dir=\"ltr\">Attualmente il premio assicurativo della FDC ammonta allo 0,42% del salario lordo fatturato e <\/span><span class=\"ui-provider fy b c d e f g h i j k l m n o p q r s t u v w x y z ab ac ae af ag ah ai aj ak\" dir=\"ltr\">Il premio assicurativo della NBU ammonta all&#8217;1,24% del salario lordo fatturato. Quitt calcola automaticamente i bonus come parte della busta paga mensile. <\/span>[\/vc_column_text]<div class=\"vcex-spacing wpex-w-100 wpex-clear hidden\" style=\"height:20px;\"><\/div>[\/vc_column][vc_column width=&#8221;1\/3&#8243; css=&#8221;.vc_custom_1567085519527{margin-bottom: 30px !important;}&#8221;][vc_single_image image=&#8221;16823&#8243; img_size=&#8221;60&#215;60&#8243; el_class=&#8221;icon-service&#8221;]<div class=\"vcex-spacing wpex-w-100 wpex-clear\" style=\"height:20px;\"><\/div>[vc_column_text]\n<h4>Buste paga mensili e rendiconto salariale annuale<\/h4>\n<p>Sulla base delle tue informazioni individuali, quitt ti fornir\u00e0 una busta paga e una panoramica dei costi del datore di lavoro nel tuo account cliente per ogni impiego.<\/p>\n<p>I contributi sociali obbligatori AVS, AI, IPG, LV e FAK sono calcolati sulla base del salario lordo. Se il vostro dipendente \u00e8 soggetto all&#8217;imposta alla fonte o \u00e8 iscritto alla cassa pensioni Valitas Compacta, anche l&#8217;aliquota dell&#8217;imposta alla fonte e i contributi di risparmio saranno presi in considerazione e indicati nella busta paga.<\/p>\n<p>Inoltre, i premi assicurativi per l&#8217;assicurazione contro gli infortuni non professionali e le assicurazioni complementari selezionate saranno implementati nella vostra busta paga. In caso di pagamento di prestazioni assicurative (indennit\u00e0 giornaliere), assegni familiari o indennit\u00e0 di maternit\u00e0, tali prestazioni vengono prese in considerazione per l&#8217;uscita nelle buste paga corrispondenti.<\/p>\n<p>Il certificato di salario attesta il salario versato dal dipendente, nonch\u00e9 tutte le detrazioni dal salario, i contributi di risparmio e le eventuali spese. Il modulo \u00e8 disponibile per i datori di lavoro come download nell&#8217;area clienti e deve essere allegato dal dipendente alla dichiarazione dei redditi annuale, a meno che il salario non sia gi\u00e0 stato tassato in modo forfettario nella procedura di liquidazione semplificata.[\/vc_column_text]<div class=\"vcex-spacing wpex-w-100 wpex-clear hidden\" style=\"height:20px;\"><\/div>[\/vc_column][\/vc_row][vc_row css=&#8221;.vc_custom_1567771916235{margin-bottom: 100px !important;}&#8221;][vc_column width=&#8221;1\/3&#8243; css=&#8221;.vc_custom_1567771862610{margin-bottom: 30px !important;}&#8221; min_height=&#8221;10 px&#8221;]<div class=\"vcex-spacing wpex-w-100 wpex-clear\" style=\"height:20px;\"><\/div>[vc_single_image image=&#8221;16865&#8243; img_size=&#8221;60&#215;60&#8243; css_animation=&#8221;none&#8221; el_class=&#8221;icon-service&#8221;]<div class=\"vcex-spacing wpex-w-100 wpex-clear\" style=\"height:20px;\"><\/div>[vc_column_text]\n<h4>Contratto di lavoro legalmente corretto<\/h4>\n<p>Con l&#8217;aiuto di poche e semplici domande, puoi creare online il contratto di lavoro per il rapporto di lavoro della tua economia domestica. Vengono prese in considerazione le disposizioni obbligatorie dei contratti standard di lavoro cantonali.<\/p>\n<p>Il contratto di lavoro \u00e8 disponibile per il download in formato PDF: puoi utilizzarlo e personalizzarlo liberamente.<\/p>\n<p>Sulla base delle informazioni fornite nel contratto, quitt calcola anche i costi salariali esatti e configura la tua area clienti personale.[\/vc_column_text][\/vc_column][vc_column width=&#8221;1\/3&#8243; css=&#8221;.vc_custom_1567085530776{margin-bottom: 30px !important;}&#8221;]<div class=\"vcex-spacing wpex-w-100 wpex-clear\" style=\"height:20px;\"><\/div>[vc_single_image image=&#8221;16829&#8243; img_size=&#8221;60&#215;60&#8243; el_class=&#8221;icon-service&#8221;]<div class=\"vcex-spacing wpex-w-100 wpex-clear\" style=\"height:20px;\"><\/div>[vc_column_text]\n<h4><strong>Liquidazione di tutti i contributi previdenziali, delle imposte e dei premi assicurativi<\/strong><\/h4>\n<p>Per ogni datore di lavoro, quitt dichiara tutti i salari lordi fatturati per anno civile nel gennaio dell&#8217;anno successivo alle seguenti istituzioni e disciplina quindi i seguenti punti:<\/p>\n<ul>\n<li>Contributi sociali presso le casse cantonali di compensazione<\/li>\n<li>Imposta preventiva presso l&#8217;autorit\u00e0 cantonale delle contribuzioni<\/li>\n<li>Contributi di risparmio presso la cassa pensioni Valitas Compacta<\/li>\n<li>Premi assicurativi con Baloise Insurance<\/li>\n<\/ul>\n<p>Successivamente, quit salda tutte le fatture pertinenti di questi istituti, chiarisce eventuali scostamenti e garantisce che tutti i requisiti legali siano soddisfatti.[\/vc_column_text][\/vc_column][vc_column width=&#8221;1\/3&#8243; css=&#8221;.vc_custom_1567085535892{margin-bottom: 30px !important;}&#8221;]<div class=\"vcex-spacing wpex-w-100 wpex-clear\" style=\"height:20px;\"><\/div>[vc_single_image image=&#8221;16852&#8243; img_size=&#8221;60&#215;60&#8243; el_class=&#8221;icon-service&#8221;]<div class=\"vcex-spacing wpex-w-100 wpex-clear\" style=\"height:20px;\"><\/div>[vc_column_text]\n<h4>Assistenza clienti personale e modelli pratici<\/h4>\n<p>Se hai domande o ambiguit\u00e0, decidi tu come vuoi contattare quitt. Il nostro servizio clienti \u00e8 disponibile dal luned\u00ec al venerd\u00ec via e-mail al <a href=\"mailto:support@quitt.ch\">support@quitt.ch<\/a> o telefonicamente al numero 043 505 18 02 durante gli orari di apertura.<\/p>\n<p>Le risposte alle domande pi\u00f9 frequenti sono disponibili anche nelle <a href=\"https:\/\/quitt.zendesk.com\/hc\/it-ch\" target=\"_blank\" rel=\"noopener noreferrer\">Helpcenter<\/a>. Nella tua area clienti personale troverai anche modelli pratici relativi al rapporto di lavoro con il tuo dipendente, ad esempio per lettere di licenziamento, certificati e ricevute chiave.[\/vc_column_text][\/vc_column][\/vc_row][vc_row css=&#8221;.vc_custom_1567085484660{margin-bottom: 50px !important;}&#8221;][vc_column]<div class=\"vcex-spacing wpex-w-100 wpex-clear\" style=\"height:20px;\"><\/div>[vc_raw_html]JTNDc3BhbiUyMGlkJTNEJTIyaW5zdXJhbmNlcyUyMiUzRSUzQyUyRnNwYW4lM0U=[\/vc_raw_html][vc_column_text el_class=&#8221;zwischentitel&#8221;]\n<h2>Le nostre assicurazioni esclusive<\/h2>\n[\/vc_column_text][\/vc_column][\/vc_row][vc_row css=&#8221;.vc_custom_1567101437312{margin-bottom: 50px !important;}&#8221;][vc_column width=&#8221;1\/3&#8243; css=&#8221;.vc_custom_1567085525603{margin-bottom: 30px !important;}&#8221;]<div class=\"vcex-spacing wpex-w-100 wpex-clear hidden-phone\" style=\"height:45px;\"><\/div>[vc_column_text css=&#8221;.vc_custom_1741961667654{margin-bottom: 20px !important;}&#8221;]\n<h4>Assicurazione d&#8217;indennit\u00e0 giornaliera in caso di malattia<\/h4>\n<p>Questa assicurazione si assume l&#8217;obbligo di continuare a pagare il salario e protegge il vostro dipendente dalla perdita di guadagno in caso di malattia. In caso di malattia, dopo un periodo di attesa di 30 giorni, l&#8217;80% del salario sar\u00e0 pagato durante il periodo massimo.<br \/>\n2 anni.<\/p>\n<p><strong>Quanto costa questa assicurazione?<\/strong><\/p>\n<ul>\n<li>Tassa di servizio una tantum: CHF 49.00 per anno civile.<\/li>\n<li>Pi\u00f9 premio assicurativo pari al 2,30% del salario lordo fatturato.<\/li>\n<li>Il premio assicurativo \u00e8 pagato al 50% dal datore di lavoro e al 50% dal dipendente.<\/li>\n<\/ul>\n[\/vc_column_text]<a href=\"https:\/\/quitt.ch\/wp-content\/uploads\/TCG_KTG_i.pdf\" class=\"vcex-button theme-button inline\" title=\"Versicherungsbedingungen\" target=\"_blank\" rel=\"noopener noreferrer\"><span class=\"vcex-button-inner theme-button-inner wpex-flex wpex-flex-wrap wpex-items-center wpex-justify-center\"><span class=\"vcex-button-icon vcex-icon-wrap theme-button-icon-left\"><span class=\"wpex-icon\" aria-hidden=\"true\"><svg xmlns=\"http:\/\/www.w3.org\/2000\/svg\" viewBox=\"0 0 384 512\"><path d=\"M169.4 470.6c12.5 12.5 32.8 12.5 45.3 0l160-160c12.5-12.5 12.5-32.8 0-45.3s-32.8-12.5-45.3 0L224 370.8 224 64c0-17.7-14.3-32-32-32s-32 14.3-32 32l0 306.7L54.6 265.4c-12.5-12.5-32.8-12.5-45.3 0s-12.5 32.8 0 45.3l160 160z\"\/><\/svg><\/span><\/span>Assicurazione <\/span><\/a> [\/vc_column][vc_column width=&#8221;1\/3&#8243; css=&#8221;.vc_custom_1567085530776{margin-bottom: 30px !important;}&#8221;]<div class=\"vcex-spacing wpex-w-100 wpex-clear hidden-phone\" style=\"height:45px;\"><\/div>[vc_column_text css=&#8221;.vc_custom_1727280104425{margin-bottom: 20px !important;}&#8221;]\n<h4>Mobilia domestica scafo<\/h4>\n<p>Questa assicurazione copre tutti i danni alla mobilia domestica subiti dalla vostra collaboratrice domestica durante il lavoro. Gli oggetti mobili come mobili e dispositivi elettronici sono considerati beni per la casa (promemoria: cose che si portano con s\u00e9 quando ci si sposta). Scale, porte, pavimenti o mobili saldamente ancorati sono considerati componenti dell&#8217;edificio e non sono inclusi nella protezione. I costi di riparazione o sostituzione sono rimborsati per evento fino a un massimo di CHF 3&#8217;000.\u2013, ma non pi\u00f9 del valore a nuovo. La franchigia per ogni sinistro ammonta a CHF 50.00.<\/p>\n<p><strong>Quanto costa questa assicurazione?<\/strong><\/p>\n<ul>\n<li>Tassa di servizio una tantum: CHF 19.00 per anno civile.<\/li>\n<li>Pi\u00f9 premio assicurativo pari allo 0,9% del salario lordo fatturato.<\/li>\n<\/ul>\n[\/vc_column_text]<a href=\"https:\/\/quitt.ch\/wp-content\/uploads\/insurance_conditions_householdInsurance_it.pdf\" class=\"vcex-button theme-button inline\" title=\"Versicherungsbedingungen\" target=\"_blank\" rel=\"noopener noreferrer\"><span class=\"vcex-button-inner theme-button-inner wpex-flex wpex-flex-wrap wpex-items-center wpex-justify-center\"><span class=\"vcex-button-icon vcex-icon-wrap theme-button-icon-left\"><span class=\"wpex-icon\" aria-hidden=\"true\"><svg xmlns=\"http:\/\/www.w3.org\/2000\/svg\" viewBox=\"0 0 384 512\"><path d=\"M169.4 470.6c12.5 12.5 32.8 12.5 45.3 0l160-160c12.5-12.5 12.5-32.8 0-45.3s-32.8-12.5-45.3 0L224 370.8 224 64c0-17.7-14.3-32-32-32s-32 14.3-32 32l0 306.7L54.6 265.4c-12.5-12.5-32.8-12.5-45.3 0s-12.5 32.8 0 45.3l160 160z\"\/><\/svg><\/span><\/span>Assicurazione <\/span><\/a> [\/vc_column][vc_column width=&#8221;1\/3&#8243; css=&#8221;.vc_custom_1567085535892{margin-bottom: 30px !important;}&#8221;]<div class=\"vcex-spacing wpex-w-100 wpex-clear\" style=\"height:45px;\"><\/div>[vc_column_text css=&#8221;.vc_custom_1727280082742{margin-bottom: 20px !important;}&#8221;]\n<h4>Protezione giuridica dei datori di lavoro<\/h4>\n<p>Questa assicurazione copre gli onorari degli avvocati e le spese giudiziarie fino a CHF 100&#8217;000 per causa. Non c&#8217;\u00e8 un importo minimo in controversia, nessuna franchigia e nessun periodo di attesa. Questa assicurazione viene stipulata per datore di lavoro.<\/p>\n<p><strong>Quanto costa questa assicurazione?<\/strong><\/p>\n<ul>\n<li>Tassa d&#8217;assicurazione una tantum: CHF 35.00 per anno civile.<\/li>\n<li>Pi\u00f9 un bonus pari allo 0,6% del salario lordo fatturato.<\/li>\n<\/ul>\n[\/vc_column_text]<a href=\"https:\/\/quitt.ch\/wp-content\/uploads\/quitt_AVB_DE.pdf\" class=\"vcex-button theme-button inline\" title=\"Versicherungsbedingungen\" target=\"_blank\" rel=\"noopener noreferrer\"><span class=\"vcex-button-inner theme-button-inner wpex-flex wpex-flex-wrap wpex-items-center wpex-justify-center\"><span class=\"vcex-button-icon vcex-icon-wrap theme-button-icon-left\"><span class=\"wpex-icon\" aria-hidden=\"true\"><svg xmlns=\"http:\/\/www.w3.org\/2000\/svg\" viewBox=\"0 0 384 512\"><path d=\"M169.4 470.6c12.5 12.5 32.8 12.5 45.3 0l160-160c12.5-12.5 12.5-32.8 0-45.3s-32.8-12.5-45.3 0L224 370.8 224 64c0-17.7-14.3-32-32-32s-32 14.3-32 32l0 306.7L54.6 265.4c-12.5-12.5-32.8-12.5-45.3 0s-12.5 32.8 0 45.3l160 160z\"\/><\/svg><\/span><\/span>Assicurazione <\/span><\/a> [\/vc_column][\/vc_row][vc_row][vc_column][\/vc_column][\/vc_row]\n<\/div>","protected":false},"excerpt":{"rendered":"<p>[vc_row css=&#8221;.vc_custom_1567085484660{margin-bottom: 50px !important;}&#8221;][vc_column][vc_column_text el_class=&#8221;zwischentitel&#8221;] Il nostro servizio in dettaglio [\/vc_column_text][vc_column_text css=&#8221;.vc_custom_1666007577094{padding-top: 10px !important;}&#8221; responsive_text_min_max=&#8221;18px|20px&#8221;] Su misura per le vostre esigenze, mettiamo insieme il nostro servizio individualmente per voi. [\/vc_column_text][\/vc_column][\/vc_row][vc_row][vc_column width=&#8221;1\/3&#8243; css=&#8221;.vc_custom_1567085509414{margin-bottom: 30px !important;}&#8221;][vc_single_image image=&#8221;16846&#8243; img_size=&#8221;60&#215;60&#8243; el_class=&#8221;icon-service&#8221;][vc_column_text] Registrazione presso tutte le autorit\u00e0 coinvolte Se assumi una collaboratrice domestica, in qualit\u00e0 di datore di lavoro privato&hellip;<\/p>\n","protected":false},"author":17,"featured_media":0,"parent":0,"menu_order":0,"comment_status":"closed","ping_status":"closed","template":"","meta":{"inline_featured_image":false,"footnotes":""},"class_list":["post-157168","page","type-page","status-publish","hentry","entry","no-media"],"yoast_head":"<!-- This site is optimized with the Yoast SEO Premium plugin v26.5 (Yoast SEO v26.5) - https:\/\/yoast.com\/wordpress\/plugins\/seo\/ -->\n<title>quitt. Cosa ti offriamo con la ricevuta. Servizio?<\/title>\n<meta name=\"description\" content=\"Qui troverai i servizi quitt spiegati in dettaglio. Con il nostro servizio, il vostro aiuto domestico non comporta alcuna burocrazia aggiuntiva.\" \/>\n<meta name=\"robots\" content=\"index, follow, max-snippet:-1, max-image-preview:large, max-video-preview:-1\" \/>\n<link rel=\"canonical\" href=\"https:\/\/quitt.ch\/it\/servizio-quitt\/\" \/>\n<meta property=\"og:locale\" content=\"it_IT\" \/>\n<meta property=\"og:type\" content=\"article\" \/>\n<meta property=\"og:title\" content=\"Servizio quitt\" \/>\n<meta property=\"og:description\" content=\"Qui troverai i servizi quitt spiegati in dettaglio. Con il nostro servizio, il vostro aiuto domestico non comporta alcuna burocrazia aggiuntiva.\" \/>\n<meta property=\"og:url\" content=\"https:\/\/quitt.ch\/it\/servizio-quitt\/\" \/>\n<meta property=\"og:site_name\" content=\"quitt.\" \/>\n<meta property=\"article:publisher\" content=\"https:\/\/www.facebook.com\/quitt.ch\/\" \/>\n<meta property=\"article:modified_time\" content=\"2025-03-14T14:14:58+00:00\" \/>\n<meta name=\"twitter:card\" content=\"summary_large_image\" \/>\n<meta name=\"twitter:site\" content=\"@quittCH\" \/>\n<meta name=\"twitter:label1\" content=\"Tempo di lettura stimato\" \/>\n\t<meta name=\"twitter:data1\" content=\"8 minuti\" \/>\n<script type=\"application\/ld+json\" class=\"yoast-schema-graph\">{\"@context\":\"https:\/\/schema.org\",\"@graph\":[{\"@type\":\"WebPage\",\"@id\":\"https:\/\/quitt.ch\/it\/servizio-quitt\/\",\"url\":\"https:\/\/quitt.ch\/it\/servizio-quitt\/\",\"name\":\"quitt. Cosa ti offriamo con la ricevuta. Servizio?\",\"isPartOf\":{\"@id\":\"https:\/\/quitt.ch\/#website\"},\"datePublished\":\"2024-09-06T09:55:58+00:00\",\"dateModified\":\"2025-03-14T14:14:58+00:00\",\"description\":\"Qui troverai i servizi quitt spiegati in dettaglio. Con il nostro servizio, il vostro aiuto domestico non comporta alcuna burocrazia aggiuntiva.\",\"breadcrumb\":{\"@id\":\"https:\/\/quitt.ch\/it\/servizio-quitt\/#breadcrumb\"},\"inLanguage\":\"it-IT\",\"potentialAction\":[{\"@type\":\"ReadAction\",\"target\":[\"https:\/\/quitt.ch\/it\/servizio-quitt\/\"]}]},{\"@type\":\"BreadcrumbList\",\"@id\":\"https:\/\/quitt.ch\/it\/servizio-quitt\/#breadcrumb\",\"itemListElement\":[{\"@type\":\"ListItem\",\"position\":1,\"name\":\"Home\",\"item\":\"https:\/\/quitt.ch\/it\/\"},{\"@type\":\"ListItem\",\"position\":2,\"name\":\"Servizio quitt\"}]},{\"@type\":\"WebSite\",\"@id\":\"https:\/\/quitt.ch\/#website\",\"url\":\"https:\/\/quitt.ch\/\",\"name\":\"quitt\",\"description\":\"Einfach richtig anstellen - Haushaltshilfen versichern und Lohn abrechnen.\",\"publisher\":{\"@id\":\"https:\/\/quitt.ch\/#organization\"},\"potentialAction\":[{\"@type\":\"SearchAction\",\"target\":{\"@type\":\"EntryPoint\",\"urlTemplate\":\"https:\/\/quitt.ch\/?s={search_term_string}\"},\"query-input\":{\"@type\":\"PropertyValueSpecification\",\"valueRequired\":true,\"valueName\":\"search_term_string\"}}],\"inLanguage\":\"it-IT\"},{\"@type\":\"Organization\",\"@id\":\"https:\/\/quitt.ch\/#organization\",\"name\":\"quitt. - ServiceHunterAG\",\"url\":\"https:\/\/quitt.ch\/\",\"logo\":{\"@type\":\"ImageObject\",\"inLanguage\":\"it-IT\",\"@id\":\"https:\/\/quitt.ch\/#\/schema\/logo\/image\/\",\"url\":\"https:\/\/quitt.ch\/wp-content\/uploads\/quitt._Profilbild_LinkedIn.jpg\",\"contentUrl\":\"https:\/\/quitt.ch\/wp-content\/uploads\/quitt._Profilbild_LinkedIn.jpg\",\"width\":170,\"height\":170,\"caption\":\"quitt. - ServiceHunterAG\"},\"image\":{\"@id\":\"https:\/\/quitt.ch\/#\/schema\/logo\/image\/\"},\"sameAs\":[\"https:\/\/www.facebook.com\/quitt.ch\/\",\"https:\/\/x.com\/quittCH\",\"https:\/\/www.linkedin.com\/company\/servicehunter-ag-quitt-ch\",\"https:\/\/de.pinterest.com\/quittch\/\",\"https:\/\/www.youtube.com\/channel\/UCjwpajpPPM9ZzZQ0QbAtliQ\"]}]}<\/script>\n<!-- \/ Yoast SEO Premium plugin. -->","yoast_head_json":{"title":"quitt. Cosa ti offriamo con la ricevuta. Servizio?","description":"Qui troverai i servizi quitt spiegati in dettaglio. Con il nostro servizio, il vostro aiuto domestico non comporta alcuna burocrazia aggiuntiva.","robots":{"index":"index","follow":"follow","max-snippet":"max-snippet:-1","max-image-preview":"max-image-preview:large","max-video-preview":"max-video-preview:-1"},"canonical":"https:\/\/quitt.ch\/it\/servizio-quitt\/","og_locale":"it_IT","og_type":"article","og_title":"Servizio quitt","og_description":"Qui troverai i servizi quitt spiegati in dettaglio. Con il nostro servizio, il vostro aiuto domestico non comporta alcuna burocrazia aggiuntiva.","og_url":"https:\/\/quitt.ch\/it\/servizio-quitt\/","og_site_name":"quitt.","article_publisher":"https:\/\/www.facebook.com\/quitt.ch\/","article_modified_time":"2025-03-14T14:14:58+00:00","twitter_card":"summary_large_image","twitter_site":"@quittCH","twitter_misc":{"Tempo di lettura stimato":"8 minuti"},"schema":{"@context":"https:\/\/schema.org","@graph":[{"@type":"WebPage","@id":"https:\/\/quitt.ch\/it\/servizio-quitt\/","url":"https:\/\/quitt.ch\/it\/servizio-quitt\/","name":"quitt. Cosa ti offriamo con la ricevuta. Servizio?","isPartOf":{"@id":"https:\/\/quitt.ch\/#website"},"datePublished":"2024-09-06T09:55:58+00:00","dateModified":"2025-03-14T14:14:58+00:00","description":"Qui troverai i servizi quitt spiegati in dettaglio. Con il nostro servizio, il vostro aiuto domestico non comporta alcuna burocrazia aggiuntiva.","breadcrumb":{"@id":"https:\/\/quitt.ch\/it\/servizio-quitt\/#breadcrumb"},"inLanguage":"it-IT","potentialAction":[{"@type":"ReadAction","target":["https:\/\/quitt.ch\/it\/servizio-quitt\/"]}]},{"@type":"BreadcrumbList","@id":"https:\/\/quitt.ch\/it\/servizio-quitt\/#breadcrumb","itemListElement":[{"@type":"ListItem","position":1,"name":"Home","item":"https:\/\/quitt.ch\/it\/"},{"@type":"ListItem","position":2,"name":"Servizio quitt"}]},{"@type":"WebSite","@id":"https:\/\/quitt.ch\/#website","url":"https:\/\/quitt.ch\/","name":"quitt","description":"Einfach richtig anstellen - Haushaltshilfen versichern und Lohn abrechnen.","publisher":{"@id":"https:\/\/quitt.ch\/#organization"},"potentialAction":[{"@type":"SearchAction","target":{"@type":"EntryPoint","urlTemplate":"https:\/\/quitt.ch\/?s={search_term_string}"},"query-input":{"@type":"PropertyValueSpecification","valueRequired":true,"valueName":"search_term_string"}}],"inLanguage":"it-IT"},{"@type":"Organization","@id":"https:\/\/quitt.ch\/#organization","name":"quitt. - ServiceHunterAG","url":"https:\/\/quitt.ch\/","logo":{"@type":"ImageObject","inLanguage":"it-IT","@id":"https:\/\/quitt.ch\/#\/schema\/logo\/image\/","url":"https:\/\/quitt.ch\/wp-content\/uploads\/quitt._Profilbild_LinkedIn.jpg","contentUrl":"https:\/\/quitt.ch\/wp-content\/uploads\/quitt._Profilbild_LinkedIn.jpg","width":170,"height":170,"caption":"quitt. - ServiceHunterAG"},"image":{"@id":"https:\/\/quitt.ch\/#\/schema\/logo\/image\/"},"sameAs":["https:\/\/www.facebook.com\/quitt.ch\/","https:\/\/x.com\/quittCH","https:\/\/www.linkedin.com\/company\/servicehunter-ag-quitt-ch","https:\/\/de.pinterest.com\/quittch\/","https:\/\/www.youtube.com\/channel\/UCjwpajpPPM9ZzZQ0QbAtliQ"]}]}},"_links":{"self":[{"href":"https:\/\/quitt.ch\/it\/wp-json\/wp\/v2\/pages\/157168","targetHints":{"allow":["GET"]}}],"collection":[{"href":"https:\/\/quitt.ch\/it\/wp-json\/wp\/v2\/pages"}],"about":[{"href":"https:\/\/quitt.ch\/it\/wp-json\/wp\/v2\/types\/page"}],"author":[{"embeddable":true,"href":"https:\/\/quitt.ch\/it\/wp-json\/wp\/v2\/users\/17"}],"replies":[{"embeddable":true,"href":"https:\/\/quitt.ch\/it\/wp-json\/wp\/v2\/comments?post=157168"}],"version-history":[{"count":13,"href":"https:\/\/quitt.ch\/it\/wp-json\/wp\/v2\/pages\/157168\/revisions"}],"predecessor-version":[{"id":159419,"href":"https:\/\/quitt.ch\/it\/wp-json\/wp\/v2\/pages\/157168\/revisions\/159419"}],"wp:attachment":[{"href":"https:\/\/quitt.ch\/it\/wp-json\/wp\/v2\/media?parent=157168"}],"curies":[{"name":"wp","href":"https:\/\/api.w.org\/{rel}","templated":true}]}}