{"id":29402,"date":"2017-02-15T09:51:34","date_gmt":"2017-02-15T08:51:34","guid":{"rendered":"https:\/\/quitt.ch\/gesucht-putzfrau\/"},"modified":"2023-03-15T10:46:59","modified_gmt":"2023-03-15T09:46:59","slug":"cherche-femme-de-menage","status":"publish","type":"page","link":"https:\/\/quitt.ch\/fr\/cherche-femme-de-menage\/","title":{"rendered":"Cherche femme de m\u00e9nage"},"content":{"rendered":"<div class=\"wpb-content-wrapper\">[vc_row full_height=\u00a0\u00bbyes\u00a0\u00bb][vc_column width=\u00a0\u00bb1\/4&Prime;][\/vc_column][vc_column width=\u00a0\u00bb1\/2&Prime;][vc_single_image image=\u00a0\u00bb151193&Prime; alignment=\u00a0\u00bbcenter\u00a0\u00bb]<div class=\"vcex-spacing wpex-w-100 wpex-clear\"><\/div>[vc_column_text]\n<h1 style=\"text-align: center;\">service abandonn\u00e9<\/h1>\n[\/vc_column_text]<div class=\"vcex-spacing wpex-w-100 wpex-clear\"><\/div>[vc_column_text]\n<p style=\"text-align: center;\">Selon la d\u00e9cision du Secr\u00e9tariat d&rsquo;Etat \u00e0 l&rsquo;\u00e9conomie (SECO), les entreprises qui se chargent de l&rsquo;administration des rapports de travail ne peuvent pas en m\u00eame temps aider \u00e0 la recherche d&#8217;emploi. C&rsquo;est pourquoi la loi nous oblige \u00e0 mettre fin \u00e0 ce service.<\/p>\n[\/vc_column_text]<div class=\"vcex-spacing wpex-w-100 wpex-clear\"><\/div><style>.vcex-button.vcex_69d71e5c699d4{background:#fffa3e;color:#000000!important;}.vcex-button.vcex_69d71e5c699d4:hover{background:#f1ea00!important;color:#000000!important;}<\/style><div class=\"theme-button-wrap textcenter wpex-clr\"><a href=\"http:\/\/quitt.ch\/fr\" class=\"vcex-button theme-button align-center inline vcex_69d71e5c699d4\"><span class=\"vcex-button-inner theme-button-inner wpex-flex wpex-flex-wrap wpex-items-center wpex-justify-center\">RETOUR \u00c0 QUITT<\/span><\/a><\/div> [\/vc_column][vc_column width=\u00a0\u00bb1\/4&Prime;][\/vc_column][\/vc_row]\n<\/div>","protected":false},"excerpt":{"rendered":"<p>[vc_row full_height=\u00a0\u00bbyes\u00a0\u00bb][vc_column width=\u00a0\u00bb1\/4&Prime;][\/vc_column][vc_column width=\u00a0\u00bb1\/2&Prime;][vc_single_image image=\u00a0\u00bb151193&Prime; alignment=\u00a0\u00bbcenter\u00a0\u00bb][vc_column_text] service abandonn\u00e9 [\/vc_column_text][vc_column_text] Selon la d\u00e9cision du Secr\u00e9tariat d&rsquo;Etat \u00e0 l&rsquo;\u00e9conomie (SECO), les entreprises qui se chargent de l&rsquo;administration des rapports de travail ne peuvent pas en m\u00eame temps aider \u00e0 la recherche d&#8217;emploi. C&rsquo;est pourquoi la loi nous oblige \u00e0 mettre fin \u00e0 ce service. [\/vc_column_text][\/vc_column][vc_column width=\u00a0\u00bb1\/4&Prime;][\/vc_column][\/vc_row]<\/p>\n","protected":false},"author":17,"featured_media":0,"parent":0,"menu_order":0,"comment_status":"closed","ping_status":"closed","template":"","meta":{"inline_featured_image":false,"footnotes":""},"class_list":["post-29402","page","type-page","status-publish","hentry","entry","no-media"],"yoast_head":"<!-- This site is optimized with the Yoast SEO Premium plugin v26.5 (Yoast SEO v26.5) - https:\/\/yoast.com\/wordpress\/plugins\/seo\/ -->\n<title>Trouvez des femmes de m\u00e9nage agr\u00e9\u00e9es. Le service est s\u00e9rieux et gratuit.<\/title>\n<meta name=\"description\" content=\"Cherche femme de m\u00e9nage. Contact gratuit entre l&#039;aide m\u00e9nag\u00e8re et l&#039;employeur. quitt. le N\u00b0 1 pour l&#039;enregistrement et l&#039;administration.\" \/>\n<meta name=\"robots\" content=\"index, follow, max-snippet:-1, max-image-preview:large, max-video-preview:-1\" \/>\n<link rel=\"canonical\" href=\"https:\/\/quitt.ch\/fr\/cherche-femme-de-menage\/\" \/>\n<meta property=\"og:locale\" content=\"fr_FR\" \/>\n<meta property=\"og:type\" content=\"article\" \/>\n<meta property=\"og:title\" content=\"Cherche femme de m\u00e9nage\" \/>\n<meta property=\"og:description\" content=\"Cherche femme de m\u00e9nage. Contact gratuit entre l&#039;aide m\u00e9nag\u00e8re et l&#039;employeur. quitt. le N\u00b0 1 pour l&#039;enregistrement et l&#039;administration.\" \/>\n<meta property=\"og:url\" content=\"https:\/\/quitt.ch\/fr\/cherche-femme-de-menage\/\" \/>\n<meta property=\"og:site_name\" content=\"quitt.\" \/>\n<meta property=\"article:publisher\" content=\"https:\/\/www.facebook.com\/quitt.ch\/\" \/>\n<meta property=\"article:modified_time\" content=\"2023-03-15T09:46:59+00:00\" \/>\n<meta name=\"twitter:card\" content=\"summary_large_image\" \/>\n<meta name=\"twitter:site\" content=\"@quittCH\" \/>\n<meta name=\"twitter:label1\" content=\"Dur\u00e9e de lecture estim\u00e9e\" \/>\n\t<meta name=\"twitter:data1\" content=\"1 minute\" \/>\n<script type=\"application\/ld+json\" class=\"yoast-schema-graph\">{\"@context\":\"https:\/\/schema.org\",\"@graph\":[{\"@type\":\"WebPage\",\"@id\":\"https:\/\/quitt.ch\/fr\/cherche-femme-de-menage\/\",\"url\":\"https:\/\/quitt.ch\/fr\/cherche-femme-de-menage\/\",\"name\":\"Trouvez des femmes de m\u00e9nage agr\u00e9\u00e9es. Le service est s\u00e9rieux et gratuit.\",\"isPartOf\":{\"@id\":\"https:\/\/quitt.ch\/#website\"},\"datePublished\":\"2017-02-15T08:51:34+00:00\",\"dateModified\":\"2023-03-15T09:46:59+00:00\",\"description\":\"Cherche femme de m\u00e9nage. Contact gratuit entre l'aide m\u00e9nag\u00e8re et l'employeur. quitt. le N\u00b0 1 pour l'enregistrement et l'administration.\",\"breadcrumb\":{\"@id\":\"https:\/\/quitt.ch\/fr\/cherche-femme-de-menage\/#breadcrumb\"},\"inLanguage\":\"fr-FR\",\"potentialAction\":[{\"@type\":\"ReadAction\",\"target\":[\"https:\/\/quitt.ch\/fr\/cherche-femme-de-menage\/\"]}]},{\"@type\":\"BreadcrumbList\",\"@id\":\"https:\/\/quitt.ch\/fr\/cherche-femme-de-menage\/#breadcrumb\",\"itemListElement\":[{\"@type\":\"ListItem\",\"position\":1,\"name\":\"Home\",\"item\":\"https:\/\/quitt.ch\/fr\/\"},{\"@type\":\"ListItem\",\"position\":2,\"name\":\"Cherche femme de m\u00e9nage\"}]},{\"@type\":\"WebSite\",\"@id\":\"https:\/\/quitt.ch\/#website\",\"url\":\"https:\/\/quitt.ch\/\",\"name\":\"quitt\",\"description\":\"Einfach richtig anstellen - Haushaltshilfen versichern und Lohn abrechnen.\",\"publisher\":{\"@id\":\"https:\/\/quitt.ch\/#organization\"},\"potentialAction\":[{\"@type\":\"SearchAction\",\"target\":{\"@type\":\"EntryPoint\",\"urlTemplate\":\"https:\/\/quitt.ch\/?s={search_term_string}\"},\"query-input\":{\"@type\":\"PropertyValueSpecification\",\"valueRequired\":true,\"valueName\":\"search_term_string\"}}],\"inLanguage\":\"fr-FR\"},{\"@type\":\"Organization\",\"@id\":\"https:\/\/quitt.ch\/#organization\",\"name\":\"quitt. - ServiceHunterAG\",\"url\":\"https:\/\/quitt.ch\/\",\"logo\":{\"@type\":\"ImageObject\",\"inLanguage\":\"fr-FR\",\"@id\":\"https:\/\/quitt.ch\/#\/schema\/logo\/image\/\",\"url\":\"https:\/\/quitt.ch\/wp-content\/uploads\/quitt._Profilbild_LinkedIn.jpg\",\"contentUrl\":\"https:\/\/quitt.ch\/wp-content\/uploads\/quitt._Profilbild_LinkedIn.jpg\",\"width\":170,\"height\":170,\"caption\":\"quitt. - ServiceHunterAG\"},\"image\":{\"@id\":\"https:\/\/quitt.ch\/#\/schema\/logo\/image\/\"},\"sameAs\":[\"https:\/\/www.facebook.com\/quitt.ch\/\",\"https:\/\/x.com\/quittCH\",\"https:\/\/www.linkedin.com\/company\/servicehunter-ag-quitt-ch\",\"https:\/\/de.pinterest.com\/quittch\/\",\"https:\/\/www.youtube.com\/channel\/UCjwpajpPPM9ZzZQ0QbAtliQ\"]}]}<\/script>\n<!-- \/ Yoast SEO Premium plugin. -->","yoast_head_json":{"title":"Trouvez des femmes de m\u00e9nage agr\u00e9\u00e9es. Le service est s\u00e9rieux et gratuit.","description":"Cherche femme de m\u00e9nage. Contact gratuit entre l'aide m\u00e9nag\u00e8re et l'employeur. quitt. le N\u00b0 1 pour l'enregistrement et l'administration.","robots":{"index":"index","follow":"follow","max-snippet":"max-snippet:-1","max-image-preview":"max-image-preview:large","max-video-preview":"max-video-preview:-1"},"canonical":"https:\/\/quitt.ch\/fr\/cherche-femme-de-menage\/","og_locale":"fr_FR","og_type":"article","og_title":"Cherche femme de m\u00e9nage","og_description":"Cherche femme de m\u00e9nage. Contact gratuit entre l'aide m\u00e9nag\u00e8re et l'employeur. quitt. le N\u00b0 1 pour l'enregistrement et l'administration.","og_url":"https:\/\/quitt.ch\/fr\/cherche-femme-de-menage\/","og_site_name":"quitt.","article_publisher":"https:\/\/www.facebook.com\/quitt.ch\/","article_modified_time":"2023-03-15T09:46:59+00:00","twitter_card":"summary_large_image","twitter_site":"@quittCH","twitter_misc":{"Dur\u00e9e de lecture estim\u00e9e":"1 minute"},"schema":{"@context":"https:\/\/schema.org","@graph":[{"@type":"WebPage","@id":"https:\/\/quitt.ch\/fr\/cherche-femme-de-menage\/","url":"https:\/\/quitt.ch\/fr\/cherche-femme-de-menage\/","name":"Trouvez des femmes de m\u00e9nage agr\u00e9\u00e9es. Le service est s\u00e9rieux et gratuit.","isPartOf":{"@id":"https:\/\/quitt.ch\/#website"},"datePublished":"2017-02-15T08:51:34+00:00","dateModified":"2023-03-15T09:46:59+00:00","description":"Cherche femme de m\u00e9nage. Contact gratuit entre l'aide m\u00e9nag\u00e8re et l'employeur. quitt. le N\u00b0 1 pour l'enregistrement et l'administration.","breadcrumb":{"@id":"https:\/\/quitt.ch\/fr\/cherche-femme-de-menage\/#breadcrumb"},"inLanguage":"fr-FR","potentialAction":[{"@type":"ReadAction","target":["https:\/\/quitt.ch\/fr\/cherche-femme-de-menage\/"]}]},{"@type":"BreadcrumbList","@id":"https:\/\/quitt.ch\/fr\/cherche-femme-de-menage\/#breadcrumb","itemListElement":[{"@type":"ListItem","position":1,"name":"Home","item":"https:\/\/quitt.ch\/fr\/"},{"@type":"ListItem","position":2,"name":"Cherche femme de m\u00e9nage"}]},{"@type":"WebSite","@id":"https:\/\/quitt.ch\/#website","url":"https:\/\/quitt.ch\/","name":"quitt","description":"Einfach richtig anstellen - Haushaltshilfen versichern und Lohn abrechnen.","publisher":{"@id":"https:\/\/quitt.ch\/#organization"},"potentialAction":[{"@type":"SearchAction","target":{"@type":"EntryPoint","urlTemplate":"https:\/\/quitt.ch\/?s={search_term_string}"},"query-input":{"@type":"PropertyValueSpecification","valueRequired":true,"valueName":"search_term_string"}}],"inLanguage":"fr-FR"},{"@type":"Organization","@id":"https:\/\/quitt.ch\/#organization","name":"quitt. - ServiceHunterAG","url":"https:\/\/quitt.ch\/","logo":{"@type":"ImageObject","inLanguage":"fr-FR","@id":"https:\/\/quitt.ch\/#\/schema\/logo\/image\/","url":"https:\/\/quitt.ch\/wp-content\/uploads\/quitt._Profilbild_LinkedIn.jpg","contentUrl":"https:\/\/quitt.ch\/wp-content\/uploads\/quitt._Profilbild_LinkedIn.jpg","width":170,"height":170,"caption":"quitt. - ServiceHunterAG"},"image":{"@id":"https:\/\/quitt.ch\/#\/schema\/logo\/image\/"},"sameAs":["https:\/\/www.facebook.com\/quitt.ch\/","https:\/\/x.com\/quittCH","https:\/\/www.linkedin.com\/company\/servicehunter-ag-quitt-ch","https:\/\/de.pinterest.com\/quittch\/","https:\/\/www.youtube.com\/channel\/UCjwpajpPPM9ZzZQ0QbAtliQ"]}]}},"_links":{"self":[{"href":"https:\/\/quitt.ch\/fr\/wp-json\/wp\/v2\/pages\/29402","targetHints":{"allow":["GET"]}}],"collection":[{"href":"https:\/\/quitt.ch\/fr\/wp-json\/wp\/v2\/pages"}],"about":[{"href":"https:\/\/quitt.ch\/fr\/wp-json\/wp\/v2\/types\/page"}],"author":[{"embeddable":true,"href":"https:\/\/quitt.ch\/fr\/wp-json\/wp\/v2\/users\/17"}],"replies":[{"embeddable":true,"href":"https:\/\/quitt.ch\/fr\/wp-json\/wp\/v2\/comments?post=29402"}],"version-history":[{"count":50,"href":"https:\/\/quitt.ch\/fr\/wp-json\/wp\/v2\/pages\/29402\/revisions"}],"predecessor-version":[{"id":151198,"href":"https:\/\/quitt.ch\/fr\/wp-json\/wp\/v2\/pages\/29402\/revisions\/151198"}],"wp:attachment":[{"href":"https:\/\/quitt.ch\/fr\/wp-json\/wp\/v2\/media?parent=29402"}],"curies":[{"name":"wp","href":"https:\/\/api.w.org\/{rel}","templated":true}]}}