{"id":16722,"date":"2019-08-30T17:51:31","date_gmt":"2019-08-30T15:51:31","guid":{"rendered":"https:\/\/quitt.ch\/?page_id=16722"},"modified":"2025-03-14T15:10:39","modified_gmt":"2025-03-14T14:10:39","slug":"service-quitt","status":"publish","type":"page","link":"https:\/\/quitt.ch\/fr\/service-quitt\/","title":{"rendered":"Service quitt"},"content":{"rendered":"<div class=\"wpb-content-wrapper\">[vc_row css=\u00a0\u00bb.vc_custom_1567085484660{margin-bottom: 50px !important;}\u00a0\u00bb][vc_column]<div class=\"vcex-spacing wpex-w-100 wpex-clear\" style=\"height:10vh;\"><\/div>[vc_column_text el_class=\u00a0\u00bbzwischentitel\u00a0\u00bb]\n<h2>Notre service quitt en d\u00e9tail<\/h2>\n[\/vc_column_text][vc_column_text css=\u00a0\u00bb.vc_custom_1689602999274{padding-top: 10px !important;}\u00a0\u00bb responsive_text_min_max=\u00a0\u00bb18px|20px\u00a0\u00bb]\n<p style=\"text-align: left;\">En fonction de vos besoins, nous vous proposons un service quitt personnalis\u00e9.<\/p>\n[\/vc_column_text][\/vc_column][\/vc_row][vc_row][vc_column width=\u00a0\u00bb1\/3&Prime; css=\u00a0\u00bb.vc_custom_1567085509414{margin-bottom: 30px !important;}\u00a0\u00bb]<div class=\"vcex-spacing wpex-w-100 wpex-clear\" style=\"height:20px;\"><\/div>[vc_single_image image=\u00a0\u00bb16846&Prime; img_size=\u00a0\u00bb60&#215;60&Prime; el_class=\u00a0\u00bbicon-service\u00a0\u00bb]<div class=\"vcex-spacing wpex-w-100 wpex-clear\" style=\"height:20px;\"><\/div>[vc_column_text]\n<h4><strong>Enregistrement aupr\u00e8s de toutes les administrations comp\u00e9tentes<\/strong><\/h4>\n<p>Si vous employez du personnel de maison, vous \u00eates tenu en tant qu\u2019employeur priv\u00e9 de verser des cotisations aux assurances sociales aupr\u00e8s de la caisse de compensation de votre canton. quitt enregistre automatiquement les employeurs et employ\u00e9s aupr\u00e8s de ces administrations et d\u00e9cide, sur la base des indications fournies, de la proc\u00e9dure de d\u00e9compte ad\u00e9quate.<\/p>\n<p>Les revenus des employ\u00e9s \u00e9trangers sont soumis \u00e0 l\u2019imp\u00f4t \u00e0 la source. \u00c0 l\u2019aide de quelques questions, quitt d\u00e9termine si votre employ\u00e9 de maison est soumis au pr\u00e9l\u00e8vement de l\u2019imp\u00f4t \u00e0 la source. Si tel est le cas, quitt enregistre automatiquement votre employ\u00e9 de maison aupr\u00e8s de l\u2019administration fiscale cantonale comp\u00e9tente et transmet \u00e0 celle-ci toutes les informations n\u00e9cessaires concernant la situation professionnelle et personnelle de votre employ\u00e9.<\/p>\n<p>Si le contrat de travail d\u00e9finit un salaire brut sup\u00e9rieur \u00e0 CHF 1&rsquo;890 par mois ou CHF 22&rsquo;680 par ann\u00e9e, l\u2019employeur a l\u2019obligation d\u2019inscrire son employ\u00e9 \u00e0 la pr\u00e9voyance professionnelle (LPP \/ 2e pilier) aupr\u00e8s d\u2019une caisse de pension. Dans ce cadre, quitt travaille en partenariat avec la caisse de pension Valitas Compacta. Si le salaire se situe au-dessus de la limite LPP, quitt inscrit automatiquement votre employ\u00e9 aupr\u00e8s de Valitas Compacta.<\/p>\n<p>quitt se charge pour vous de l\u2019ensemble de la communication et de la correspondance avec les administrations pr\u00e9c\u00e9demment mentionn\u00e9es.[\/vc_column_text]<div class=\"vcex-spacing wpex-w-100 wpex-clear\" style=\"height:20px;\"><\/div>[\/vc_column][vc_column width=\u00a0\u00bb1\/3&Prime; css=\u00a0\u00bb.vc_custom_1567085514783{margin-bottom: 30px !important;}\u00a0\u00bb]<div class=\"vcex-spacing wpex-w-100 wpex-clear\" style=\"height:20px;\"><\/div>[vc_single_image image=\u00a0\u00bb16858&Prime; img_size=\u00a0\u00bb60&#215;60&Prime; el_class=\u00a0\u00bbicon-service\u00a0\u00bb]<div class=\"vcex-spacing wpex-w-100 wpex-clear\" style=\"height:20px;\"><\/div>[vc_column_text]\n<h4><strong>Souscription de l\u2019assurance-accidents obligatoire<\/strong><\/h4>\n<p>En Suisse, tous les employ\u00e9s doivent obligatoirement \u00eatre assur\u00e9s contre les accidents professionnels (AAP) par leur employeur. D\u00e8s 8 heures de travail par semaine, l\u2019assurance-accidents non professionnels (AANP) est \u00e9galement obligatoire. Les co\u00fbts de l\u2019AAP sont support\u00e9s par l\u2019employeur, ceux de l\u2019AANP par l\u2019employ\u00e9.<\/p>\n<p>quitt souscrit cette assurance obligatoire pour chaque employ\u00e9 de maison en votre nom aupr\u00e8s de Baloise Assurances. D\u00e8s le troisi\u00e8me jour suivant l\u2019accident, la LAA se charge du maintien de paiement du salaire \u00e0 hauteur de 80% du salaire brut. Si un \u00e9v\u00e9nement se produit, quitt. se charge de la gestion du sinistre, communique avec les partenaires d\u2019assurance et s\u2019occupe du versement des \u00e9ventuelles indemnit\u00e9s journali\u00e8res.<\/p>\n<p>La prime d\u2019assurance AAP s\u2019\u00e9l\u00e8ve actuellement \u00e0 0.42% du salaire brut d\u00e9compt\u00e9 et la prime d\u2019assurance ANP s\u2019\u00e9l\u00e8ve \u00e0 1.24% du salaire brut d\u00e9compt\u00e9. quitt facture automatiquement les primes dans le d\u00e9compte de salaire mensuel.[\/vc_column_text]<div class=\"vcex-spacing wpex-w-100 wpex-clear\" style=\"height:20px;\"><\/div>[\/vc_column][vc_column width=\u00a0\u00bb1\/3&Prime; css=\u00a0\u00bb.vc_custom_1567085519527{margin-bottom: 30px !important;}\u00a0\u00bb]<div class=\"vcex-spacing wpex-w-100 wpex-clear\" style=\"height:20px;\"><\/div>[vc_single_image image=\u00a0\u00bb16823&Prime; img_size=\u00a0\u00bb60&#215;60&Prime; el_class=\u00a0\u00bbicon-service\u00a0\u00bb]<div class=\"vcex-spacing wpex-w-100 wpex-clear\" style=\"height:20px;\"><\/div>[vc_column_text]\n<h4><strong>D\u00e9compte de salaire mensuel et certificat de salaire annuel<\/strong><\/h4>\n<p>Sur la base des indications fournies, quitt met \u00e0 disposition dans votre compte client un d\u00e9compte de salaire exact ainsi qu\u2019une vue d\u2019ensemble des charges d\u2019employeur, pour chacun de vos employ\u00e9s.<\/p>\n<p>Les cotisations sociales obligatoires AVS, AI, APG, AC et CAF sont calcul\u00e9es sur la base du salaire brut. Si votre employ\u00e9 est soumis \u00e0 l\u2019imp\u00f4t \u00e0 la source ou est inscrit aupr\u00e8s de la caisse de pension Valitas Compacta, le bar\u00e8me d\u2019imposition \u00e0 la source ainsi que les cotisations d\u2019\u00e9pargne figurent \u00e9galement dans le d\u00e9compte de salaire.<\/p>\n<p>Les primes d\u2019assurance pour l\u2019assurance-accidents professionnels, \u00e9ventuellement l\u2019assurance-accidents non professionnels et les assurances compl\u00e9mentaires choisies, sont \u00e9galement int\u00e9gr\u00e9es dans le d\u00e9compte de salaire. Si des prestations d\u2019assurance (indemnit\u00e9s journali\u00e8res), allocations familiales ou allocations de maternit\u00e9 sont vers\u00e9es, quitt tient compte de ces paiements dans les d\u00e9comptes de salaires correspondants.<\/p>\n<p>Le certificat de salaire annuel certifie \u00e0 l\u2019employ\u00e9 le salaire vers\u00e9, ainsi que l\u2019ensemble des retenues sur salaire, cotisations d\u2019\u00e9pargne et frais \u00e9ventuels. Le formulaire correspondant peut \u00eatre t\u00e9l\u00e9charg\u00e9 par l\u2019employeur dans l\u2019espace client et doit \u00eatre joint par l\u2019employ\u00e9 \u00e0 sa d\u00e9claration d\u2019imp\u00f4t annuelle.[\/vc_column_text]<div class=\"vcex-spacing wpex-w-100 wpex-clear\" style=\"height:20px;\"><\/div>[\/vc_column][\/vc_row][vc_row css=\u00a0\u00bb.vc_custom_1567771916235{margin-bottom: 100px !important;}\u00a0\u00bb][vc_column width=\u00a0\u00bb1\/3&Prime; css=\u00a0\u00bb.vc_custom_1567771862610{margin-bottom: 30px !important;}\u00a0\u00bb min_height=\u00a0\u00bb10 px\u00a0\u00bb]<div class=\"vcex-spacing wpex-w-100 wpex-clear\" style=\"height:20px;\"><\/div>[vc_single_image image=\u00a0\u00bb16865&Prime; img_size=\u00a0\u00bb60&#215;60&Prime; css_animation=\u00a0\u00bbnone\u00a0\u00bb el_class=\u00a0\u00bbicon-service\u00a0\u00bb]<div class=\"vcex-spacing wpex-w-100 wpex-clear\" style=\"height:20px;\"><\/div>[vc_column_text]\n<h4><strong>Contrat de travail en bonne et due forme<\/strong><\/h4>\n<p>\u00c0 l\u2019aide de quelques questions simples, vous \u00e9tablissez en ligne le contrat de travail de votre employ\u00e9 de maison. Les r\u00e9glementations obligatoires des contrats types de travail cantonaux sont ici prises en compte.<\/p>\n<p>Vous pouvez t\u00e9l\u00e9charger le contrat de travail au format PDF \u2013 vous \u00eates libre de l\u2019utiliser et de l\u2019adapter selon vos besoins.<\/p>\n<p>Sur la base des indications fournies, quitt calcule les co\u00fbts salariaux exacts et configure votre compte my.quitt personnel.[\/vc_column_text]<div class=\"vcex-spacing wpex-w-100 wpex-clear\" style=\"height:20px;\"><\/div>[\/vc_column][vc_column width=\u00a0\u00bb1\/3&Prime; css=\u00a0\u00bb.vc_custom_1567085530776{margin-bottom: 30px !important;}\u00a0\u00bb]<div class=\"vcex-spacing wpex-w-100 wpex-clear\" style=\"height:20px;\"><\/div>[vc_single_image image=\u00a0\u00bb16829&Prime; img_size=\u00a0\u00bb60&#215;60&Prime; el_class=\u00a0\u00bbicon-service\u00a0\u00bb]<div class=\"vcex-spacing wpex-w-100 wpex-clear\" style=\"height:20px;\"><\/div>[vc_column_text]\n<h4><strong>D\u00e9compte de toutes les cotisations sociales et primes d\u2019assurance<\/strong><\/h4>\n<p>quitt d\u00e9clare pour chaque employeur tous les salaires bruts d\u00e9compt\u00e9s par ann\u00e9e civile en janvier de l\u2019ann\u00e9e suivante aupr\u00e8s de ces institutions:<\/p>\n<ul>\n<li>Contributions sociales \u00e0 la caisse de compensation cantonale<\/li>\n<li>Imp\u00f4t \u00e0 la source \u00e0 l\u2019administration fiscale cantonale<\/li>\n<li>Cotisations d\u2019\u00e9pargne \u00e0 la caisse de pension Valitas Compacta<\/li>\n<li>Primes d\u2019assurance \u00e0 Baloise Assurances<\/li>\n<\/ul>\n<p>quitt r\u00e8gle ensuite toutes les factures aupr\u00e8s de ces institutions, clarifie les \u00e9ventuelles divergences et s\u2019assure que toutes les dispositions l\u00e9gales sont remplies.[\/vc_column_text]<div class=\"vcex-spacing wpex-w-100 wpex-clear\" style=\"height:20px;\"><\/div>[\/vc_column][vc_column width=\u00a0\u00bb1\/3&Prime; css=\u00a0\u00bb.vc_custom_1567085535892{margin-bottom: 30px !important;}\u00a0\u00bb]<div class=\"vcex-spacing wpex-w-100 wpex-clear\" style=\"height:20px;\"><\/div>[vc_single_image image=\u00a0\u00bb16852&Prime; img_size=\u00a0\u00bb60&#215;60&Prime; el_class=\u00a0\u00bbicon-service\u00a0\u00bb]<div class=\"vcex-spacing wpex-w-100 wpex-clear\" style=\"height:20px;\"><\/div>[vc_column_text]\n<h4><strong>Service client personnalis\u00e9 et mod\u00e8les de documents<\/strong><\/h4>\n<p>Pour toute question ou demande de pr\u00e9cision, vous pouvez choisir la mani\u00e8re dont vous souhaitez que quitt vous contacte. Notre service client se tient \u00e0 votre disposition par e-mail \u00e0 l\u2019adresse <a href=\"mailto:support@quitt.ch\">support@quitt.ch<\/a> ou par t\u00e9l\u00e9phone au num\u00e9ro 043 505 18 02, du lundi au vendredi pendant les heures d\u2019ouverture.<\/p>\n<p>Vous trouverez les r\u00e9ponses aux questions les plus fr\u00e9quentes dans notre <a href=\"https:\/\/quitt.zendesk.com\/hc\/fr-ch\" target=\"_blank\" rel=\"noopener noreferrer\">Helpcenter.<\/a>\u00a0Dans votre espace client personnel, vous trouverez \u00e9galement des mod\u00e8les de documents pratiques pour votre embauche, par ex. pour r\u00e9diger une r\u00e9siliation de contrat, une attestation ou une remise de cl\u00e9.[\/vc_column_text]<div class=\"vcex-spacing wpex-w-100 wpex-clear\" style=\"height:20px;\"><\/div>[\/vc_column][\/vc_row][vc_row css=\u00a0\u00bb.vc_custom_1567085484660{margin-bottom: 50px !important;}\u00a0\u00bb][vc_column][vc_raw_html el_class=\u00a0\u00bbanchor\u00a0\u00bb]JTNDc3BhbiUyMGlkJTNEJTIyYXNzdXJhbmNlcyUyMiUzRSUzQyUyRnNwYW4lM0U=[\/vc_raw_html][vc_column_text el_class=\u00a0\u00bbzwischentitel\u00a0\u00bb]\n<h2>Nos assurances compl\u00e9mentaires<\/h2>\n[\/vc_column_text][\/vc_column][\/vc_row][vc_row css=\u00a0\u00bb.vc_custom_1567101437312{margin-bottom: 50px !important;}\u00a0\u00bb][vc_column width=\u00a0\u00bb1\/3&Prime; css=\u00a0\u00bb.vc_custom_1567085525603{margin-bottom: 30px !important;}\u00a0\u00bb]<div class=\"vcex-spacing wpex-w-100 wpex-clear hidden-phone\" style=\"height:45px;\"><\/div>[vc_column_text css=\u00a0\u00bb.vc_custom_1741961438121{margin-bottom: 20px !important;}\u00a0\u00bb]\n<h4>Assurance indemnit\u00e9s journali\u00e8res en cas de maladie<\/h4>\n<p>Cette assurance prend en charge votre obligation de maintien de paiement du salaire et prot\u00e8ge votre employ\u00e9 d\u2019une perte de salaire lors d\u2019une maladie. En cas de maladie, apr\u00e8s un d\u00e9lai d\u2019attente de 30 jours, 80% du salaire sont vers\u00e9s pendant maximum 2 ans.<\/p>\n<p><strong> Combien co\u00fbte cette assurance?<\/strong><\/p>\n<ul>\n<li>Frais de service uniques: CHF 49.00 par ann\u00e9e civile.<\/li>\n<li>plus prime d\u2019assurance de 2.30% du salaire brut d\u00e9compt\u00e9.<\/li>\n<li>La prime d\u2019assurance est pay\u00e9e \u00e0 hauteur de 50% par l\u2019employeur et 50% par l\u2019employ\u00e9. Conditions d\u2019assurance<\/li>\n<\/ul>\n[\/vc_column_text]<a href=\"https:\/\/quitt.ch\/wp-content\/uploads\/CG_KTG_f.pdf\" class=\"vcex-button theme-button inline\" title=\"Conditions des assurances\" target=\"_blank\" rel=\"noopener noreferrer\"><span class=\"vcex-button-inner theme-button-inner wpex-flex wpex-flex-wrap wpex-items-center wpex-justify-center\"><span class=\"vcex-button-icon vcex-icon-wrap theme-button-icon-left\"><span class=\"wpex-icon\" aria-hidden=\"true\"><svg xmlns=\"http:\/\/www.w3.org\/2000\/svg\" viewBox=\"0 0 384 512\"><path d=\"M169.4 470.6c12.5 12.5 32.8 12.5 45.3 0l160-160c12.5-12.5 12.5-32.8 0-45.3s-32.8-12.5-45.3 0L224 370.8 224 64c0-17.7-14.3-32-32-32s-32 14.3-32 32l0 306.7L54.6 265.4c-12.5-12.5-32.8-12.5-45.3 0s-12.5 32.8 0 45.3l160 160z\"\/><\/svg><\/span><\/span>Conditions des assurances<\/span><\/a> [\/vc_column][vc_column width=\u00a0\u00bb1\/3&Prime; css=\u00a0\u00bb.vc_custom_1567085530776{margin-bottom: 30px !important;}\u00a0\u00bb]<div class=\"vcex-spacing wpex-w-100 wpex-clear hidden-phone\" style=\"height:45px;\"><\/div>[vc_column_text css=\u00a0\u00bb.vc_custom_1598001483868{margin-bottom: 20px !important;}\u00a0\u00bb]\n<h4>Casco m\u00e9nage<\/h4>\n[\/vc_column_text]<div class=\"vcex-spacing wpex-w-100 wpex-clear visible-desktop\" style=\"height:18px;\"><\/div>[vc_column_text css=\u00a0\u00bb.vc_custom_1689602891439{margin-bottom: 20px !important;}\u00a0\u00bb]Cette assurance couvre tous les dommages caus\u00e9s \u00e0 l&rsquo;inventaire du m\u00e9nage pendant l&rsquo;activit\u00e9 de votre aide au m\u00e9nage. L&rsquo;inventaire du m\u00e9nage comprend les objets mobiles tels que les meubles et les appareils \u00e9lectroniques (aide-m\u00e9moire : objets emport\u00e9s lors d&rsquo;un d\u00e9m\u00e9nagement). Les escaliers, les portes, les sols ou les meubles fixes sont consid\u00e9r\u00e9s comme des \u00e9l\u00e9ments du b\u00e2timent et ne sont pas inclus dans la protection. Les frais de r\u00e9paration ou de remplacement sont rembours\u00e9s \u00e0 hauteur de CHF 3&rsquo;000 maximum par \u00e9v\u00e9nement, mais au plus \u00e0 la valeur \u00e0 neuf. La franchise par sinistre est de CHF 50.<\/p>\n<p><strong>Combien co\u00fbte cette assurance?<\/strong><\/p>\n<ul>\n<li>Frais de service uniques: CHF 19.00 par ann\u00e9e civile.<\/li>\n<li>plus prime d\u2019assurance de 0.9% du salaire brut d\u00e9compt\u00e9. Conditions d\u2019assurance<\/li>\n<\/ul>\n[\/vc_column_text]<a href=\"https:\/\/quitt.ch\/wp-content\/uploads\/insurance_conditions_householdInsurance_fr-1.pdf\" class=\"vcex-button theme-button inline\" title=\"Conditions des assurances\" target=\"_blank\" rel=\"noopener noreferrer\"><span class=\"vcex-button-inner theme-button-inner wpex-flex wpex-flex-wrap wpex-items-center wpex-justify-center\"><span class=\"vcex-button-icon vcex-icon-wrap theme-button-icon-left\"><span class=\"wpex-icon\" aria-hidden=\"true\"><svg xmlns=\"http:\/\/www.w3.org\/2000\/svg\" viewBox=\"0 0 384 512\"><path d=\"M169.4 470.6c12.5 12.5 32.8 12.5 45.3 0l160-160c12.5-12.5 12.5-32.8 0-45.3s-32.8-12.5-45.3 0L224 370.8 224 64c0-17.7-14.3-32-32-32s-32 14.3-32 32l0 306.7L54.6 265.4c-12.5-12.5-32.8-12.5-45.3 0s-12.5 32.8 0 45.3l160 160z\"\/><\/svg><\/span><\/span>Conditions des assurances<\/span><\/a> [\/vc_column][vc_column width=\u00a0\u00bb1\/3&Prime; css=\u00a0\u00bb.vc_custom_1567085535892{margin-bottom: 30px !important;}\u00a0\u00bb]<div class=\"vcex-spacing wpex-w-100 wpex-clear\" style=\"height:45px;\"><\/div>[vc_column_text css=\u00a0\u00bb.vc_custom_1689603127153{margin-bottom: 20px !important;}\u00a0\u00bb]\n<h4>Protection juridique pour employeur<\/h4>\n<p>Cette assurance prend en charge les frais d\u2019avocat et de justice jusqu\u2019\u00e0 CHF 100\u2019000 par cas. Sans valeur litigieuse minimale, ni franchise, ni d\u00e9lai d\u2019attente. Cette assurance est souscrite une seule fois par l\u2019employeur.<\/p>\n<p><strong> Combien co\u00fbte cette assurance?<\/strong><\/p>\n<ul>\n<li>Frais d\u2019assurance uniques: CHF 35.00 par ann\u00e9e civile.<\/li>\n<li>plus prime d\u2019assurance de 0.6% du salaire brut d\u00e9compt\u00e9.<\/li>\n<\/ul>\n[\/vc_column_text]<a href=\"https:\/\/quitt.ch\/wp-content\/uploads\/quitt_CGA_FR.pdf\" class=\"vcex-button theme-button inline\" title=\"Conditions des assurances\" target=\"_blank\" rel=\"noopener noreferrer\"><span class=\"vcex-button-inner theme-button-inner wpex-flex wpex-flex-wrap wpex-items-center wpex-justify-center\"><span class=\"vcex-button-icon vcex-icon-wrap theme-button-icon-left\"><span class=\"wpex-icon\" aria-hidden=\"true\"><svg xmlns=\"http:\/\/www.w3.org\/2000\/svg\" viewBox=\"0 0 384 512\"><path d=\"M169.4 470.6c12.5 12.5 32.8 12.5 45.3 0l160-160c12.5-12.5 12.5-32.8 0-45.3s-32.8-12.5-45.3 0L224 370.8 224 64c0-17.7-14.3-32-32-32s-32 14.3-32 32l0 306.7L54.6 265.4c-12.5-12.5-32.8-12.5-45.3 0s-12.5 32.8 0 45.3l160 160z\"\/><\/svg><\/span><\/span>Conditions des assurances<\/span><\/a> [\/vc_column][\/vc_row]\n<\/div>","protected":false},"excerpt":{"rendered":"<p>[vc_row css=\u00a0\u00bb.vc_custom_1567085484660{margin-bottom: 50px !important;}\u00a0\u00bb][vc_column][vc_column_text el_class=\u00a0\u00bbzwischentitel\u00a0\u00bb] Notre service quitt en d\u00e9tail [\/vc_column_text][vc_column_text css=\u00a0\u00bb.vc_custom_1689602999274{padding-top: 10px !important;}\u00a0\u00bb responsive_text_min_max=\u00a0\u00bb18px|20px\u00a0\u00bb] En fonction de vos besoins, nous vous proposons un service quitt personnalis\u00e9. [\/vc_column_text][\/vc_column][\/vc_row][vc_row][vc_column width=\u00a0\u00bb1\/3&Prime; css=\u00a0\u00bb.vc_custom_1567085509414{margin-bottom: 30px !important;}\u00a0\u00bb][vc_single_image image=\u00a0\u00bb16846&Prime; img_size=\u00a0\u00bb60&#215;60&Prime; el_class=\u00a0\u00bbicon-service\u00a0\u00bb][vc_column_text] Enregistrement aupr\u00e8s de toutes les administrations comp\u00e9tentes Si vous employez du personnel de maison, vous \u00eates tenu en tant qu\u2019employeur&hellip;<\/p>\n","protected":false},"author":17,"featured_media":0,"parent":0,"menu_order":0,"comment_status":"closed","ping_status":"closed","template":"","meta":{"inline_featured_image":false,"footnotes":""},"class_list":["post-16722","page","type-page","status-publish","hentry","entry","no-media"],"yoast_head":"<!-- This site is optimized with the Yoast SEO Premium plugin v26.5 (Yoast SEO v26.5) - https:\/\/yoast.com\/wordpress\/plugins\/seo\/ -->\n<title>Service quitt - quitt<\/title>\n<meta name=\"description\" content=\"En fonction de vos besoins, nous vous proposons un quitt.Service personnalis\u00e9.\" \/>\n<meta name=\"robots\" content=\"index, follow, max-snippet:-1, max-image-preview:large, max-video-preview:-1\" \/>\n<link rel=\"canonical\" href=\"https:\/\/quitt.ch\/fr\/service-quitt\/\" \/>\n<meta property=\"og:locale\" content=\"fr_FR\" \/>\n<meta property=\"og:type\" content=\"article\" \/>\n<meta property=\"og:title\" content=\"Service quitt\" \/>\n<meta property=\"og:description\" content=\"En fonction de vos besoins, nous vous proposons un quitt.Service personnalis\u00e9.\" \/>\n<meta property=\"og:url\" content=\"https:\/\/quitt.ch\/fr\/service-quitt\/\" \/>\n<meta property=\"og:site_name\" content=\"quitt.\" \/>\n<meta property=\"article:publisher\" content=\"https:\/\/www.facebook.com\/quitt.ch\/\" \/>\n<meta property=\"article:modified_time\" content=\"2025-03-14T14:10:39+00:00\" \/>\n<meta name=\"twitter:card\" content=\"summary_large_image\" \/>\n<meta name=\"twitter:site\" content=\"@quittCH\" \/>\n<meta name=\"twitter:label1\" content=\"Dur\u00e9e de lecture estim\u00e9e\" \/>\n\t<meta name=\"twitter:data1\" content=\"9 minutes\" \/>\n<script type=\"application\/ld+json\" class=\"yoast-schema-graph\">{\"@context\":\"https:\/\/schema.org\",\"@graph\":[{\"@type\":\"WebPage\",\"@id\":\"https:\/\/quitt.ch\/fr\/service-quitt\/\",\"url\":\"https:\/\/quitt.ch\/fr\/service-quitt\/\",\"name\":\"Service quitt - quitt\",\"isPartOf\":{\"@id\":\"https:\/\/quitt.ch\/#website\"},\"datePublished\":\"2019-08-30T15:51:31+00:00\",\"dateModified\":\"2025-03-14T14:10:39+00:00\",\"description\":\"En fonction de vos besoins, nous vous proposons un quitt.Service personnalis\u00e9.\",\"breadcrumb\":{\"@id\":\"https:\/\/quitt.ch\/fr\/service-quitt\/#breadcrumb\"},\"inLanguage\":\"fr-FR\",\"potentialAction\":[{\"@type\":\"ReadAction\",\"target\":[\"https:\/\/quitt.ch\/fr\/service-quitt\/\"]}]},{\"@type\":\"BreadcrumbList\",\"@id\":\"https:\/\/quitt.ch\/fr\/service-quitt\/#breadcrumb\",\"itemListElement\":[{\"@type\":\"ListItem\",\"position\":1,\"name\":\"Home\",\"item\":\"https:\/\/quitt.ch\/fr\/\"},{\"@type\":\"ListItem\",\"position\":2,\"name\":\"Service quitt\"}]},{\"@type\":\"WebSite\",\"@id\":\"https:\/\/quitt.ch\/#website\",\"url\":\"https:\/\/quitt.ch\/\",\"name\":\"quitt\",\"description\":\"Einfach richtig anstellen - Haushaltshilfen versichern und Lohn abrechnen.\",\"publisher\":{\"@id\":\"https:\/\/quitt.ch\/#organization\"},\"potentialAction\":[{\"@type\":\"SearchAction\",\"target\":{\"@type\":\"EntryPoint\",\"urlTemplate\":\"https:\/\/quitt.ch\/?s={search_term_string}\"},\"query-input\":{\"@type\":\"PropertyValueSpecification\",\"valueRequired\":true,\"valueName\":\"search_term_string\"}}],\"inLanguage\":\"fr-FR\"},{\"@type\":\"Organization\",\"@id\":\"https:\/\/quitt.ch\/#organization\",\"name\":\"quitt. - ServiceHunterAG\",\"url\":\"https:\/\/quitt.ch\/\",\"logo\":{\"@type\":\"ImageObject\",\"inLanguage\":\"fr-FR\",\"@id\":\"https:\/\/quitt.ch\/#\/schema\/logo\/image\/\",\"url\":\"https:\/\/quitt.ch\/wp-content\/uploads\/quitt._Profilbild_LinkedIn.jpg\",\"contentUrl\":\"https:\/\/quitt.ch\/wp-content\/uploads\/quitt._Profilbild_LinkedIn.jpg\",\"width\":170,\"height\":170,\"caption\":\"quitt. - ServiceHunterAG\"},\"image\":{\"@id\":\"https:\/\/quitt.ch\/#\/schema\/logo\/image\/\"},\"sameAs\":[\"https:\/\/www.facebook.com\/quitt.ch\/\",\"https:\/\/x.com\/quittCH\",\"https:\/\/www.linkedin.com\/company\/servicehunter-ag-quitt-ch\",\"https:\/\/de.pinterest.com\/quittch\/\",\"https:\/\/www.youtube.com\/channel\/UCjwpajpPPM9ZzZQ0QbAtliQ\"]}]}<\/script>\n<!-- \/ Yoast SEO Premium plugin. -->","yoast_head_json":{"title":"Service quitt - quitt","description":"En fonction de vos besoins, nous vous proposons un quitt.Service personnalis\u00e9.","robots":{"index":"index","follow":"follow","max-snippet":"max-snippet:-1","max-image-preview":"max-image-preview:large","max-video-preview":"max-video-preview:-1"},"canonical":"https:\/\/quitt.ch\/fr\/service-quitt\/","og_locale":"fr_FR","og_type":"article","og_title":"Service quitt","og_description":"En fonction de vos besoins, nous vous proposons un quitt.Service personnalis\u00e9.","og_url":"https:\/\/quitt.ch\/fr\/service-quitt\/","og_site_name":"quitt.","article_publisher":"https:\/\/www.facebook.com\/quitt.ch\/","article_modified_time":"2025-03-14T14:10:39+00:00","twitter_card":"summary_large_image","twitter_site":"@quittCH","twitter_misc":{"Dur\u00e9e de lecture estim\u00e9e":"9 minutes"},"schema":{"@context":"https:\/\/schema.org","@graph":[{"@type":"WebPage","@id":"https:\/\/quitt.ch\/fr\/service-quitt\/","url":"https:\/\/quitt.ch\/fr\/service-quitt\/","name":"Service quitt - quitt","isPartOf":{"@id":"https:\/\/quitt.ch\/#website"},"datePublished":"2019-08-30T15:51:31+00:00","dateModified":"2025-03-14T14:10:39+00:00","description":"En fonction de vos besoins, nous vous proposons un quitt.Service personnalis\u00e9.","breadcrumb":{"@id":"https:\/\/quitt.ch\/fr\/service-quitt\/#breadcrumb"},"inLanguage":"fr-FR","potentialAction":[{"@type":"ReadAction","target":["https:\/\/quitt.ch\/fr\/service-quitt\/"]}]},{"@type":"BreadcrumbList","@id":"https:\/\/quitt.ch\/fr\/service-quitt\/#breadcrumb","itemListElement":[{"@type":"ListItem","position":1,"name":"Home","item":"https:\/\/quitt.ch\/fr\/"},{"@type":"ListItem","position":2,"name":"Service quitt"}]},{"@type":"WebSite","@id":"https:\/\/quitt.ch\/#website","url":"https:\/\/quitt.ch\/","name":"quitt","description":"Einfach richtig anstellen - Haushaltshilfen versichern und Lohn abrechnen.","publisher":{"@id":"https:\/\/quitt.ch\/#organization"},"potentialAction":[{"@type":"SearchAction","target":{"@type":"EntryPoint","urlTemplate":"https:\/\/quitt.ch\/?s={search_term_string}"},"query-input":{"@type":"PropertyValueSpecification","valueRequired":true,"valueName":"search_term_string"}}],"inLanguage":"fr-FR"},{"@type":"Organization","@id":"https:\/\/quitt.ch\/#organization","name":"quitt. - ServiceHunterAG","url":"https:\/\/quitt.ch\/","logo":{"@type":"ImageObject","inLanguage":"fr-FR","@id":"https:\/\/quitt.ch\/#\/schema\/logo\/image\/","url":"https:\/\/quitt.ch\/wp-content\/uploads\/quitt._Profilbild_LinkedIn.jpg","contentUrl":"https:\/\/quitt.ch\/wp-content\/uploads\/quitt._Profilbild_LinkedIn.jpg","width":170,"height":170,"caption":"quitt. - ServiceHunterAG"},"image":{"@id":"https:\/\/quitt.ch\/#\/schema\/logo\/image\/"},"sameAs":["https:\/\/www.facebook.com\/quitt.ch\/","https:\/\/x.com\/quittCH","https:\/\/www.linkedin.com\/company\/servicehunter-ag-quitt-ch","https:\/\/de.pinterest.com\/quittch\/","https:\/\/www.youtube.com\/channel\/UCjwpajpPPM9ZzZQ0QbAtliQ"]}]}},"_links":{"self":[{"href":"https:\/\/quitt.ch\/fr\/wp-json\/wp\/v2\/pages\/16722","targetHints":{"allow":["GET"]}}],"collection":[{"href":"https:\/\/quitt.ch\/fr\/wp-json\/wp\/v2\/pages"}],"about":[{"href":"https:\/\/quitt.ch\/fr\/wp-json\/wp\/v2\/types\/page"}],"author":[{"embeddable":true,"href":"https:\/\/quitt.ch\/fr\/wp-json\/wp\/v2\/users\/17"}],"replies":[{"embeddable":true,"href":"https:\/\/quitt.ch\/fr\/wp-json\/wp\/v2\/comments?post=16722"}],"version-history":[{"count":27,"href":"https:\/\/quitt.ch\/fr\/wp-json\/wp\/v2\/pages\/16722\/revisions"}],"predecessor-version":[{"id":159414,"href":"https:\/\/quitt.ch\/fr\/wp-json\/wp\/v2\/pages\/16722\/revisions\/159414"}],"wp:attachment":[{"href":"https:\/\/quitt.ch\/fr\/wp-json\/wp\/v2\/media?parent=16722"}],"curies":[{"name":"wp","href":"https:\/\/api.w.org\/{rel}","templated":true}]}}