{"id":16696,"date":"2019-08-30T17:41:32","date_gmt":"2019-08-30T15:41:32","guid":{"rendered":"https:\/\/quitt.ch\/?page_id=16696"},"modified":"2026-03-31T09:56:00","modified_gmt":"2026-03-31T07:56:00","slug":"jobs","status":"publish","type":"page","link":"https:\/\/quitt.ch\/fr\/jobs\/","title":{"rendered":"Emplois"},"content":{"rendered":"<div class=\"wpb-content-wrapper\">[vc_row][vc_column][vc_column_text]\n[\/vc_column_text][\/vc_column][\/vc_row][vc_row][vc_column]<div class=\"vcex-spacing wpex-w-100 wpex-clear hidden-phone\" style=\"height:160px;\"><\/div>[\/vc_column][\/vc_row][vc_row content_placement=\u00a0\u00bbmiddle\u00a0\u00bb column_spacing=\u00a0\u00bb20&Prime; gap=\u00a0\u00bb35&Prime;][vc_column width=\u00a0\u00bb1\/2&Prime;][vc_column_text]\n<h1 style=\"text-align: left;\"><span style=\"color: #3e43ff;\">L&#8217;emploi \u00e9quitable.<br \/>\n<\/span>\u00e9galement avec nous.<\/h1>\n[\/vc_column_text]<div class=\"vcex-spacing wpex-w-100 wpex-clear\" style=\"height:16px;\"><\/div>[vc_column_text]Rejoignez une <a href=\"https:\/\/quitt.ch\/fr\/team\/\">\u00e9quipe<\/a> jeune et dynamique qui bouleverse le secteur de l&#8217;embauche gr\u00e2ce \u00e0 une application innovante.[\/vc_column_text][\/vc_column][vc_column width=\u00a0\u00bb1\/2&Prime;][vc_single_image image=\u00a0\u00bb155141&Prime; alignment=\u00a0\u00bbcenter\u00a0\u00bb][\/vc_column][\/vc_row][vc_row][vc_column]<div class=\"vcex-spacing wpex-w-100 wpex-clear hidden-phone\" style=\"height:160px;\"><\/div><div class=\"vcex-spacing wpex-w-100 wpex-clear visible-phone\" style=\"height:80px;\"><\/div>[\/vc_column][\/vc_row][vc_row][vc_column][vc_row_inner][vc_column_inner width=\u00a0\u00bb1\/3&Prime;][vc_raw_html]JTNDaW1nJTIwc3JjJTNEJTIyaHR0cHMlM0ElMkYlMkZxdWl0dC5jaCUyRndwLWNvbnRlbnQlMkZ1cGxvYWRzJTJGc3RhcnR1cC5zdmclMjIlMjBzdHlsZSUzRCUyMmhlaWdodCUzQSUyMDQ4cHglM0IlMjIlM0U=[\/vc_raw_html]<div class=\"vcex-spacing wpex-w-100 wpex-clear\" style=\"height:16px;\"><\/div>[vc_column_text]<strong>Startup-Vibe<\/strong>[\/vc_column_text][vc_column_text]Ressens l&rsquo;\u00e9lan de la start-up qui donne des ailes \u00e0 tes id\u00e9es. Construis l&rsquo;avenir avec une \u00e9quipe qui appr\u00e9cie ta cr\u00e9ativit\u00e9.[\/vc_column_text]<div class=\"vcex-spacing wpex-w-100 wpex-clear visible-phone\" style=\"height:40px;\"><\/div>[\/vc_column_inner][vc_column_inner width=\u00a0\u00bb1\/3&Prime;][vc_raw_html]JTNDaW1nJTIwc3JjJTNEJTIyaHR0cHMlM0ElMkYlMkZxdWl0dC5jaCUyRndwLWNvbnRlbnQlMkZ1cGxvYWRzJTJGR3JvdXAtMTIuc3ZnJTIyJTIwc3R5bGUlM0QlMjJoZWlnaHQlM0ElMjA0OHB4JTNCJTIyJTNF[\/vc_raw_html]<div class=\"vcex-spacing wpex-w-100 wpex-clear\" style=\"height:16px;\"><\/div>[vc_column_text]<strong>Prends tes responsabilit\u00e9s<\/strong>[\/vc_column_text][vc_column_text]Participe \u00e0 des projets importants, prends la direction des op\u00e9rations et constate les r\u00e9sultats directs de ton travail.[\/vc_column_text]<div class=\"vcex-spacing wpex-w-100 wpex-clear visible-phone\" style=\"height:40px;\"><\/div>[\/vc_column_inner][vc_column_inner width=\u00a0\u00bb1\/3&Prime;][vc_raw_html]JTNDaW1nJTIwc3JjJTNEJTIyaHR0cHMlM0ElMkYlMkZxdWl0dC5jaCUyRndwLWNvbnRlbnQlMkZ1cGxvYWRzJTJGaG91cmx5LTEuc3ZnJTIyJTIwc3R5bGUlM0QlMjJoZWlnaHQlM0ElMjA0OHB4JTNCJTIyJTNF[\/vc_raw_html]<div class=\"vcex-spacing wpex-w-100 wpex-clear\" style=\"height:16px;\"><\/div>[vc_column_text]<strong>Travail flexible<\/strong>[\/vc_column_text][vc_column_text]Profite de possibilit\u00e9s de travail flexibles : Bureau \u00e0 domicile ou bureau central &#8211; c&rsquo;est toi qui d\u00e9cides ![\/vc_column_text]<div class=\"vcex-spacing wpex-w-100 wpex-clear visible-phone\" style=\"height:40px;\"><\/div>[\/vc_column_inner][\/vc_row_inner]<div class=\"vcex-spacing wpex-w-100 wpex-clear\" style=\"height:80px;\"><\/div>[vc_row_inner][vc_column_inner width=\u00a0\u00bb1\/3&Prime;][vc_raw_html]JTNDaW1nJTIwc3JjJTNEJTIyaHR0cHMlM0ElMkYlMkZxdWl0dC5jaCUyRndwLWNvbnRlbnQlMkZ1cGxvYWRzJTJGdGVhbS5zdmclMjIlMjBzdHlsZSUzRCUyMmhlaWdodCUzQSUyMDQ4cHglM0IlMjIlM0U=[\/vc_raw_html]<div class=\"vcex-spacing wpex-w-100 wpex-clear\" style=\"height:16px;\"><\/div>[vc_column_text]<strong>Have fun<\/strong>[\/vc_column_text][vc_column_text]R\u00e9jouis-toi des rencontres r\u00e9guli\u00e8res comme les ap\u00e9ros et les petits d\u00e9jeuners, y compris des \u00e9v\u00e9nements sp\u00e9ciaux comme notre \u00e9v\u00e9nement d&rsquo;\u00e9t\u00e9.[\/vc_column_text]<div class=\"vcex-spacing wpex-w-100 wpex-clear visible-phone\" style=\"height:40px;\"><\/div>[\/vc_column_inner][vc_column_inner width=\u00a0\u00bb1\/3&Prime;][vc_raw_html]JTNDaW1nJTIwc3JjJTNEJTIyaHR0cHMlM0ElMkYlMkZxdWl0dC5jaCUyRndwLWNvbnRlbnQlMkZ1cGxvYWRzJTJGaGFuZHMuc3ZnJTIyJTIwc3R5bGUlM0QlMjJoZWlnaHQlM0ElMjA0OHB4JTNCJTIyJTNF[\/vc_raw_html]<div class=\"vcex-spacing wpex-w-100 wpex-clear\" style=\"height:16px;\"><\/div>[vc_column_text]<strong>Influence sociale<\/strong>[\/vc_column_text][vc_column_text]Travaille avec un sens. Aie un impact social avec chaque t\u00e2che que tu accomplis et aie toujours un bon sentiment.[\/vc_column_text]<div class=\"vcex-spacing wpex-w-100 wpex-clear visible-phone\" style=\"height:40px;\"><\/div>[\/vc_column_inner][vc_column_inner width=\u00a0\u00bb1\/3&Prime;][vc_raw_html]JTNDaW1nJTIwc3JjJTNEJTIyaHR0cHMlM0ElMkYlMkZxdWl0dC5jaCUyRndwLWNvbnRlbnQlMkZ1cGxvYWRzJTJGY2FsY3VsYXRvci0xLnN2ZyUyMiUyMHN0eWxlJTNEJTIyaGVpZ2h0JTNBJTIwNDhweCUzQiUyMiUzRQ==[\/vc_raw_html]<div class=\"vcex-spacing wpex-w-100 wpex-clear\" style=\"height:16px;\"><\/div>[vc_column_text]<strong>Latte, pay day, hooray!<\/strong>[\/vc_column_text][vc_column_text]Salaire comp\u00e9titif et autant de caf\u00e9, de th\u00e9 et de snacks que tu veux. Tout est \u00e0 notre charge.[\/vc_column_text]<div class=\"vcex-spacing wpex-w-100 wpex-clear visible-phone\" style=\"height:40px;\"><\/div>[\/vc_column_inner][\/vc_row_inner][\/vc_column][\/vc_row][vc_row][vc_column]<div class=\"vcex-spacing wpex-w-100 wpex-clear\" style=\"height:15vh;\"><\/div>[vc_column_text]\n<h2 style=\"text-align: center;\">Nos valeurs fondamentales.<br \/>\nD\u00e9finies par les personnes.<\/h2>\n[\/vc_column_text]<div class=\"vcex-spacing wpex-w-100 wpex-clear\" style=\"height:64px;\"><\/div>[vc_row_inner][vc_column_inner width=\u00a0\u00bb1\/4&Prime;][vc_column_text el_class=\u00a0\u00bbvalue-box\u00a0\u00bb]\n<p style=\"text-align: center;\"><strong>Authenticit\u00e9<\/strong><br \/>\n\u00catre fid\u00e8le \u00e0 soi-m\u00eame<\/p>\n[\/vc_column_text]<div class=\"vcex-spacing wpex-w-100 wpex-clear visible-phone\" style=\"height:40px;\"><\/div>[\/vc_column_inner][vc_column_inner width=\u00a0\u00bb1\/4&Prime;][vc_column_text el_class=\u00a0\u00bbvalue-box\u00a0\u00bb]\n<p style=\"text-align: center;\"><strong>Engagement<\/strong><br \/>\nD\u00e9vou\u00e9 dans tout ce que tu fais<\/p>\n[\/vc_column_text]<div class=\"vcex-spacing wpex-w-100 wpex-clear visible-phone\" style=\"height:40px;\"><\/div>[\/vc_column_inner][vc_column_inner width=\u00a0\u00bb1\/4&Prime;][vc_column_text el_class=\u00a0\u00bbvalue-box\u00a0\u00bb]\n<p style=\"text-align: center;\"><strong>Honn\u00eatet\u00e9 &amp;<\/strong><br \/>\n<strong>Ouverture d&rsquo;esprit<\/strong><br \/>\nViens comme tu es et partage ton opinion<\/p>\n[\/vc_column_text]<div class=\"vcex-spacing wpex-w-100 wpex-clear visible-phone\" style=\"height:40px;\"><\/div>[\/vc_column_inner][vc_column_inner width=\u00a0\u00bb1\/4&Prime;][vc_column_text el_class=\u00a0\u00bbvalue-box\u00a0\u00bb]\n<p style=\"text-align: center;\"><strong>Esprit d&rsquo;\u00e9quipe et plaisir<\/strong><br \/>\nAppr\u00e9cies le voyage avec tos coll\u00e8gues.<\/p>\n[\/vc_column_text][\/vc_column_inner][\/vc_row_inner][\/vc_column][\/vc_row][vc_row][vc_column]<div class=\"vcex-spacing wpex-w-100 wpex-clear hidden-phone\" style=\"height:160px;\"><\/div><div class=\"vcex-spacing wpex-w-100 wpex-clear visible-phone\" style=\"height:120px;\"><\/div>[\/vc_column][\/vc_row][vc_row][vc_column width=\u00a0\u00bb1\/6&Prime;][\/vc_column][vc_column width=\u00a0\u00bb2\/3&Prime;][vc_column_text]\n<h2 style=\"text-align: center;\">Nos postes \u00e0 pourvoir<\/h2>\n[\/vc_column_text]<div class=\"vcex-spacing wpex-w-100 wpex-clear\" style=\"height:40px;\"><\/div>[vc_raw_html]JTNDbGluayUyMHJlbCUzRCUyMnN0eWxlc2hlZXQlMjIlMjBocmVmJTNEJTIyaHR0cHMlM0ElMkYlMkZmb250cy5nb29nbGVhcGlzLmNvbSUyRmNzczIlM0ZmYW1pbHklM0RNYXRlcmlhbCUyQlN5bWJvbHMlMkJSb3VuZGVkJTNBb3BzeiUyQ3dnaHQlMkNGSUxMJTJDR1JBRCU0MDIwJTJDNDAwJTJDMCUyQzAlMjIlMjAlMkYlM0UlMEElMEElM0NsaW5rJTIwcmVsJTNEJTIyc3R5bGVzaGVldCUyMiUyMGhyZWYlM0QlMjJodHRwcyUzQSUyRiUyRmZvbnRzLmdvb2dsZWFwaXMuY29tJTJGY3NzMiUzRmZhbWlseSUzRE1hdGVyaWFsJTJCU3ltYm9scyUyQlJvdW5kZWQlM0FvcHN6JTJDd2dodCUyQ0ZJTEwlMkNHUkFEJTQwMjAlMkM0MDAlMkMwJTJDMCUyMiUyMCUyRiUzRSUwQSUwQSUzQ2RpdiUyMGNsYXNzJTNEJTIyam9iLWNhcmQlMjIlMjBzdHlsZSUzRCUyMmJveC1zaGFkb3clM0ElMjAwJTIwNHB4JTIwMTVweCUyMDJweCUyMHJnYmElMjgwJTJDJTIwMCUyQyUyMDAlMkMlMjAwLjE4NSUyOSUzQiUyMGJvcmRlci1yYWRpdXMlM0ElMjAxZW0lM0IlMjBwYWRkaW5nJTNBJTIwMjRweCUzQiUyMiUzRSUwQSUwOSUzQ3AlMjBzdHlsZSUzRCUyMmZvbnQtc2l6ZSUzQSUyMDI0cHglM0IlMjBmb250LXdlaWdodCUzQSUyMGJvbGQlM0IlMjIlM0VDYW5kaWRhdHVyZSUyMHNwb250YW4lQzMlQTllJTNDJTJGcCUzRSUwQSUwOSUzQ3AlMjBjbGFzcyUzRCUyMmpvYi1kZXNjJTIyJTIwc3R5bGUlM0QlMjJmb250LXNpemUlM0ElMjAxNnB4JTNCJTIwbWFyZ2luLXRvcCUzQSUyMDhweCUzQiUyMiUzRVNvdXRpZW5zJTIwbm90cmUlMjAlQzMlQTlxdWlwZSUyMHBvdXIlMjBkZXMlMjBpbnNjcmlwdGlvbnMlMjBudW0lQzMlQTlyaXF1ZXMlMjBldCUyMCVDMyVBOXF1aXRhYmxlcyUyMGQlMjdhaWRlcyUyMG0lQzMlQTluYWclQzMlQThyZXMuJTIwUXVlJTIwY2UlMjBzb2l0JTIwZW4lMjB0YW50JTIwcXVlJTIwY29sbGFib3JhdGV1ciUyOHRyaWNlJTI5JTJDJTIwJUMzJUE5dHVkaWFudCUyOGUlMjklMjBvdSUyMHN0YWdpYWlyZS4lM0MlMkZwJTNFJTBBJTA5JTNDZGl2JTIwc3R5bGUlM0QlMjJkaXNwbGF5JTNBJTIwZmxleCUzQiUyMGZsZXgtZGlyZWN0aW9uJTNBJTIwcm93JTNCJTIwZ2FwJTNBJTIwMTZweCUzQiUyMG1hcmdpbi10b3AlM0ElMjAzMnB4JTNCJTIwanVzdGlmeS1jb250ZW50JTNBJTIwc3BhY2UtYmV0d2VlbiUzQiUyMGZsZXgtd3JhcCUzQSUyMHdyYXAlM0IlMjIlM0UlMEElMjAlMjAlMjAlMjAlM0NkaXYlMjBzdHlsZSUzRCUyMmRpc3BsYXklM0ElMjBmbGV4JTNCJTIwZmxleC1kaXJlY3Rpb24lM0ElMjByb3clM0IlMjBnYXAlM0ElMjAxNnB4JTNCJTIyJTNFJTBBJTA5JTA5JTNDZGl2JTIwc3R5bGUlM0QlMjJkaXNwbGF5JTNBJTIwZmxleCUzQiUyMGZsZXgtZGlyZWN0aW9uJTNBJTIwcm93JTNCJTIwZ2FwJTNBJTIwNHB4JTNCJTIwYm9yZGVyJTNBJTIwc29saWQlMjAxcHglMjBibGFjayUzQiUyMGJvcmRlci1yYWRpdXMlM0ElMjA1MHZoJTNCJTIwcGFkZGluZyUzQSUyMDhweCUyMDI0cHglM0IlMjBqdXN0aWZ5LWNvbnRlbnQlM0ElMjBjZW50ZXIlM0IlMjBhbGlnbi1pdGVtcyUzQSUyMGNlbnRlciUzQiUyMiUzRSUwQSUyMCUyMCUyMCUyMCUyMCUyMCUzQ3NwYW4lMjBjbGFzcyUzRCUyMm1hdGVyaWFsLXN5bWJvbHMtcm91bmRlZCUyMiUzRSUyMGxvY2F0aW9uX29uJTIwJTNDJTJGc3BhbiUzRSUwQSUwOSUwOSUwOSUzQ3AlM0VNdW5pY2glM0MlMkZwJTNFJTBBJTA5JTA5JTNDJTJGZGl2JTNFJTBBJTA5JTA5JTNDZGl2JTIwc3R5bGUlM0QlMjJkaXNwbGF5JTNBJTIwZmxleCUzQiUyMGZsZXgtZGlyZWN0aW9uJTNBJTIwcm93JTNCJTIwZ2FwJTNBJTIwNHB4JTNCJTIwYm9yZGVyJTNBJTIwc29saWQlMjAxcHglMjBibGFjayUzQiUyMGJvcmRlci1yYWRpdXMlM0ElMjA1MHZoJTNCJTIwcGFkZGluZyUzQSUyMDhweCUyMDI0cHglM0IlMjBqdXN0aWZ5LWNvbnRlbnQlM0ElMjBjZW50ZXIlM0IlMjBhbGlnbi1pdGVtcyUzQSUyMGNlbnRlciUzQiUyMiUzRSUwQSUyMCUyMCUyMCUyMCUyMCUyMCUzQ3NwYW4lMjBjbGFzcyUzRCUyMm1hdGVyaWFsLXN5bWJvbHMtcm91bmRlZCUyMiUzRXNjaGVkdWxlJTNDJTJGc3BhbiUzRSUwQSUwOSUwOSUwOSUzQ3AlM0U1MC0xMDAlMjUlM0MlMkZwJTNFJTBBJTA5JTA5JTNDJTJGZGl2JTNFJTBBJTIwJTIwJTIwJTIwJTNDJTJGZGl2JTNFJTBBJTIwJTIwJTIwJTIwJTNDYSUyMGhyZWYlM0QlMjJtYWlsdG8lM0FvZmZpY2UlNDBnby1xdWl0dC5kZSUyMiUyMHN0eWxlJTNEJTIyYmFja2dyb3VuZC1jb2xvciUzQSUyMCUyM0Y0RjRGRiUzQiUyMGNvbG9yJTNBJTIwJTIzM0U0M0ZGJTNCJTIwYm9yZGVyLXJhZGl1cyUzQSUyMDhweCUzQiUyMHBhZGRpbmclM0ElMjA4cHglMjAyNHB4JTNCJTIwZGlzcGxheSUzQSUyMGZsZXglM0IlMjBqdXN0aWZ5LWNvbnRlbnQlM0ElMjBjZW50ZXIlM0IlMjBhbGlnbi1pdGVtcyUzQSUyMGNlbnRlciUzQiUyMHRleHQtZGVjb3JhdGlvbiUzQSUyMG5vbmUlM0IlMjAlMjIlM0VQT1NUVUxFWiUyME1BSU5URU5BTlQlM0MlMkZhJTNFJTBBJTA5JTNDJTJGZGl2JTNFJTBBJTNDJTJGZGl2JTNF[\/vc_raw_html]<div class=\"vcex-spacing wpex-w-100 wpex-clear\" style=\"height:160px;\"><\/div>[\/vc_column][vc_column width=\u00a0\u00bb1\/6&Prime;][\/vc_column][\/vc_row][vc_row][vc_column][vc_column_text]\n[\/vc_column_text][\/vc_column][\/vc_row]\n<\/div>","protected":false},"excerpt":{"rendered":"<p>[vc_row][vc_column][vc_column_text] [\/vc_column_text][\/vc_column][\/vc_row][vc_row][vc_column][\/vc_column][\/vc_row][vc_row content_placement=\u00a0\u00bbmiddle\u00a0\u00bb column_spacing=\u00a0\u00bb20&Prime; gap=\u00a0\u00bb35&Prime;][vc_column width=\u00a0\u00bb1\/2&Prime;][vc_column_text] L&#8217;emploi \u00e9quitable. \u00e9galement avec nous. [\/vc_column_text][vc_column_text]Rejoignez une \u00e9quipe jeune et dynamique qui bouleverse le secteur de l&#8217;embauche gr\u00e2ce \u00e0 une application innovante.[\/vc_column_text][\/vc_column][vc_column width=\u00a0\u00bb1\/2&Prime;][vc_single_image image=\u00a0\u00bb155141&Prime; alignment=\u00a0\u00bbcenter\u00a0\u00bb][\/vc_column][\/vc_row][vc_row][vc_column][\/vc_column][\/vc_row][vc_row][vc_column][vc_row_inner][vc_column_inner width=\u00a0\u00bb1\/3&Prime;][vc_raw_html]JTNDaW1nJTIwc3JjJTNEJTIyaHR0cHMlM0ElMkYlMkZxdWl0dC5jaCUyRndwLWNvbnRlbnQlMkZ1cGxvYWRzJTJGc3RhcnR1cC5zdmclMjIlMjBzdHlsZSUzRCUyMmhlaWdodCUzQSUyMDQ4cHglM0IlMjIlM0U=[\/vc_raw_html][vc_column_text]Startup-Vibe[\/vc_column_text][vc_column_text]Ressens l&rsquo;\u00e9lan de la start-up qui donne des ailes \u00e0 tes id\u00e9es. Construis l&rsquo;avenir avec une \u00e9quipe qui appr\u00e9cie ta cr\u00e9ativit\u00e9.[\/vc_column_text][\/vc_column_inner][vc_column_inner width=\u00a0\u00bb1\/3&Prime;][vc_raw_html]JTNDaW1nJTIwc3JjJTNEJTIyaHR0cHMlM0ElMkYlMkZxdWl0dC5jaCUyRndwLWNvbnRlbnQlMkZ1cGxvYWRzJTJGR3JvdXAtMTIuc3ZnJTIyJTIwc3R5bGUlM0QlMjJoZWlnaHQlM0ElMjA0OHB4JTNCJTIyJTNF[\/vc_raw_html][vc_column_text]Prends tes responsabilit\u00e9s[\/vc_column_text][vc_column_text]Participe&hellip;<\/p>\n","protected":false},"author":17,"featured_media":141466,"parent":0,"menu_order":0,"comment_status":"closed","ping_status":"closed","template":"","meta":{"inline_featured_image":false,"footnotes":""},"class_list":["post-16696","page","type-page","status-publish","has-post-thumbnail","hentry","entry","has-media"],"yoast_head":"<!-- This site is optimized with the Yoast SEO Premium plugin v26.5 (Yoast SEO v26.5) - https:\/\/yoast.com\/wordpress\/plugins\/seo\/ -->\n<title>Emplois - quitt<\/title>\n<meta name=\"robots\" content=\"index, follow, max-snippet:-1, max-image-preview:large, max-video-preview:-1\" \/>\n<link rel=\"canonical\" href=\"https:\/\/quitt.ch\/fr\/jobs\/\" \/>\n<meta property=\"og:locale\" content=\"fr_FR\" \/>\n<meta property=\"og:type\" content=\"article\" \/>\n<meta property=\"og:title\" content=\"Emplois\" \/>\n<meta property=\"og:description\" content=\"[vc_row][vc_column][vc_column_text] [\/vc_column_text][\/vc_column][\/vc_row][vc_row][vc_column][\/vc_column][\/vc_row][vc_row content_placement=\u00a0\u00bbmiddle\u00a0\u00bb column_spacing=\u00a0\u00bb20&Prime; gap=\u00a0\u00bb35&Prime;][vc_column width=\u00a0\u00bb1\/2&Prime;][vc_column_text] L&#8217;emploi \u00e9quitable. \u00e9galement avec nous. [\/vc_column_text][vc_column_text]Rejoignez une \u00e9quipe jeune et dynamique qui bouleverse le secteur de l&#8217;embauche gr\u00e2ce \u00e0 une application innovante.[\/vc_column_text][\/vc_column][vc_column width=\u00a0\u00bb1\/2&Prime;][vc_single_image image=\u00a0\u00bb155141&Prime; alignment=\u00a0\u00bbcenter\u00a0\u00bb][\/vc_column][\/vc_row][vc_row][vc_column][\/vc_column][\/vc_row][vc_row][vc_column][vc_row_inner][vc_column_inner width=\u00a0\u00bb1\/3&Prime;][vc_raw_html]JTNDaW1nJTIwc3JjJTNEJTIyaHR0cHMlM0ElMkYlMkZxdWl0dC5jaCUyRndwLWNvbnRlbnQlMkZ1cGxvYWRzJTJGc3RhcnR1cC5zdmclMjIlMjBzdHlsZSUzRCUyMmhlaWdodCUzQSUyMDQ4cHglM0IlMjIlM0U=[\/vc_raw_html][vc_column_text]Startup-Vibe[\/vc_column_text][vc_column_text]Ressens l&rsquo;\u00e9lan de la start-up qui donne des ailes \u00e0 tes id\u00e9es. Construis l&rsquo;avenir avec une \u00e9quipe qui appr\u00e9cie ta cr\u00e9ativit\u00e9.[\/vc_column_text][\/vc_column_inner][vc_column_inner width=\u00a0\u00bb1\/3&Prime;][vc_raw_html]JTNDaW1nJTIwc3JjJTNEJTIyaHR0cHMlM0ElMkYlMkZxdWl0dC5jaCUyRndwLWNvbnRlbnQlMkZ1cGxvYWRzJTJGR3JvdXAtMTIuc3ZnJTIyJTIwc3R5bGUlM0QlMjJoZWlnaHQlM0ElMjA0OHB4JTNCJTIyJTNF[\/vc_raw_html][vc_column_text]Prends tes responsabilit\u00e9s[\/vc_column_text][vc_column_text]Participe&hellip;\" \/>\n<meta property=\"og:url\" content=\"https:\/\/quitt.ch\/fr\/jobs\/\" \/>\n<meta property=\"og:site_name\" content=\"quitt.\" \/>\n<meta property=\"article:publisher\" content=\"https:\/\/www.facebook.com\/quitt.ch\/\" \/>\n<meta property=\"article:modified_time\" content=\"2026-03-31T07:56:00+00:00\" \/>\n<meta property=\"og:image\" content=\"https:\/\/quitt.ch\/wp-content\/uploads\/post.jpg\" \/>\n\t<meta property=\"og:image:width\" content=\"2000\" \/>\n\t<meta property=\"og:image:height\" content=\"2000\" \/>\n\t<meta property=\"og:image:type\" content=\"image\/jpeg\" \/>\n<meta name=\"twitter:card\" content=\"summary_large_image\" \/>\n<meta name=\"twitter:site\" content=\"@quittCH\" \/>\n<meta name=\"twitter:label1\" content=\"Dur\u00e9e de lecture estim\u00e9e\" \/>\n\t<meta name=\"twitter:data1\" content=\"2 minutes\" \/>\n<script type=\"application\/ld+json\" class=\"yoast-schema-graph\">{\"@context\":\"https:\/\/schema.org\",\"@graph\":[{\"@type\":\"WebPage\",\"@id\":\"https:\/\/quitt.ch\/fr\/jobs\/\",\"url\":\"https:\/\/quitt.ch\/fr\/jobs\/\",\"name\":\"Emplois - quitt\",\"isPartOf\":{\"@id\":\"https:\/\/quitt.ch\/#website\"},\"primaryImageOfPage\":{\"@id\":\"https:\/\/quitt.ch\/fr\/jobs\/#primaryimage\"},\"image\":{\"@id\":\"https:\/\/quitt.ch\/fr\/jobs\/#primaryimage\"},\"thumbnailUrl\":\"https:\/\/quitt.ch\/wp-content\/uploads\/post.jpg\",\"datePublished\":\"2019-08-30T15:41:32+00:00\",\"dateModified\":\"2026-03-31T07:56:00+00:00\",\"breadcrumb\":{\"@id\":\"https:\/\/quitt.ch\/fr\/jobs\/#breadcrumb\"},\"inLanguage\":\"fr-FR\",\"potentialAction\":[{\"@type\":\"ReadAction\",\"target\":[\"https:\/\/quitt.ch\/fr\/jobs\/\"]}]},{\"@type\":\"ImageObject\",\"inLanguage\":\"fr-FR\",\"@id\":\"https:\/\/quitt.ch\/fr\/jobs\/#primaryimage\",\"url\":\"https:\/\/quitt.ch\/wp-content\/uploads\/post.jpg\",\"contentUrl\":\"https:\/\/quitt.ch\/wp-content\/uploads\/post.jpg\",\"width\":2000,\"height\":2000},{\"@type\":\"BreadcrumbList\",\"@id\":\"https:\/\/quitt.ch\/fr\/jobs\/#breadcrumb\",\"itemListElement\":[{\"@type\":\"ListItem\",\"position\":1,\"name\":\"Home\",\"item\":\"https:\/\/quitt.ch\/fr\/\"},{\"@type\":\"ListItem\",\"position\":2,\"name\":\"Emplois\"}]},{\"@type\":\"WebSite\",\"@id\":\"https:\/\/quitt.ch\/#website\",\"url\":\"https:\/\/quitt.ch\/\",\"name\":\"quitt\",\"description\":\"Einfach richtig anstellen - Haushaltshilfen versichern und Lohn abrechnen.\",\"publisher\":{\"@id\":\"https:\/\/quitt.ch\/#organization\"},\"potentialAction\":[{\"@type\":\"SearchAction\",\"target\":{\"@type\":\"EntryPoint\",\"urlTemplate\":\"https:\/\/quitt.ch\/?s={search_term_string}\"},\"query-input\":{\"@type\":\"PropertyValueSpecification\",\"valueRequired\":true,\"valueName\":\"search_term_string\"}}],\"inLanguage\":\"fr-FR\"},{\"@type\":\"Organization\",\"@id\":\"https:\/\/quitt.ch\/#organization\",\"name\":\"quitt. - ServiceHunterAG\",\"url\":\"https:\/\/quitt.ch\/\",\"logo\":{\"@type\":\"ImageObject\",\"inLanguage\":\"fr-FR\",\"@id\":\"https:\/\/quitt.ch\/#\/schema\/logo\/image\/\",\"url\":\"https:\/\/quitt.ch\/wp-content\/uploads\/quitt._Profilbild_LinkedIn.jpg\",\"contentUrl\":\"https:\/\/quitt.ch\/wp-content\/uploads\/quitt._Profilbild_LinkedIn.jpg\",\"width\":170,\"height\":170,\"caption\":\"quitt. - ServiceHunterAG\"},\"image\":{\"@id\":\"https:\/\/quitt.ch\/#\/schema\/logo\/image\/\"},\"sameAs\":[\"https:\/\/www.facebook.com\/quitt.ch\/\",\"https:\/\/x.com\/quittCH\",\"https:\/\/www.linkedin.com\/company\/servicehunter-ag-quitt-ch\",\"https:\/\/de.pinterest.com\/quittch\/\",\"https:\/\/www.youtube.com\/channel\/UCjwpajpPPM9ZzZQ0QbAtliQ\"]}]}<\/script>\n<!-- \/ Yoast SEO Premium plugin. -->","yoast_head_json":{"title":"Emplois - quitt","robots":{"index":"index","follow":"follow","max-snippet":"max-snippet:-1","max-image-preview":"max-image-preview:large","max-video-preview":"max-video-preview:-1"},"canonical":"https:\/\/quitt.ch\/fr\/jobs\/","og_locale":"fr_FR","og_type":"article","og_title":"Emplois","og_description":"[vc_row][vc_column][vc_column_text] [\/vc_column_text][\/vc_column][\/vc_row][vc_row][vc_column][\/vc_column][\/vc_row][vc_row content_placement=\u00a0\u00bbmiddle\u00a0\u00bb column_spacing=\u00a0\u00bb20&Prime; gap=\u00a0\u00bb35&Prime;][vc_column width=\u00a0\u00bb1\/2&Prime;][vc_column_text] L&#8217;emploi \u00e9quitable. \u00e9galement avec nous. [\/vc_column_text][vc_column_text]Rejoignez une \u00e9quipe jeune et dynamique qui bouleverse le secteur de l&#8217;embauche gr\u00e2ce \u00e0 une application innovante.[\/vc_column_text][\/vc_column][vc_column width=\u00a0\u00bb1\/2&Prime;][vc_single_image image=\u00a0\u00bb155141&Prime; alignment=\u00a0\u00bbcenter\u00a0\u00bb][\/vc_column][\/vc_row][vc_row][vc_column][\/vc_column][\/vc_row][vc_row][vc_column][vc_row_inner][vc_column_inner width=\u00a0\u00bb1\/3&Prime;][vc_raw_html]JTNDaW1nJTIwc3JjJTNEJTIyaHR0cHMlM0ElMkYlMkZxdWl0dC5jaCUyRndwLWNvbnRlbnQlMkZ1cGxvYWRzJTJGc3RhcnR1cC5zdmclMjIlMjBzdHlsZSUzRCUyMmhlaWdodCUzQSUyMDQ4cHglM0IlMjIlM0U=[\/vc_raw_html][vc_column_text]Startup-Vibe[\/vc_column_text][vc_column_text]Ressens l&rsquo;\u00e9lan de la start-up qui donne des ailes \u00e0 tes id\u00e9es. Construis l&rsquo;avenir avec une \u00e9quipe qui appr\u00e9cie ta cr\u00e9ativit\u00e9.[\/vc_column_text][\/vc_column_inner][vc_column_inner width=\u00a0\u00bb1\/3&Prime;][vc_raw_html]JTNDaW1nJTIwc3JjJTNEJTIyaHR0cHMlM0ElMkYlMkZxdWl0dC5jaCUyRndwLWNvbnRlbnQlMkZ1cGxvYWRzJTJGR3JvdXAtMTIuc3ZnJTIyJTIwc3R5bGUlM0QlMjJoZWlnaHQlM0ElMjA0OHB4JTNCJTIyJTNF[\/vc_raw_html][vc_column_text]Prends tes responsabilit\u00e9s[\/vc_column_text][vc_column_text]Participe&hellip;","og_url":"https:\/\/quitt.ch\/fr\/jobs\/","og_site_name":"quitt.","article_publisher":"https:\/\/www.facebook.com\/quitt.ch\/","article_modified_time":"2026-03-31T07:56:00+00:00","og_image":[{"width":2000,"height":2000,"url":"https:\/\/quitt.ch\/wp-content\/uploads\/post.jpg","type":"image\/jpeg"}],"twitter_card":"summary_large_image","twitter_site":"@quittCH","twitter_misc":{"Dur\u00e9e de lecture estim\u00e9e":"2 minutes"},"schema":{"@context":"https:\/\/schema.org","@graph":[{"@type":"WebPage","@id":"https:\/\/quitt.ch\/fr\/jobs\/","url":"https:\/\/quitt.ch\/fr\/jobs\/","name":"Emplois - quitt","isPartOf":{"@id":"https:\/\/quitt.ch\/#website"},"primaryImageOfPage":{"@id":"https:\/\/quitt.ch\/fr\/jobs\/#primaryimage"},"image":{"@id":"https:\/\/quitt.ch\/fr\/jobs\/#primaryimage"},"thumbnailUrl":"https:\/\/quitt.ch\/wp-content\/uploads\/post.jpg","datePublished":"2019-08-30T15:41:32+00:00","dateModified":"2026-03-31T07:56:00+00:00","breadcrumb":{"@id":"https:\/\/quitt.ch\/fr\/jobs\/#breadcrumb"},"inLanguage":"fr-FR","potentialAction":[{"@type":"ReadAction","target":["https:\/\/quitt.ch\/fr\/jobs\/"]}]},{"@type":"ImageObject","inLanguage":"fr-FR","@id":"https:\/\/quitt.ch\/fr\/jobs\/#primaryimage","url":"https:\/\/quitt.ch\/wp-content\/uploads\/post.jpg","contentUrl":"https:\/\/quitt.ch\/wp-content\/uploads\/post.jpg","width":2000,"height":2000},{"@type":"BreadcrumbList","@id":"https:\/\/quitt.ch\/fr\/jobs\/#breadcrumb","itemListElement":[{"@type":"ListItem","position":1,"name":"Home","item":"https:\/\/quitt.ch\/fr\/"},{"@type":"ListItem","position":2,"name":"Emplois"}]},{"@type":"WebSite","@id":"https:\/\/quitt.ch\/#website","url":"https:\/\/quitt.ch\/","name":"quitt","description":"Einfach richtig anstellen - Haushaltshilfen versichern und Lohn abrechnen.","publisher":{"@id":"https:\/\/quitt.ch\/#organization"},"potentialAction":[{"@type":"SearchAction","target":{"@type":"EntryPoint","urlTemplate":"https:\/\/quitt.ch\/?s={search_term_string}"},"query-input":{"@type":"PropertyValueSpecification","valueRequired":true,"valueName":"search_term_string"}}],"inLanguage":"fr-FR"},{"@type":"Organization","@id":"https:\/\/quitt.ch\/#organization","name":"quitt. - ServiceHunterAG","url":"https:\/\/quitt.ch\/","logo":{"@type":"ImageObject","inLanguage":"fr-FR","@id":"https:\/\/quitt.ch\/#\/schema\/logo\/image\/","url":"https:\/\/quitt.ch\/wp-content\/uploads\/quitt._Profilbild_LinkedIn.jpg","contentUrl":"https:\/\/quitt.ch\/wp-content\/uploads\/quitt._Profilbild_LinkedIn.jpg","width":170,"height":170,"caption":"quitt. - ServiceHunterAG"},"image":{"@id":"https:\/\/quitt.ch\/#\/schema\/logo\/image\/"},"sameAs":["https:\/\/www.facebook.com\/quitt.ch\/","https:\/\/x.com\/quittCH","https:\/\/www.linkedin.com\/company\/servicehunter-ag-quitt-ch","https:\/\/de.pinterest.com\/quittch\/","https:\/\/www.youtube.com\/channel\/UCjwpajpPPM9ZzZQ0QbAtliQ"]}]}},"_links":{"self":[{"href":"https:\/\/quitt.ch\/fr\/wp-json\/wp\/v2\/pages\/16696","targetHints":{"allow":["GET"]}}],"collection":[{"href":"https:\/\/quitt.ch\/fr\/wp-json\/wp\/v2\/pages"}],"about":[{"href":"https:\/\/quitt.ch\/fr\/wp-json\/wp\/v2\/types\/page"}],"author":[{"embeddable":true,"href":"https:\/\/quitt.ch\/fr\/wp-json\/wp\/v2\/users\/17"}],"replies":[{"embeddable":true,"href":"https:\/\/quitt.ch\/fr\/wp-json\/wp\/v2\/comments?post=16696"}],"version-history":[{"count":44,"href":"https:\/\/quitt.ch\/fr\/wp-json\/wp\/v2\/pages\/16696\/revisions"}],"predecessor-version":[{"id":161079,"href":"https:\/\/quitt.ch\/fr\/wp-json\/wp\/v2\/pages\/16696\/revisions\/161079"}],"wp:featuredmedia":[{"embeddable":true,"href":"https:\/\/quitt.ch\/fr\/wp-json\/wp\/v2\/media\/141466"}],"wp:attachment":[{"href":"https:\/\/quitt.ch\/fr\/wp-json\/wp\/v2\/media?parent=16696"}],"curies":[{"name":"wp","href":"https:\/\/api.w.org\/{rel}","templated":true}]}}