{"id":16681,"date":"2019-08-30T17:38:31","date_gmt":"2019-08-30T15:38:31","guid":{"rendered":"https:\/\/quitt.ch\/?page_id=16681"},"modified":"2026-01-30T16:37:51","modified_gmt":"2026-01-30T15:37:51","slug":"footer","status":"publish","type":"page","link":"https:\/\/quitt.ch\/fr\/footer\/","title":{"rendered":"Footer"},"content":{"rendered":"<div class=\"wpb-content-wrapper\">[vc_row full_width=\u00a0\u00bbstretch_row\u00a0\u00bb css=\u00a0\u00bb.vc_custom_1673340838820{padding-top: 50px !important;padding-bottom: 40px !important;background-color: #222222 !important;}\u00a0\u00bb][vc_column width=\u00a0\u00bb1\/4&Prime; css=\u00a0\u00bb.vc_custom_1569450629681{margin-bottom: 50px !important;}\u00a0\u00bb][vc_column_text el_class=\u00a0\u00bbfooterbright\u00a0\u00bb]\n<p><b>quitt<\/b><\/p>\n<p><a href=\"https:\/\/quitt.ch\/fr\/promotion-nouveaux-clients\/fr-3\/\">Page d&rsquo;accueil<\/a><br \/>\n<a href=\"https:\/\/quitt.ch\/fr\/quitt-service\/\">D\u00e9tail des services<\/a><br \/>\n<a href=\"https:\/\/my.quitt.ch\/fr\/signup\" rel=\"noopener noreferrer\">Calculateur de co\u00fbts salariaux<\/a><br \/>\n<a href=\"https:\/\/quitt.ch\/fr\/quitt-service\/#assurances\">Assurances<\/a><br \/>\n<a href=\"https:\/\/quitt.ch\/fr\/prix\/\">Prix<\/a><br \/>\n<a href=\"https:\/\/quitt.ch\/fr\/opinions-voix-des-clients\/\" rel=\"noopener noreferrer\">Avis des clients<\/a><br \/>\n<a href=\"https:\/\/my.quitt.ch\/fr\/signup\/workType?\">Enregistrer un employ\u00e9<\/a><br \/>\n<a href=\"https:\/\/my.quitt.ch\/fr\/login?https:\/\/my.quitt.ch\/fr\/login?\">Login<\/a><\/p>\n<p><a href=\"https:\/\/quitt.ch\/fr\/engager-une-femme-de-menage-en-toute-legalite\/\">Engager une aide au m\u00e9nage<\/a><br \/>\n<a href=\"https:\/\/quitt.ch\/fr\/engagez-correctement-les-services-garde-denfants\/\">Engager une <span class=\"s1\">garde d\u2019enfants<\/span><\/a><br \/>\n<a href=\"https:\/\/quitt.ch\/fr\/engagement-dune-aide-aux-personnes-agees\/\">Engager un soutien \u00e0 domicile<\/a><\/p>\n<p><a href=\"https:\/\/quitt.ch\/fr\/employes\/\">Avantages pour les employ\u00e9s<\/a><br \/>\n<a href=\"https:\/\/my.quitt.ch\/fr\/registerEmployee\">Enregistrement des employ\u00e9s<\/a><br \/>\n<a href=\"https:\/\/my.quitt.ch\/fr\/login\">Login pour employ\u00e9<\/a><br \/>\n<a href=\"https:\/\/quitt.ch\/fr\/gagner-un-cours-de-langue\/\">Gagnez un cours de langue<\/a><\/p>\n[\/vc_column_text][\/vc_column][vc_column width=\u00a0\u00bb1\/4&Prime; css=\u00a0\u00bb.vc_custom_1569450635094{margin-bottom: 50px !important;}\u00a0\u00bb][vc_column_text el_class=\u00a0\u00bbfooterbright\u00a0\u00bb]<strong>Tout sur les relations de travail<\/strong><\/p>\n<p><a href=\"https:\/\/quitt.ch\/fr\/y-a-t-il-un-salaire-minimum-pour-mon-aide-domestique-que-je-dois-envisager\/\">Employ\u00e9 de maison salaire minimum?<\/a><br \/>\n<a href=\"https:\/\/quitt.ch\/fr\/salaire-equitable-femme-de-menage-suisse\/\">Salaire \u00e9quitable pour employ\u00e9e de maison<\/a><br \/>\n<a href=\"https:\/\/quitt.ch\/fr\/salaire-equitable-nounou-en-suisse\/\">Co\u00fbt d&rsquo;une nounou \u00e0 plein temps?<\/a><br \/>\n<a href=\"https:\/\/quitt.ch\/fr\/mon-aide-menagere-est-malade-dois-je-quand-meme-lui-verser-son-salaire\/\">Le paiement du salaire malgr\u00e9 la maladie?<\/a><br \/>\n<a href=\"https:\/\/quitt.ch\/fr\/a-combien-de-jours-de-vacances-votre-aide-domestique-a-t-elle-droit\/\">Droit aux vacances &#8211; aide domestique?<\/a>[\/vc_column_text][\/vc_column][vc_column width=\u00a0\u00bb1\/4&Prime; css=\u00a0\u00bb.vc_custom_1625490463812{margin-bottom: 50px !important;}\u00a0\u00bb][vc_column_text css=\u00a0\u00bb.vc_custom_1769787468722{margin-bottom: 30px !important;}\u00a0\u00bb el_class=\u00a0\u00bbfooterdark\u00a0\u00bb]<strong>Support<\/strong><\/p>\n<p><a href=\"https:\/\/quitt.zendesk.com\/hc\/fr-ch\" target=\"_blank\" rel=\"noopener\">Helpcenter<img decoding=\"async\" style=\"width: 15px; margin-left: 8px;\" src=\"https:\/\/quitt.ch\/wp-content\/uploads\/open-in-new-tap.png\" \/><\/a><\/p>\n<p><a href=\"https:\/\/outlook.office365.com\/owa\/calendar\/Slectionnezlacatgoriesouhaiteetprenezrendezvousavecnous@quitt.ch\/bookings\/\" target=\"_blank\" rel=\"noopener\"><span data-contrast=\"auto\">Prendre un rendez-vous <\/span><img decoding=\"async\" style=\"width: 15px; margin-left: 8px;\" src=\"https:\/\/quitt.ch\/wp-content\/uploads\/open-in-new-tap.png\" \/><\/a><\/p>\n<p><a href=\"mailto:support@quitt.ch\"><span data-contrast=\"auto\">support@quitt.ch<\/span><\/a>[\/vc_column_text][\/vc_column][vc_column width=\u00a0\u00bb1\/4&Prime; css=\u00a0\u00bb.vc_custom_1569450646263{margin-bottom: 0px !important;}\u00a0\u00bb][vc_column_text css=\u00a0\u00bb.vc_custom_1761897745359{margin-bottom: 30px !important;}\u00a0\u00bb el_class=\u00a0\u00bbfooterbright\u00a0\u00bb]<strong>Plus<\/strong><\/p>\n<div>\n<p><a href=\"https:\/\/quitt.ch\/fr\/a-propos-quitt-histoire-et-vision\/\" rel=\"noopener noreferrer\">\u00c0 propos de quitt<\/a><br \/>\n<a href=\"https:\/\/quitt.ch\/fr\/team\/\">\u00c9quipe<\/a><br \/>\n<a href=\"https:\/\/quitt.ch\/fr\/blog\/\">Blog<\/a><\/p>\n<p><a href=\"https:\/\/quitt.ch\/fr\/partenaire\/\">Partenaires<\/a><br \/>\n<a href=\"https:\/\/quitt.ch\/fr\/quitt-partnerprogram\/\">Programme de partenariat<\/a><br \/>\n<a href=\"https:\/\/quitt.ch\/fr\/jobs\/\">Jobs<\/a><br \/>\n<a href=\"https:\/\/quitt.ch\/fr\/presse\/\">Presse<\/a><br \/>\n<a href=\"https:\/\/quitt.ch\/fr\/relations-avec-les-investisseurs\/\">Investisseurs<\/a><\/p>\n<p><a href=\"https:\/\/quitt.ch\/fr\/impressum\/\">Mentions l\u00e9gales<\/a><br \/>\n<a href=\"https:\/\/quitt.ch\/fr\/agb-der-servicehunter-ag\/\">Conditions g\u00e9n\u00e9rales<\/a><br \/>\n<a href=\"https:\/\/quitt.ch\/fr\/datenschutzerklaerung\/\">D\u00e9claration de protection des donn\u00e9es<\/a><\/p>\n<p><a href=\"https:\/\/go-quitt.de\/en\/\">quitt Allemagne<\/a><br \/>\n<a href=\"https:\/\/www.quinn.uk\/\">quinn UK<\/a><br \/>\n<a href=\"https:\/\/www.quitt.business\/fr\">quitt Business<\/a><\/p>\n<\/div>\n[\/vc_column_text][vc_raw_html css=\u00a0\u00bb.vc_custom_1757584367025{margin-bottom: 15px !important;}\u00a0\u00bb]JTNDZGl2JTIwc3R5bGUlM0QlMjJkaXNwbGF5JTNBJTIwZmxleCUzQiUyMGZsZXgtZGlyZWN0aW9uJTNBJTIwcm93JTNCJTIyJTNFJTBBJTIwJTIwJTNDYSUyMHN0eWxlJTNEJTIybWFyZ2luLXJpZ2h0JTNBJTIwMTVweCUzQiUyMiUyMHRhcmdldCUzRCUyMl9ibGFuayUyMiUyMGhyZWYlM0QlMjJodHRwcyUzQSUyRiUyRnd3dy5saW5rZWRpbi5jb20lMkZjb21wYW55JTJGc2VydmljZWh1bnRlci1hZy1xdWl0dC1jaCUyRiUyMiUzRSUzQ2ltZyUyMHNyYyUzRCUyMmh0dHBzJTNBJTJGJTJGcXVpdHQuY2glMkZ3cC1jb250ZW50JTJGdXBsb2FkcyUyRmxpbmtlZGluLnN2ZyUyMiUzRSUzQyUyRmElM0UlMEElMjAlMjAlM0NhJTIwc3R5bGUlM0QlMjJtYXJnaW4tcmlnaHQlM0ElMjAxNXB4JTNCJTIyJTIwdGFyZ2V0JTNEJTIyX2JsYW5rJTIyJTIwaHJlZiUzRCUyMmh0dHBzJTNBJTJGJTJGd3d3LnlvdXR1YmUuY29tJTJGYyUyRlNlcnZpY2VIdW50ZXJBR3F1aXR0Y2haJTI1QzMlMjVCQ3JpY2glMkZ2aWRlb3MlMjIlM0UlM0NpbWclMjBzcmMlM0QlMjJodHRwcyUzQSUyRiUyRnF1aXR0LmNoJTJGd3AtY29udGVudCUyRnVwbG9hZHMlMkZZb3VUdWJlLnN2ZyUyMiUzRSUzQyUyRmElM0UlMEElMjAlMjAlM0NhJTIwc3R5bGUlM0QlMjJtYXJnaW4tcmlnaHQlM0ElMjAxNXB4JTNCJTIyJTIwdGFyZ2V0JTNEJTIyX2JsYW5rJTIyJTIwaHJlZiUzRCUyMmh0dHBzJTNBJTJGJTJGd3d3Lmluc3RhZ3JhbS5jb20lMkZxdWl0dC5nbG9iYWwlMkYlM0ZobCUzRGZyJTIyJTNFJTNDaW1nJTIwc3JjJTNEJTIyaHR0cHMlM0ElMkYlMkZxdWl0dC5jaCUyRndwLWNvbnRlbnQlMkZ1cGxvYWRzJTJGSW5zdGFncmFtLnN2ZyUyMiUzRSUzQyUyRmElM0UlMEElMjAlMjAlM0NhJTIwc3R5bGUlM0QlMjJtYXJnaW4tcmlnaHQlM0ElMjAxNXB4JTNCJTIyJTIwdGFyZ2V0JTNEJTIyX2JsYW5rJTIyJTIwaHJlZiUzRCUyMmh0dHBzJTNBJTJGJTJGd3d3LmZhY2Vib29rLmNvbSUyRnF1aXR0LmNoJTIyJTNFJTNDaW1nJTIwc3JjJTNEJTIyaHR0cHMlM0ElMkYlMkZxdWl0dC5jaCUyRndwLWNvbnRlbnQlMkZ1cGxvYWRzJTJGRmFjZWJvb2suc3ZnJTIyJTNFJTNDJTJGYSUzRSUwQSUzQ2ElMjBzdHlsZSUzRCUyMm1hcmdpbi1yaWdodCUzQSUyMDE1cHglM0IlMjIlMjB0YXJnZXQlM0QlMjJfYmxhbmslMjIlMjBocmVmJTNEJTIyaHR0cHMlM0ElMkYlMkZ3d3cudGlrdG9rLmNvbSUyRiU0MHF1aXR0Lmdsb2JhbCUzRmxhbmclM0RkZS1ERSUyMiUzRSUzQ2ltZyUyMHNyYyUzRCUyMmh0dHBzJTNBJTJGJTJGcXVpdHQuY2glMkZ3cC1jb250ZW50JTJGdXBsb2FkcyUyRlRpa1Rvay0xLnN2ZyUyMiUzRSUzQyUyRmElM0UlMEElM0MlMkZkaXYlM0U=[\/vc_raw_html][vc_column_text font_size=\u00a0\u00bb12px\u00a0\u00bb line_height=\u00a0\u00bb17px\u00a0\u00bb color=\u00a0\u00bb#ffffff\u00a0\u00bb el_class=\u00a0\u00bbfix-social-media\u00a0\u00bb]ServiceHunter AG \u2013 quitt<br \/>\nTous droits r\u00e9serv\u00e9s<br \/>\n\u00a9 2010 \u2013 2026[\/vc_column_text][\/vc_column][\/vc_row]\n<\/div>","protected":false},"excerpt":{"rendered":"<p>[vc_row full_width=\u00a0\u00bbstretch_row\u00a0\u00bb css=\u00a0\u00bb.vc_custom_1673340838820{padding-top: 50px !important;padding-bottom: 40px !important;background-color: #222222 !important;}\u00a0\u00bb][vc_column width=\u00a0\u00bb1\/4&Prime; css=\u00a0\u00bb.vc_custom_1569450629681{margin-bottom: 50px !important;}\u00a0\u00bb][vc_column_text el_class=\u00a0\u00bbfooterbright\u00a0\u00bb] quitt Page d&rsquo;accueil D\u00e9tail des services Calculateur de co\u00fbts salariaux Assurances Prix Avis des clients Enregistrer un employ\u00e9 Login Engager une aide au m\u00e9nage Engager une garde d\u2019enfants Engager un soutien \u00e0 domicile Avantages pour les employ\u00e9s Enregistrement des employ\u00e9s Login&hellip;<\/p>\n","protected":false},"author":17,"featured_media":0,"parent":0,"menu_order":0,"comment_status":"closed","ping_status":"closed","template":"","meta":{"inline_featured_image":false,"footnotes":""},"class_list":["post-16681","page","type-page","status-publish","hentry","entry","no-media"],"yoast_head":"<!-- This site is optimized with the Yoast SEO Premium plugin v26.5 (Yoast SEO v26.5) - https:\/\/yoast.com\/wordpress\/plugins\/seo\/ -->\n<title>Footer - quitt.<\/title>\n<meta name=\"robots\" content=\"index, follow, max-snippet:-1, max-image-preview:large, max-video-preview:-1\" \/>\n<link rel=\"canonical\" href=\"https:\/\/quitt.ch\/fr\/footer\/\" \/>\n<meta property=\"og:locale\" content=\"fr_FR\" \/>\n<meta property=\"og:type\" content=\"article\" \/>\n<meta property=\"og:title\" content=\"Footer\" \/>\n<meta property=\"og:description\" content=\"[vc_row full_width=\u00a0\u00bbstretch_row\u00a0\u00bb css=\u00a0\u00bb.vc_custom_1673340838820{padding-top: 50px !important;padding-bottom: 40px !important;background-color: #222222 !important;}\u00a0\u00bb][vc_column width=\u00a0\u00bb1\/4&Prime; css=\u00a0\u00bb.vc_custom_1569450629681{margin-bottom: 50px !important;}\u00a0\u00bb][vc_column_text el_class=\u00a0\u00bbfooterbright\u00a0\u00bb] quitt Page d&rsquo;accueil D\u00e9tail des services Calculateur de co\u00fbts salariaux Assurances Prix Avis des clients Enregistrer un employ\u00e9 Login Engager une aide au m\u00e9nage Engager une garde d\u2019enfants Engager un soutien \u00e0 domicile Avantages pour les employ\u00e9s Enregistrement des employ\u00e9s Login&hellip;\" \/>\n<meta property=\"og:url\" content=\"https:\/\/quitt.ch\/fr\/footer\/\" \/>\n<meta property=\"og:site_name\" content=\"quitt.\" \/>\n<meta property=\"article:publisher\" content=\"https:\/\/www.facebook.com\/quitt.ch\/\" \/>\n<meta property=\"article:modified_time\" content=\"2026-01-30T15:37:51+00:00\" \/>\n<meta property=\"og:image\" content=\"https:\/\/quitt.ch\/wp-content\/uploads\/open-in-new-tap.png\" \/>\n<meta name=\"twitter:card\" content=\"summary_large_image\" \/>\n<meta name=\"twitter:site\" content=\"@quittCH\" \/>\n<meta name=\"twitter:label1\" content=\"Dur\u00e9e de lecture estim\u00e9e\" \/>\n\t<meta name=\"twitter:data1\" content=\"2 minutes\" \/>\n<script type=\"application\/ld+json\" class=\"yoast-schema-graph\">{\"@context\":\"https:\/\/schema.org\",\"@graph\":[{\"@type\":\"WebPage\",\"@id\":\"https:\/\/quitt.ch\/fr\/footer\/\",\"url\":\"https:\/\/quitt.ch\/fr\/footer\/\",\"name\":\"Footer - quitt.\",\"isPartOf\":{\"@id\":\"https:\/\/quitt.ch\/#website\"},\"primaryImageOfPage\":{\"@id\":\"https:\/\/quitt.ch\/fr\/footer\/#primaryimage\"},\"image\":{\"@id\":\"https:\/\/quitt.ch\/fr\/footer\/#primaryimage\"},\"thumbnailUrl\":\"https:\/\/quitt.ch\/wp-content\/uploads\/open-in-new-tap.png\",\"datePublished\":\"2019-08-30T15:38:31+00:00\",\"dateModified\":\"2026-01-30T15:37:51+00:00\",\"breadcrumb\":{\"@id\":\"https:\/\/quitt.ch\/fr\/footer\/#breadcrumb\"},\"inLanguage\":\"fr-FR\",\"potentialAction\":[{\"@type\":\"ReadAction\",\"target\":[\"https:\/\/quitt.ch\/fr\/footer\/\"]}]},{\"@type\":\"ImageObject\",\"inLanguage\":\"fr-FR\",\"@id\":\"https:\/\/quitt.ch\/fr\/footer\/#primaryimage\",\"url\":\"https:\/\/quitt.ch\/wp-content\/uploads\/open-in-new-tap.png\",\"contentUrl\":\"https:\/\/quitt.ch\/wp-content\/uploads\/open-in-new-tap.png\"},{\"@type\":\"BreadcrumbList\",\"@id\":\"https:\/\/quitt.ch\/fr\/footer\/#breadcrumb\",\"itemListElement\":[{\"@type\":\"ListItem\",\"position\":1,\"name\":\"Home\",\"item\":\"https:\/\/quitt.ch\/fr\/\"},{\"@type\":\"ListItem\",\"position\":2,\"name\":\"Footer\"}]},{\"@type\":\"WebSite\",\"@id\":\"https:\/\/quitt.ch\/#website\",\"url\":\"https:\/\/quitt.ch\/\",\"name\":\"quitt\",\"description\":\"Einfach richtig anstellen - Haushaltshilfen versichern und Lohn abrechnen.\",\"publisher\":{\"@id\":\"https:\/\/quitt.ch\/#organization\"},\"potentialAction\":[{\"@type\":\"SearchAction\",\"target\":{\"@type\":\"EntryPoint\",\"urlTemplate\":\"https:\/\/quitt.ch\/?s={search_term_string}\"},\"query-input\":{\"@type\":\"PropertyValueSpecification\",\"valueRequired\":true,\"valueName\":\"search_term_string\"}}],\"inLanguage\":\"fr-FR\"},{\"@type\":\"Organization\",\"@id\":\"https:\/\/quitt.ch\/#organization\",\"name\":\"quitt. - ServiceHunterAG\",\"url\":\"https:\/\/quitt.ch\/\",\"logo\":{\"@type\":\"ImageObject\",\"inLanguage\":\"fr-FR\",\"@id\":\"https:\/\/quitt.ch\/#\/schema\/logo\/image\/\",\"url\":\"https:\/\/quitt.ch\/wp-content\/uploads\/quitt._Profilbild_LinkedIn.jpg\",\"contentUrl\":\"https:\/\/quitt.ch\/wp-content\/uploads\/quitt._Profilbild_LinkedIn.jpg\",\"width\":170,\"height\":170,\"caption\":\"quitt. - ServiceHunterAG\"},\"image\":{\"@id\":\"https:\/\/quitt.ch\/#\/schema\/logo\/image\/\"},\"sameAs\":[\"https:\/\/www.facebook.com\/quitt.ch\/\",\"https:\/\/x.com\/quittCH\",\"https:\/\/www.linkedin.com\/company\/servicehunter-ag-quitt-ch\",\"https:\/\/de.pinterest.com\/quittch\/\",\"https:\/\/www.youtube.com\/channel\/UCjwpajpPPM9ZzZQ0QbAtliQ\"]}]}<\/script>\n<!-- \/ Yoast SEO Premium plugin. -->","yoast_head_json":{"title":"Footer - quitt.","robots":{"index":"index","follow":"follow","max-snippet":"max-snippet:-1","max-image-preview":"max-image-preview:large","max-video-preview":"max-video-preview:-1"},"canonical":"https:\/\/quitt.ch\/fr\/footer\/","og_locale":"fr_FR","og_type":"article","og_title":"Footer","og_description":"[vc_row full_width=\u00a0\u00bbstretch_row\u00a0\u00bb css=\u00a0\u00bb.vc_custom_1673340838820{padding-top: 50px !important;padding-bottom: 40px !important;background-color: #222222 !important;}\u00a0\u00bb][vc_column width=\u00a0\u00bb1\/4&Prime; css=\u00a0\u00bb.vc_custom_1569450629681{margin-bottom: 50px !important;}\u00a0\u00bb][vc_column_text el_class=\u00a0\u00bbfooterbright\u00a0\u00bb] quitt Page d&rsquo;accueil D\u00e9tail des services Calculateur de co\u00fbts salariaux Assurances Prix Avis des clients Enregistrer un employ\u00e9 Login Engager une aide au m\u00e9nage Engager une garde d\u2019enfants Engager un soutien \u00e0 domicile Avantages pour les employ\u00e9s Enregistrement des employ\u00e9s Login&hellip;","og_url":"https:\/\/quitt.ch\/fr\/footer\/","og_site_name":"quitt.","article_publisher":"https:\/\/www.facebook.com\/quitt.ch\/","article_modified_time":"2026-01-30T15:37:51+00:00","og_image":[{"url":"https:\/\/quitt.ch\/wp-content\/uploads\/open-in-new-tap.png","type":"","width":"","height":""}],"twitter_card":"summary_large_image","twitter_site":"@quittCH","twitter_misc":{"Dur\u00e9e de lecture estim\u00e9e":"2 minutes"},"schema":{"@context":"https:\/\/schema.org","@graph":[{"@type":"WebPage","@id":"https:\/\/quitt.ch\/fr\/footer\/","url":"https:\/\/quitt.ch\/fr\/footer\/","name":"Footer - quitt.","isPartOf":{"@id":"https:\/\/quitt.ch\/#website"},"primaryImageOfPage":{"@id":"https:\/\/quitt.ch\/fr\/footer\/#primaryimage"},"image":{"@id":"https:\/\/quitt.ch\/fr\/footer\/#primaryimage"},"thumbnailUrl":"https:\/\/quitt.ch\/wp-content\/uploads\/open-in-new-tap.png","datePublished":"2019-08-30T15:38:31+00:00","dateModified":"2026-01-30T15:37:51+00:00","breadcrumb":{"@id":"https:\/\/quitt.ch\/fr\/footer\/#breadcrumb"},"inLanguage":"fr-FR","potentialAction":[{"@type":"ReadAction","target":["https:\/\/quitt.ch\/fr\/footer\/"]}]},{"@type":"ImageObject","inLanguage":"fr-FR","@id":"https:\/\/quitt.ch\/fr\/footer\/#primaryimage","url":"https:\/\/quitt.ch\/wp-content\/uploads\/open-in-new-tap.png","contentUrl":"https:\/\/quitt.ch\/wp-content\/uploads\/open-in-new-tap.png"},{"@type":"BreadcrumbList","@id":"https:\/\/quitt.ch\/fr\/footer\/#breadcrumb","itemListElement":[{"@type":"ListItem","position":1,"name":"Home","item":"https:\/\/quitt.ch\/fr\/"},{"@type":"ListItem","position":2,"name":"Footer"}]},{"@type":"WebSite","@id":"https:\/\/quitt.ch\/#website","url":"https:\/\/quitt.ch\/","name":"quitt","description":"Einfach richtig anstellen - Haushaltshilfen versichern und Lohn abrechnen.","publisher":{"@id":"https:\/\/quitt.ch\/#organization"},"potentialAction":[{"@type":"SearchAction","target":{"@type":"EntryPoint","urlTemplate":"https:\/\/quitt.ch\/?s={search_term_string}"},"query-input":{"@type":"PropertyValueSpecification","valueRequired":true,"valueName":"search_term_string"}}],"inLanguage":"fr-FR"},{"@type":"Organization","@id":"https:\/\/quitt.ch\/#organization","name":"quitt. - ServiceHunterAG","url":"https:\/\/quitt.ch\/","logo":{"@type":"ImageObject","inLanguage":"fr-FR","@id":"https:\/\/quitt.ch\/#\/schema\/logo\/image\/","url":"https:\/\/quitt.ch\/wp-content\/uploads\/quitt._Profilbild_LinkedIn.jpg","contentUrl":"https:\/\/quitt.ch\/wp-content\/uploads\/quitt._Profilbild_LinkedIn.jpg","width":170,"height":170,"caption":"quitt. - ServiceHunterAG"},"image":{"@id":"https:\/\/quitt.ch\/#\/schema\/logo\/image\/"},"sameAs":["https:\/\/www.facebook.com\/quitt.ch\/","https:\/\/x.com\/quittCH","https:\/\/www.linkedin.com\/company\/servicehunter-ag-quitt-ch","https:\/\/de.pinterest.com\/quittch\/","https:\/\/www.youtube.com\/channel\/UCjwpajpPPM9ZzZQ0QbAtliQ"]}]}},"_links":{"self":[{"href":"https:\/\/quitt.ch\/fr\/wp-json\/wp\/v2\/pages\/16681","targetHints":{"allow":["GET"]}}],"collection":[{"href":"https:\/\/quitt.ch\/fr\/wp-json\/wp\/v2\/pages"}],"about":[{"href":"https:\/\/quitt.ch\/fr\/wp-json\/wp\/v2\/types\/page"}],"author":[{"embeddable":true,"href":"https:\/\/quitt.ch\/fr\/wp-json\/wp\/v2\/users\/17"}],"replies":[{"embeddable":true,"href":"https:\/\/quitt.ch\/fr\/wp-json\/wp\/v2\/comments?post=16681"}],"version-history":[{"count":103,"href":"https:\/\/quitt.ch\/fr\/wp-json\/wp\/v2\/pages\/16681\/revisions"}],"predecessor-version":[{"id":160742,"href":"https:\/\/quitt.ch\/fr\/wp-json\/wp\/v2\/pages\/16681\/revisions\/160742"}],"wp:attachment":[{"href":"https:\/\/quitt.ch\/fr\/wp-json\/wp\/v2\/media?parent=16681"}],"curies":[{"name":"wp","href":"https:\/\/api.w.org\/{rel}","templated":true}]}}