{"id":158538,"date":"2024-10-30T19:18:24","date_gmt":"2024-10-30T18:18:24","guid":{"rendered":"https:\/\/quitt.ch\/?page_id=158538"},"modified":"2025-11-12T16:30:29","modified_gmt":"2025-11-12T15:30:29","slug":"gagner-un-cours-de-langue","status":"publish","type":"page","link":"https:\/\/quitt.ch\/fr\/gagner-un-cours-de-langue\/","title":{"rendered":"Gagner un cours de langue"},"content":{"rendered":"<div class=\"wpb-content-wrapper\"><p class=\"ai-optimize-64 ai-optimize-introduction\">[vc_row css_animation=\u00a0\u00bbnone\u00a0\u00bb content_placement=\u00a0\u00bbmiddle\u00a0\u00bb][vc_column]<div class=\"vcex-spacing wpex-w-100 wpex-clear hidden-phone\" style=\"height:10vh;\"><\/div>[vc_row_inner content_placement=\u00a0\u00bbmiddle\u00a0\u00bb el_class=\u00a0\u00bbswap-on-mobile\u00a0\u00bb][vc_column_inner width=\u00a0\u00bb1\/2&Prime;][vc_column_text]\n<h1 class=\"ai-optimize-65\">Gagnez un<br \/>\n<span style=\"color: #3d43fc;\">cours de langue<\/span><\/h1>\n<p class=\"ai-optimize-66\">[\/vc_column_text]<div class=\"vcex-spacing wpex-w-100 wpex-clear\" style=\"height:30px;\"><\/div>[vc_column_text]Le dialogue rapproche les personnes, c\u2019est pourquoi la communication entre employ\u00e9s et employeurs est essentielle pour de bonnes relations de travail.<br \/>\n<span data-teams=\"true\">quitt finance des cours de langue pour les employ\u00e9s dans toute la Suisse.<\/span> Les employ\u00e9s peuvent choisir entre un cours de langue<br \/>\nen allemand, fran\u00e7ais ou italien.[\/vc_column_text]<div class=\"vcex-spacing wpex-w-100 wpex-clear\" style=\"height:30px;\"><\/div><style>.vcex-button.vcex_69d708e4d7ba1{background:#fffa3e;color:#000000!important;}.vcex-button.vcex_69d708e4d7ba1:hover{background:#f1ea00!important;color:#000000!important;}<\/style><a href=\"https:\/\/quitt.ch\/fr\/gagner-un-cours-de-langue-error\/%20\u200e\" class=\"vcex-button theme-button inline vcex_69d708e4d7ba1\" target=\"_blank\" rel=\"noopener noreferrer\"><span class=\"vcex-button-inner theme-button-inner wpex-flex wpex-flex-wrap wpex-items-center wpex-justify-center\">\u00a0PARTICIPEZ MAINTENANT<\/span><\/a> <div class=\"vcex-spacing wpex-w-100 wpex-clear\" style=\"height:3vh;\"><\/div>[\/vc_column_inner][vc_column_inner width=\u00a0\u00bb1\/2&Prime;][vc_raw_html]JTNDaW1nJTIwY2xhc3MlM0QlMjJucjEtYmF0Y2gtZXItcGFnZSUyMiUyMHNyYyUzRCUyMmh0dHBzJTNBJTJGJTJGcXVpdHQuY2glMkZ3cC1jb250ZW50JTJGdXBsb2FkcyUyRkNhcm1lbi1Nb3JhbGVzLUJlYWxjYXphci5qcGclMjIlMjBzdHlsZSUzRCUyMndpZHRoJTNBNjEzcHglM0IlMjIlM0U=[\/vc_raw_html]<div class=\"vcex-spacing wpex-w-100 wpex-clear visible-phone\"><\/div>[\/vc_column_inner][\/vc_row_inner][\/vc_column][\/vc_row][vc_row css_animation=\u00a0\u00bbnone\u00a0\u00bb][vc_column]<div class=\"vcex-spacing wpex-w-100 wpex-clear\" style=\"height:60px;\"><\/div><div class=\"vcex-spacing wpex-w-100 wpex-clear\" style=\"height:25px;\"><\/div>[\/vc_column][\/vc_row][vc_row][vc_column]<div class=\"vcex-spacing wpex-w-100 wpex-clear\" style=\"height:280px;\"><\/div>[vc_column_text]\n<h1 class=\"ai-optimize-67\" style=\"text-align: center;\"><span style=\"color: #3d43fc;\">Choisissez l\u2019\u00e9cole de langues<\/span><br \/>\net apprenez avec plaisir !<\/h1>\n<p class=\"ai-optimize-68\">[\/vc_column_text]<div class=\"vcex-spacing wpex-w-100 wpex-clear\" style=\"height:30px;\"><\/div>[vc_column_text]\n<p class=\"ai-optimize-69\" style=\"text-align: center;\">Les employ\u00e9s peuvent choisir eux-m\u00eames l\u2019\u00e9cole de langues pour leur cours.<br \/>\nquitt couvre jusqu\u2019\u00e0 un montant maximum de CHF 750.- par cours.<\/p>\n<p class=\"ai-optimize-70\">[\/vc_column_text][\/vc_column][\/vc_row][vc_row][vc_column width=\u00a0\u00bb1\/6&Prime;][\/vc_column][vc_column width=\u00a0\u00bb2\/3&Prime;]<div class=\"vcex-spacing wpex-w-100 wpex-clear hidden-phone\" style=\"height:30px;\"><\/div>[vc_column_text]\n<p class=\"ai-optimize-71\" style=\"text-align: center;\"><strong>Nos suggestions pour les \u00e9coles de langues :<\/strong><\/p>\n<p class=\"ai-optimize-72\">[\/vc_column_text]<div class=\"vcex-spacing wpex-w-100 wpex-clear visible-phone\" style=\"height:30px;\"><\/div>[\/vc_column][vc_column width=\u00a0\u00bb1\/6&Prime;][\/vc_column][\/vc_row][vc_row css_animation=\u00a0\u00bbfadeInUp\u00a0\u00bb][vc_column width=\u00a0\u00bb1\/5&Prime;]<div class=\"vcex-spacing wpex-w-100 wpex-clear\"><\/div>[vc_raw_html]JTNDaW1nJTIwc3R5bGUlM0QlMjJ3aWR0aCUzQTEwMCUyNSUzQiUyMiUyMHNyYyUzRCUyMmh0dHBzJTNBJTJGJTJGcXVpdHQuY2glMkZ3cC1jb250ZW50JTJGdXBsb2FkcyUyRlZPWC1TcHJhY2hzY2h1bGUucG5nJTIyJTIwJTNF[\/vc_raw_html]<div class=\"vcex-spacing wpex-w-100 wpex-clear\" style=\"height:10vh;\"><\/div>[\/vc_column][vc_column width=\u00a0\u00bb1\/5&Prime;]<div class=\"vcex-spacing wpex-w-100 wpex-clear\"><\/div>[vc_raw_html]JTNDaW1nJTIwc3R5bGUlM0QlMjJ3aWR0aCUzQTEwMCUyNSUzQiUyMiUyMHNyYyUzRCUyMmh0dHBzJTNBJTJGJTJGcXVpdHQuY2glMkZ3cC1jb250ZW50JTJGdXBsb2FkcyUyRkhhbGxvLURldXRzY2hzY2h1bGUucG5nJTIyJTIwJTNF[\/vc_raw_html]<div class=\"vcex-spacing wpex-w-100 wpex-clear\" style=\"height:10vh;\"><\/div>[\/vc_column][vc_column width=\u00a0\u00bb1\/5&Prime;]<div class=\"vcex-spacing wpex-w-100 wpex-clear\"><\/div>[vc_raw_html]JTNDaW1nJTIwY2xhc3MlM0QlMjJucjEtYmF0Y2gtZXItcGFnZSUyMiUyMHNyYyUzRCUyMmh0dHBzJTNBJTJGJTJGcXVpdHQuY2glMkZ3cC1jb250ZW50JTJGdXBsb2FkcyUyRkJlbGxpbmd1YS5wbmclMjIlMjBzdHlsZSUzRCUyMndpZHRoJTNBMTAwJTI1JTNCJTIyJTNF[\/vc_raw_html]<div class=\"vcex-spacing wpex-w-100 wpex-clear\" style=\"height:10vh;\"><\/div>[\/vc_column][vc_column width=\u00a0\u00bb1\/5&Prime;]<div class=\"vcex-spacing wpex-w-100 wpex-clear\"><\/div>[vc_raw_html]JTNDaW1nJTIwY2xhc3MlM0QlMjJucjEtYmF0Y2gtZXItcGFnZSUyMiUyMHNyYyUzRCUyMmh0dHBzJTNBJTJGJTJGcXVpdHQuY2glMkZ3cC1jb250ZW50JTJGdXBsb2FkcyUyRktsdWJzY2h1bGUtTWlncm9zLnBuZyUyMiUyMHN0eWxlJTNEJTIyd2lkdGglM0ExMDAlMjUlM0IlMjIlM0U=[\/vc_raw_html]<div class=\"vcex-spacing wpex-w-100 wpex-clear\" style=\"height:10vh;\"><\/div>[\/vc_column][vc_column width=\u00a0\u00bb1\/5&Prime;]<div class=\"vcex-spacing wpex-w-100 wpex-clear\"><\/div>[vc_raw_html]JTNDaW1nJTIwY2xhc3MlM0QlMjJucjEtYmF0Y2gtZXItcGFnZSUyMiUyMHNyYyUzRCUyMmh0dHBzJTNBJTJGJTJGcXVpdHQuY2glMkZ3cC1jb250ZW50JTJGdXBsb2FkcyUyRlNwcmFjaHNjaHVsZS1TY2huZWlkZXIucG5nJTIyJTIwc3R5bGUlM0QlMjJ3aWR0aCUzQTEwMCUyNSUzQiUyMiUzRQ==[\/vc_raw_html]<div class=\"vcex-spacing wpex-w-100 wpex-clear\" style=\"height:10vh;\"><\/div>[\/vc_column][\/vc_row][vc_row][vc_column]<div class=\"vcex-spacing wpex-w-100 wpex-clear hidden-phone\" style=\"height:30px;\"><\/div><div class=\"vcex-spacing wpex-w-100 wpex-clear\" style=\"height:10vh;\"><\/div>[\/vc_column][\/vc_row][vc_row][vc_column]<div class=\"vcex-spacing wpex-w-100 wpex-clear\" style=\"height:80px;\"><\/div>[vc_column_text]\n<h2 class=\"ai-optimize-73\" style=\"text-align: center;\">Comment \u00e7a marche\u00a0?<\/h2>\n<p class=\"ai-optimize-74\">[\/vc_column_text]<div class=\"vcex-spacing wpex-w-100 wpex-clear hidden-phone\" style=\"height:60px;\"><\/div>[\/vc_column][\/vc_row][vc_row][vc_column css_animation=\u00a0\u00bbfadeInUp\u00a0\u00bb width=\u00a0\u00bb1\/3&Prime; el_class=\u00a0\u00bbnumber-box\u00a0\u00bb][vc_raw_html css=\u00a0\u00bb.vc_custom_1645942573363{margin-bottom: 25px !important;}\u00a0\u00bb]JTNDZGl2JTIwc3R5bGUlM0QlMjJkaXNwbGF5JTNBJTIwZmxleCUzQiUyMGp1c3RpZnktY29udGVudCUzQSUyMGNlbnRlciUzQiUyMiUzRSUzQ2RpdiUyMHN0eWxlJTNEJTIyd2lkdGglM0ElMjA4MHB4JTNCJTIwaGVpZ2h0JTNBJTIwODBweCUzQiUyMGJhY2tncm91bmQtY29sb3IlM0ElMjAlMjNERERERkUlM0IlMjBib3JkZXItcmFkaXVzJTNBJTIwNnB4JTNCJTIwZGlzcGxheSUzQSUyMGZsZXglM0IlMjBqdXN0aWZ5LWNvbnRlbnQlM0ElMjBjZW50ZXIlM0IlMjBhbGlnbi1pdGVtcyUzQSUyMGNlbnRlciUzQiUyMiUzRSUzQ3NwYW4lMjBzdHlsZSUzRCUyMmZvbnQtc2l6ZSUzQSUyMDI0cHglM0IlMjBmb250LXdlaWdodCUzQSUyMDcwMCUzQiUyMiUzRTElM0MlMkZzcGFuJTNFJTNDJTJGZGl2JTNFJTNDJTJGZGl2JTNF[\/vc_raw_html]<div class=\"vcex-spacing wpex-w-100 wpex-clear visible-phone\" style=\"height:0.54px;\"><\/div>[vc_column_text css=\u00a0\u00bb.vc_custom_1730457432521{margin-bottom: 25px !important;}\u00a0\u00bb]\n<h4 class=\"ai-optimize-75\" style=\"text-align: center;\">\u00a0\u00a0Remplissez le formulaire<\/h4>\n<p class=\"ai-optimize-76\">[\/vc_column_text][vc_column_text]\n<p class=\"p1 ai-optimize-77\" style=\"text-align: center;\">Inscrivez-vous en cliquant<br \/>\nsur\u00a0\u00ab\u00a0Participez maintenant\u00a0\u00bb.<\/p>\n<p class=\"ai-optimize-78\">[\/vc_column_text]<div class=\"vcex-spacing wpex-w-100 wpex-clear\" style=\"height:9vh;\"><\/div>[\/vc_column][vc_column css_animation=\u00a0\u00bbfadeInUp\u00a0\u00bb width=\u00a0\u00bb1\/3&Prime;][vc_raw_html el_class=\u00a0\u00bbnumber\u00a0\u00bb]JTNDZGl2JTIwc3R5bGUlM0QlMjJkaXNwbGF5JTNBJTIwZmxleCUzQiUyMGp1c3RpZnktY29udGVudCUzQSUyMGNlbnRlciUzQiUyMiUzRSUzQ2RpdiUyMHN0eWxlJTNEJTIyd2lkdGglM0ElMjA4MHB4JTNCJTIwaGVpZ2h0JTNBJTIwODBweCUzQiUyMGJhY2tncm91bmQtY29sb3IlM0ElMjAlMjNGRkVDRTQlM0IlMjBib3JkZXItcmFkaXVzJTNBJTIwNnB4JTNCJTIwZGlzcGxheSUzQSUyMGZsZXglM0IlMjBqdXN0aWZ5LWNvbnRlbnQlM0ElMjBjZW50ZXIlM0IlMjBhbGlnbi1pdGVtcyUzQSUyMGNlbnRlciUzQiUyMiUzRSUzQ3NwYW4lMjBzdHlsZSUzRCUyMmZvbnQtc2l6ZSUzQSUyMDI0cHglM0IlMjBmb250LXdlaWdodCUzQSUyMDcwMCUzQiUyMiUzRTIlM0MlMkZzcGFuJTNFJTNDJTJGZGl2JTNFJTNDJTJGZGl2JTNF[\/vc_raw_html]<div class=\"vcex-spacing wpex-w-100 wpex-clear visible-phone\"><\/div>[vc_column_text css=\u00a0\u00bb.vc_custom_1730457458647{margin-bottom: 25px !important;}\u00a0\u00bb]\n<h4 class=\"ai-optimize-79\" style=\"text-align: center;\">Bonne chance !<\/h4>\n<p class=\"ai-optimize-80\">[\/vc_column_text][vc_column_text]\n<p class=\"p1 ai-optimize-36 ai-optimize-introduction\" style=\"text-align: center;\">Nous s\u00e9lectionnerons<br \/>\n50 employ\u00e9(e)s.<\/p>\n<p class=\"ai-optimize-81\">[\/vc_column_text]<div class=\"vcex-spacing wpex-w-100 wpex-clear visible-phone\" style=\"height:10vh;\"><\/div>[\/vc_column][vc_column css_animation=\u00a0\u00bbfadeInUp\u00a0\u00bb width=\u00a0\u00bb1\/3&Prime;][vc_raw_html el_class=\u00a0\u00bbnumber\u00a0\u00bb]JTNDZGl2JTIwc3R5bGUlM0QlMjJkaXNwbGF5JTNBJTIwZmxleCUzQiUyMGp1c3RpZnktY29udGVudCUzQSUyMGNlbnRlciUzQiUyMiUzRSUzQ2RpdiUyMHN0eWxlJTNEJTIyd2lkdGglM0ElMjA4MHB4JTNCJTIwaGVpZ2h0JTNBJTIwODBweCUzQiUyMGJhY2tncm91bmQtY29sb3IlM0ElMjAlMjNDREY0RjclM0IlMjBib3JkZXItcmFkaXVzJTNBJTIwNnB4JTNCJTIwZGlzcGxheSUzQSUyMGZsZXglM0IlMjBqdXN0aWZ5LWNvbnRlbnQlM0ElMjBjZW50ZXIlM0IlMjBhbGlnbi1pdGVtcyUzQSUyMGNlbnRlciUzQiUyMiUzRSUzQ3NwYW4lMjBzdHlsZSUzRCUyMmZvbnQtc2l6ZSUzQSUyMDI0cHglM0IlMjBmb250LXdlaWdodCUzQSUyMDcwMCUzQiUyMiUzRTMlM0MlMkZzcGFuJTNFJTNDJTJGZGl2JTNFJTNDJTJGZGl2JTNF[\/vc_raw_html]<div class=\"vcex-spacing wpex-w-100 wpex-clear visible-phone\"><\/div>[vc_column_text css=\u00a0\u00bb.vc_custom_1730457484001{margin-bottom: 25px !important;}\u00a0\u00bb]\n<h4 class=\"ai-optimize-82\" style=\"text-align: center;\">Gagn\u00e9 ?<\/h4>\n<p class=\"ai-optimize-83\">[\/vc_column_text][vc_column_text]\n<p class=\"p1 ai-optimize-84\" style=\"text-align: center;\">Si oui, nous vous contacterons<br \/>\npar email !<\/p>\n<p class=\"ai-optimize-85\">[\/vc_column_text]<div class=\"vcex-spacing wpex-w-100 wpex-clear visible-phone\" style=\"height:10vh;\"><\/div>[\/vc_column][\/vc_row][vc_row][vc_column]<div class=\"vcex-spacing wpex-w-100 wpex-clear\" style=\"height:30px;\"><\/div><div class=\"vcex-spacing wpex-w-100 wpex-clear\" style=\"height:10vh;\"><\/div>[\/vc_column][\/vc_row][vc_row css_animation=\u00a0\u00bbfadeInUp\u00a0\u00bb][vc_column width=\u00a0\u00bb1\/5&Prime;][\/vc_column][vc_column width=\u00a0\u00bb3\/5&Prime;]<div class=\"vcex-spacing wpex-w-100 wpex-clear\" style=\"height:80px;\"><\/div>[vc_column_text]\n<h2 class=\"ai-optimize-86\" style=\"text-align: center;\">Des questions ?<\/h2>\n<p class=\"ai-optimize-87\">[\/vc_column_text]<div class=\"vcex-spacing wpex-w-100 wpex-clear\" style=\"height:25px;\"><\/div>[vc_tta_accordion style=\u00a0\u00bbflat\u00a0\u00bb color=\u00a0\u00bbwhite\u00a0\u00bb c_icon=\u00a0\u00bbchevron\u00a0\u00bb c_position=\u00a0\u00bbright\u00a0\u00bb active_section=\u00a0\u00bbnon-existing number\u00a0\u00bb collapsible_all=\u00a0\u00bbtrue\u00a0\u00bb][vc_tta_section title=\u00a0\u00bbComment fonctionne le paiement du cours de langue ?\u00a0\u00bb tab_id=\u00a0\u00bb1646765736282-f566a1e8-1a8f\u00a0\u00bb el_class=\u00a0\u00bbaccordion-section-divider\u00a0\u00bb][vc_column_text]Veuillez vous inscrire vous-m\u00eame \u00e0 un cours de langue de votre choix. Si votre candidature est s\u00e9lectionn\u00e9e par quitt, vous pourrez nous envoyer votre facture de cours par e-mail. Nous rembourserons jusqu\u2019\u00e0 CHF 750.- par cours. Si le montant est sup\u00e9rieur, vous devrez payer la diff\u00e9rence.[\/vc_column_text][\/vc_tta_section][vc_tta_section title=\u00a0\u00bb\u00c0 quel niveau de langue dois-je m\u2019inscrire ?\u00a0\u00bb tab_id=\u00a0\u00bb1645687000876-34f15c46-84c8&Prime; el_class=\u00a0\u00bbaccordion-section-divider\u00a0\u00bb][vc_column_text]Dans la plupart des \u00e9coles de langues, vous devrez d\u2019abord passer un test pour d\u00e9terminer le niveau qui vous convient.<\/p>\n<p class=\"ai-optimize-88\">Veuillez contacter directement l\u2019\u00e9cole de langues pour plus d\u2019informations.[\/vc_column_text][\/vc_tta_section][vc_tta_section title=\u00a0\u00bbQui finance les cours de langues ?\u00a0\u00bb tab_id=\u00a0\u00bb1646034296414-fea3fec0-68aa\u00a0\u00bb el_class=\u00a0\u00bbaccordion-section-divider\u00a0\u00bb][vc_column_text]quitt connect est financ\u00e9 par les dons des clients quitt. Lorsqu\u2019ils annulent leur abonnement, les clients peuvent faire don du solde qu\u2019il reste sur leur compte client. <span data-teams=\"true\">Pour s&rsquo;assurer que ces dons soutiennent des causes importantes, quitt offre gratuitement\u00a0des cours de langue aux employ\u00e9s.<\/span>[\/vc_column_text][\/vc_tta_section][vc_tta_section title=\u00a0\u00bbQuelles conditions dois-je remplir pour participer ?\u00a0\u00bb tab_id=\u00a0\u00bb1647439841605-5941ad91-5cf8&Prime; el_class=\u00a0\u00bbaccordion-section-divider\u00a0\u00bb][vc_column_text]Vous devez travailler comme aide \u00e0 domicile en Suisse, avoir un contrat de travail actif chez quitt et \u00eatre int\u00e9ress\u00e9(e) \u00e0 am\u00e9liorer vos comp\u00e9tences dans une langue nationale \ud83d\ude0a.[\/vc_column_text][\/vc_tta_section][\/vc_tta_accordion]<div class=\"vcex-spacing wpex-w-100 wpex-clear\" style=\"height:10px;\"><\/div>[\/vc_column][vc_column width=\u00a0\u00bb1\/5&Prime;][\/vc_column][\/vc_row][vc_row][vc_column]<div class=\"vcex-spacing wpex-w-100 wpex-clear\" style=\"height:30px;\"><\/div><div class=\"vcex-spacing wpex-w-100 wpex-clear\" style=\"height:16vh;\"><\/div>[\/vc_column][\/vc_row][vc_row][vc_column]<div class=\"vcex-spacing wpex-w-100 wpex-clear\" style=\"height:40px;\"><\/div>[vc_column_text]\n<h1 class=\"ai-optimize-89\" style=\"text-align: center;\">Participez maintenant et<br \/>\n<span style=\"color: #3d43fc;\">gagnez un cours de langue !<\/span><\/h1>\n<p class=\"ai-optimize-90\">[\/vc_column_text]<div class=\"vcex-spacing wpex-w-100 wpex-clear\" style=\"height:30px;\"><\/div>[vc_column_text]\n<p class=\"ai-optimize-91\" style=\"text-align: center;\">quitt finance<br \/>\njusqu\u2019\u00e0 CHF 750.- par cours.<\/p>\n<p class=\"ai-optimize-92\">[\/vc_column_text]<div class=\"vcex-spacing wpex-w-100 wpex-clear\" style=\"height:30px;\"><\/div><style>.vcex-button.vcex_69d708e4db08b{background:#fffa3e;color:#000000!important;}.vcex-button.vcex_69d708e4db08b:hover{background:#f1ea00!important;color:#000000!important;}<\/style><div class=\"theme-button-wrap textcenter wpex-clr\"><a href=\"https:\/\/quitt.ch\/fr\/gagner-un-cours-de-langue-error\/%20\u200e\" class=\"vcex-button theme-button align-center inline vcex_69d708e4db08b\" target=\"_blank\" rel=\"noopener noreferrer\"><span class=\"vcex-button-inner theme-button-inner wpex-flex wpex-flex-wrap wpex-items-center wpex-justify-center\">\u00a0PARTICIPEZ MAINTENANT<\/span><\/a><\/div> [\/vc_column][\/vc_row][vc_row][vc_column]<div class=\"vcex-spacing wpex-w-100 wpex-clear\" style=\"height:15vh;\"><\/div>[\/vc_column][\/vc_row]\n<\/div>","protected":false},"excerpt":{"rendered":"<p>[vc_row css_animation=\u00a0\u00bbnone\u00a0\u00bb content_placement=\u00a0\u00bbmiddle\u00a0\u00bb][vc_column][vc_row_inner content_placement=\u00a0\u00bbmiddle\u00a0\u00bb el_class=\u00a0\u00bbswap-on-mobile\u00a0\u00bb][vc_column_inner width=\u00a0\u00bb1\/2&Prime;][vc_column_text] Gagnez un cours de langue [\/vc_column_text][vc_column_text]Le dialogue rapproche les personnes, c\u2019est pourquoi la communication entre employ\u00e9s et employeurs est essentielle pour de bonnes relations de travail. quitt finance des cours de langue pour les employ\u00e9s dans toute la Suisse. Les employ\u00e9s peuvent choisir entre un cours de langue en&hellip;<\/p>\n","protected":false},"author":17,"featured_media":0,"parent":0,"menu_order":0,"comment_status":"closed","ping_status":"closed","template":"","meta":{"inline_featured_image":false,"footnotes":""},"class_list":["post-158538","page","type-page","status-publish","hentry","entry","no-media"],"yoast_head":"<!-- This site is optimized with the Yoast SEO Premium plugin v26.5 (Yoast SEO v26.5) - https:\/\/yoast.com\/wordpress\/plugins\/seo\/ -->\n<title>Gagner un cours de langue - quitt.<\/title>\n<meta name=\"robots\" content=\"index, follow, max-snippet:-1, max-image-preview:large, max-video-preview:-1\" \/>\n<link rel=\"canonical\" href=\"https:\/\/quitt.ch\/fr\/gagner-un-cours-de-langue\/\" \/>\n<meta property=\"og:locale\" content=\"fr_FR\" \/>\n<meta property=\"og:type\" content=\"article\" \/>\n<meta property=\"og:title\" content=\"Gagner un cours de langue\" \/>\n<meta property=\"og:description\" content=\"[vc_row css_animation=\u00a0\u00bbnone\u00a0\u00bb content_placement=\u00a0\u00bbmiddle\u00a0\u00bb][vc_column][vc_row_inner content_placement=\u00a0\u00bbmiddle\u00a0\u00bb el_class=\u00a0\u00bbswap-on-mobile\u00a0\u00bb][vc_column_inner width=\u00a0\u00bb1\/2&Prime;][vc_column_text] Gagnez un cours de langue [\/vc_column_text][vc_column_text]Le dialogue rapproche les personnes, c\u2019est pourquoi la communication entre employ\u00e9s et employeurs est essentielle pour de bonnes relations de travail. quitt finance des cours de langue pour les employ\u00e9s dans toute la Suisse. Les employ\u00e9s peuvent choisir entre un cours de langue en&hellip;\" \/>\n<meta property=\"og:url\" content=\"https:\/\/quitt.ch\/fr\/gagner-un-cours-de-langue\/\" \/>\n<meta property=\"og:site_name\" content=\"quitt.\" \/>\n<meta property=\"article:publisher\" content=\"https:\/\/www.facebook.com\/quitt.ch\/\" \/>\n<meta property=\"article:modified_time\" content=\"2025-11-12T15:30:29+00:00\" \/>\n<meta name=\"twitter:card\" content=\"summary_large_image\" \/>\n<meta name=\"twitter:site\" content=\"@quittCH\" \/>\n<meta name=\"twitter:label1\" content=\"Dur\u00e9e de lecture estim\u00e9e\" \/>\n\t<meta name=\"twitter:data1\" content=\"3 minutes\" \/>\n<script type=\"application\/ld+json\" class=\"yoast-schema-graph\">{\"@context\":\"https:\/\/schema.org\",\"@graph\":[{\"@type\":\"WebPage\",\"@id\":\"https:\/\/quitt.ch\/fr\/gagner-un-cours-de-langue\/\",\"url\":\"https:\/\/quitt.ch\/fr\/gagner-un-cours-de-langue\/\",\"name\":\"Gagner un cours de langue - quitt.\",\"isPartOf\":{\"@id\":\"https:\/\/quitt.ch\/#website\"},\"datePublished\":\"2024-10-30T18:18:24+00:00\",\"dateModified\":\"2025-11-12T15:30:29+00:00\",\"breadcrumb\":{\"@id\":\"https:\/\/quitt.ch\/fr\/gagner-un-cours-de-langue\/#breadcrumb\"},\"inLanguage\":\"fr-FR\",\"potentialAction\":[{\"@type\":\"ReadAction\",\"target\":[\"https:\/\/quitt.ch\/fr\/gagner-un-cours-de-langue\/\"]}]},{\"@type\":\"BreadcrumbList\",\"@id\":\"https:\/\/quitt.ch\/fr\/gagner-un-cours-de-langue\/#breadcrumb\",\"itemListElement\":[{\"@type\":\"ListItem\",\"position\":1,\"name\":\"Home\",\"item\":\"https:\/\/quitt.ch\/fr\/\"},{\"@type\":\"ListItem\",\"position\":2,\"name\":\"Gagner un cours de langue\"}]},{\"@type\":\"WebSite\",\"@id\":\"https:\/\/quitt.ch\/#website\",\"url\":\"https:\/\/quitt.ch\/\",\"name\":\"quitt\",\"description\":\"Einfach richtig anstellen - Haushaltshilfen versichern und Lohn abrechnen.\",\"publisher\":{\"@id\":\"https:\/\/quitt.ch\/#organization\"},\"potentialAction\":[{\"@type\":\"SearchAction\",\"target\":{\"@type\":\"EntryPoint\",\"urlTemplate\":\"https:\/\/quitt.ch\/?s={search_term_string}\"},\"query-input\":{\"@type\":\"PropertyValueSpecification\",\"valueRequired\":true,\"valueName\":\"search_term_string\"}}],\"inLanguage\":\"fr-FR\"},{\"@type\":\"Organization\",\"@id\":\"https:\/\/quitt.ch\/#organization\",\"name\":\"quitt. - ServiceHunterAG\",\"url\":\"https:\/\/quitt.ch\/\",\"logo\":{\"@type\":\"ImageObject\",\"inLanguage\":\"fr-FR\",\"@id\":\"https:\/\/quitt.ch\/#\/schema\/logo\/image\/\",\"url\":\"https:\/\/quitt.ch\/wp-content\/uploads\/quitt._Profilbild_LinkedIn.jpg\",\"contentUrl\":\"https:\/\/quitt.ch\/wp-content\/uploads\/quitt._Profilbild_LinkedIn.jpg\",\"width\":170,\"height\":170,\"caption\":\"quitt. - ServiceHunterAG\"},\"image\":{\"@id\":\"https:\/\/quitt.ch\/#\/schema\/logo\/image\/\"},\"sameAs\":[\"https:\/\/www.facebook.com\/quitt.ch\/\",\"https:\/\/x.com\/quittCH\",\"https:\/\/www.linkedin.com\/company\/servicehunter-ag-quitt-ch\",\"https:\/\/de.pinterest.com\/quittch\/\",\"https:\/\/www.youtube.com\/channel\/UCjwpajpPPM9ZzZQ0QbAtliQ\"]}]}<\/script>\n<!-- \/ Yoast SEO Premium plugin. -->","yoast_head_json":{"title":"Gagner un cours de langue - quitt.","robots":{"index":"index","follow":"follow","max-snippet":"max-snippet:-1","max-image-preview":"max-image-preview:large","max-video-preview":"max-video-preview:-1"},"canonical":"https:\/\/quitt.ch\/fr\/gagner-un-cours-de-langue\/","og_locale":"fr_FR","og_type":"article","og_title":"Gagner un cours de langue","og_description":"[vc_row css_animation=\u00a0\u00bbnone\u00a0\u00bb content_placement=\u00a0\u00bbmiddle\u00a0\u00bb][vc_column][vc_row_inner content_placement=\u00a0\u00bbmiddle\u00a0\u00bb el_class=\u00a0\u00bbswap-on-mobile\u00a0\u00bb][vc_column_inner width=\u00a0\u00bb1\/2&Prime;][vc_column_text] Gagnez un cours de langue [\/vc_column_text][vc_column_text]Le dialogue rapproche les personnes, c\u2019est pourquoi la communication entre employ\u00e9s et employeurs est essentielle pour de bonnes relations de travail. quitt finance des cours de langue pour les employ\u00e9s dans toute la Suisse. Les employ\u00e9s peuvent choisir entre un cours de langue en&hellip;","og_url":"https:\/\/quitt.ch\/fr\/gagner-un-cours-de-langue\/","og_site_name":"quitt.","article_publisher":"https:\/\/www.facebook.com\/quitt.ch\/","article_modified_time":"2025-11-12T15:30:29+00:00","twitter_card":"summary_large_image","twitter_site":"@quittCH","twitter_misc":{"Dur\u00e9e de lecture estim\u00e9e":"3 minutes"},"schema":{"@context":"https:\/\/schema.org","@graph":[{"@type":"WebPage","@id":"https:\/\/quitt.ch\/fr\/gagner-un-cours-de-langue\/","url":"https:\/\/quitt.ch\/fr\/gagner-un-cours-de-langue\/","name":"Gagner un cours de langue - quitt.","isPartOf":{"@id":"https:\/\/quitt.ch\/#website"},"datePublished":"2024-10-30T18:18:24+00:00","dateModified":"2025-11-12T15:30:29+00:00","breadcrumb":{"@id":"https:\/\/quitt.ch\/fr\/gagner-un-cours-de-langue\/#breadcrumb"},"inLanguage":"fr-FR","potentialAction":[{"@type":"ReadAction","target":["https:\/\/quitt.ch\/fr\/gagner-un-cours-de-langue\/"]}]},{"@type":"BreadcrumbList","@id":"https:\/\/quitt.ch\/fr\/gagner-un-cours-de-langue\/#breadcrumb","itemListElement":[{"@type":"ListItem","position":1,"name":"Home","item":"https:\/\/quitt.ch\/fr\/"},{"@type":"ListItem","position":2,"name":"Gagner un cours de langue"}]},{"@type":"WebSite","@id":"https:\/\/quitt.ch\/#website","url":"https:\/\/quitt.ch\/","name":"quitt","description":"Einfach richtig anstellen - Haushaltshilfen versichern und Lohn abrechnen.","publisher":{"@id":"https:\/\/quitt.ch\/#organization"},"potentialAction":[{"@type":"SearchAction","target":{"@type":"EntryPoint","urlTemplate":"https:\/\/quitt.ch\/?s={search_term_string}"},"query-input":{"@type":"PropertyValueSpecification","valueRequired":true,"valueName":"search_term_string"}}],"inLanguage":"fr-FR"},{"@type":"Organization","@id":"https:\/\/quitt.ch\/#organization","name":"quitt. - ServiceHunterAG","url":"https:\/\/quitt.ch\/","logo":{"@type":"ImageObject","inLanguage":"fr-FR","@id":"https:\/\/quitt.ch\/#\/schema\/logo\/image\/","url":"https:\/\/quitt.ch\/wp-content\/uploads\/quitt._Profilbild_LinkedIn.jpg","contentUrl":"https:\/\/quitt.ch\/wp-content\/uploads\/quitt._Profilbild_LinkedIn.jpg","width":170,"height":170,"caption":"quitt. - ServiceHunterAG"},"image":{"@id":"https:\/\/quitt.ch\/#\/schema\/logo\/image\/"},"sameAs":["https:\/\/www.facebook.com\/quitt.ch\/","https:\/\/x.com\/quittCH","https:\/\/www.linkedin.com\/company\/servicehunter-ag-quitt-ch","https:\/\/de.pinterest.com\/quittch\/","https:\/\/www.youtube.com\/channel\/UCjwpajpPPM9ZzZQ0QbAtliQ"]}]}},"_links":{"self":[{"href":"https:\/\/quitt.ch\/fr\/wp-json\/wp\/v2\/pages\/158538","targetHints":{"allow":["GET"]}}],"collection":[{"href":"https:\/\/quitt.ch\/fr\/wp-json\/wp\/v2\/pages"}],"about":[{"href":"https:\/\/quitt.ch\/fr\/wp-json\/wp\/v2\/types\/page"}],"author":[{"embeddable":true,"href":"https:\/\/quitt.ch\/fr\/wp-json\/wp\/v2\/users\/17"}],"replies":[{"embeddable":true,"href":"https:\/\/quitt.ch\/fr\/wp-json\/wp\/v2\/comments?post=158538"}],"version-history":[{"count":12,"href":"https:\/\/quitt.ch\/fr\/wp-json\/wp\/v2\/pages\/158538\/revisions"}],"predecessor-version":[{"id":160600,"href":"https:\/\/quitt.ch\/fr\/wp-json\/wp\/v2\/pages\/158538\/revisions\/160600"}],"wp:attachment":[{"href":"https:\/\/quitt.ch\/fr\/wp-json\/wp\/v2\/media?parent=158538"}],"curies":[{"name":"wp","href":"https:\/\/api.w.org\/{rel}","templated":true}]}}