{"id":150804,"date":"2023-02-03T13:08:36","date_gmt":"2023-02-03T12:08:36","guid":{"rendered":"https:\/\/quitt.ch\/?page_id=150804"},"modified":"2023-02-03T13:38:37","modified_gmt":"2023-02-03T12:38:37","slug":"confirmed-employment","status":"publish","type":"page","link":"https:\/\/quitt.ch\/fr\/confirmed-employment\/","title":{"rendered":"confirmed employment"},"content":{"rendered":"<div class=\"wpb-content-wrapper\">[vc_row][vc_column][vc_column_text]\n<h1>Relation de travail confirm\u00e9e avec succ\u00e8s<\/h1>\n[\/vc_column_text][\/vc_column][\/vc_row][vc_row el_class=\u00a0\u00bbsvg-remove-spacing-confirm-employment\u00a0\u00bb][vc_column][vc_raw_html]JTNDaW1nJTIwc3R5bGUlM0QlMjJoZWlnaHQlM0ElMjA0MHZoJTNCJTIyJTIwc3JjJTNEJTIyaHR0cHMlM0ElMkYlMkZxdWl0dC5jaCUyRndwLWNvbnRlbnQlMkZ1cGxvYWRzJTJGbXlxdWl0dCUyRnZlY3Rvci1hcnQlMkZIb3Vyc19hcmVfYWRkZWQuc3ZnJTIyJTNFJTNDJTJGaW1nJTNF[\/vc_raw_html]<div class=\"vcex-spacing wpex-w-100 wpex-clear\" style=\"height:10vh;\"><\/div>[\/vc_column][\/vc_row][vc_row][vc_column][vc_column_text el_class=\u00a0\u00bbremove-spacing-employment-confirmation-title\u00a0\u00bb]\n<h2>Pr\u00eat \u00e0 travailler?<br \/>\nNous vous soutenons!<\/h2>\n[\/vc_column_text]<div class=\"vcex-spacing wpex-w-100 wpex-clear visible-desktop\" style=\"height:10vh;\"><\/div>[vc_column_text css=\u00a0\u00bb.vc_custom_1675426791302{margin-bottom: 15px !important;}\u00a0\u00bb]quitt est utile dans de nombreux domaines:[\/vc_column_text]<style>.vcex-list_item.vcex_69f474dbdb92e .vcex-list-item-icon-inner{color:#39ce79;}<\/style><div class=\"vcex-list_item vcex-module wpex-m-0 wpex-max-w-100 wpex-mb-5 vcex_69f474dbdb92e\"><div class=\"vcex-list-item-inner wpex-inline-flex wpex-flex-no-wrap\"><div class=\"vcex-list-item-icon wpex-mr-10\"><div class=\"vcex-list-item-icon-inner vcex-icon-wrap wpex-inline-flex wpex-justify-center wpex-items-center wpex-leading-none wpex-child-inherit-color\"><span class=\"wpex-icon--w wpex-icon\" aria-hidden=\"true\"><svg xmlns=\"http:\/\/www.w3.org\/2000\/svg\" viewBox=\"0 0 512 512\"><path d=\"M256 48a208 208 0 1 1 0 416 208 208 0 1 1 0-416zm0 464A256 256 0 1 0 256 0a256 256 0 1 0 0 512zM369 209c9.4-9.4 9.4-24.6 0-33.9s-24.6-9.4-33.9 0l-111 111-47-47c-9.4-9.4-24.6-9.4-33.9 0s-9.4 24.6 0 33.9l64 64c9.4 9.4 24.6 9.4 33.9 0L369 209z\"\/><\/svg><\/span><\/div><\/div><div class=\"vcex-list-item-text vcex-content wpex-flex-grow\">Relation de travail l\u00e9gale et \u00e9quitable<\/div><\/div><\/div><style>.vcex-list_item.vcex_69f474dbdbf1a .vcex-list-item-icon-inner{color:#39ce79;}<\/style><div class=\"vcex-list_item vcex-module wpex-m-0 wpex-max-w-100 wpex-mb-5 vcex_69f474dbdbf1a\"><div class=\"vcex-list-item-inner wpex-inline-flex wpex-flex-no-wrap\"><div class=\"vcex-list-item-icon wpex-mr-10\"><div class=\"vcex-list-item-icon-inner vcex-icon-wrap wpex-inline-flex wpex-justify-center wpex-items-center wpex-leading-none wpex-child-inherit-color\"><span class=\"wpex-icon--w wpex-icon\" aria-hidden=\"true\"><svg xmlns=\"http:\/\/www.w3.org\/2000\/svg\" viewBox=\"0 0 512 512\"><path d=\"M256 48a208 208 0 1 1 0 416 208 208 0 1 1 0-416zm0 464A256 256 0 1 0 256 0a256 256 0 1 0 0 512zM369 209c9.4-9.4 9.4-24.6 0-33.9s-24.6-9.4-33.9 0l-111 111-47-47c-9.4-9.4-24.6-9.4-33.9 0s-9.4 24.6 0 33.9l64 64c9.4 9.4 24.6 9.4 33.9 0L369 209z\"\/><\/svg><\/span><\/div><\/div><div class=\"vcex-list-item-text vcex-content wpex-flex-grow\">Gagner de l&rsquo;argent par recommandation<\/div><\/div><\/div><style>.vcex-list_item.vcex_69f474dbdc42a .vcex-list-item-icon-inner{color:#39ce79;}<\/style><div class=\"vcex-list_item vcex-module wpex-m-0 wpex-max-w-100 wpex-mb-5 vcex_69f474dbdc42a\"><div class=\"vcex-list-item-inner wpex-inline-flex wpex-flex-no-wrap\"><div class=\"vcex-list-item-icon wpex-mr-10\"><div class=\"vcex-list-item-icon-inner vcex-icon-wrap wpex-inline-flex wpex-justify-center wpex-items-center wpex-leading-none wpex-child-inherit-color\"><span class=\"wpex-icon--w wpex-icon\" aria-hidden=\"true\"><svg xmlns=\"http:\/\/www.w3.org\/2000\/svg\" viewBox=\"0 0 512 512\"><path d=\"M256 48a208 208 0 1 1 0 416 208 208 0 1 1 0-416zm0 464A256 256 0 1 0 256 0a256 256 0 1 0 0 512zM369 209c9.4-9.4 9.4-24.6 0-33.9s-24.6-9.4-33.9 0l-111 111-47-47c-9.4-9.4-24.6-9.4-33.9 0s-9.4 24.6 0 33.9l64 64c9.4 9.4 24.6 9.4 33.9 0L369 209z\"\/><\/svg><\/span><\/div><\/div><div class=\"vcex-list-item-text vcex-content wpex-flex-grow\">Assur\u00e9 en cas d&rsquo;urgence<\/div><\/div><\/div><style>.vcex-list_item.vcex_69f474dbdca17 .vcex-list-item-icon-inner{color:#39ce79;}<\/style><div class=\"vcex-list_item vcex-module wpex-m-0 wpex-max-w-100 wpex-mb-5 vcex_69f474dbdca17\"><div class=\"vcex-list-item-inner wpex-inline-flex wpex-flex-no-wrap\"><div class=\"vcex-list-item-icon wpex-mr-10\"><div class=\"vcex-list-item-icon-inner vcex-icon-wrap wpex-inline-flex wpex-justify-center wpex-items-center wpex-leading-none wpex-child-inherit-color\"><span class=\"wpex-icon--w wpex-icon\" aria-hidden=\"true\"><svg xmlns=\"http:\/\/www.w3.org\/2000\/svg\" viewBox=\"0 0 512 512\"><path d=\"M256 48a208 208 0 1 1 0 416 208 208 0 1 1 0-416zm0 464A256 256 0 1 0 256 0a256 256 0 1 0 0 512zM369 209c9.4-9.4 9.4-24.6 0-33.9s-24.6-9.4-33.9 0l-111 111-47-47c-9.4-9.4-24.6-9.4-33.9 0s-9.4 24.6 0 33.9l64 64c9.4 9.4 24.6 9.4 33.9 0L369 209z\"\/><\/svg><\/span><\/div><\/div><div class=\"vcex-list-item-text vcex-content wpex-flex-grow\">\u00c9v\u00e9nements pour employ\u00e9s<\/div><\/div><\/div><style>.vcex-list_item.vcex_69f474dbdcefc .vcex-list-item-icon-inner{color:#39ce79;}<\/style><div class=\"vcex-list_item vcex-module wpex-m-0 wpex-max-w-100 wpex-mb-5 vcex_69f474dbdcefc\"><div class=\"vcex-list-item-inner wpex-inline-flex wpex-flex-no-wrap\"><div class=\"vcex-list-item-icon wpex-mr-10\"><div class=\"vcex-list-item-icon-inner vcex-icon-wrap wpex-inline-flex wpex-justify-center wpex-items-center wpex-leading-none wpex-child-inherit-color\"><span class=\"wpex-icon--w wpex-icon\" aria-hidden=\"true\"><svg xmlns=\"http:\/\/www.w3.org\/2000\/svg\" viewBox=\"0 0 512 512\"><path d=\"M256 48a208 208 0 1 1 0 416 208 208 0 1 1 0-416zm0 464A256 256 0 1 0 256 0a256 256 0 1 0 0 512zM369 209c9.4-9.4 9.4-24.6 0-33.9s-24.6-9.4-33.9 0l-111 111-47-47c-9.4-9.4-24.6-9.4-33.9 0s-9.4 24.6 0 33.9l64 64c9.4 9.4 24.6 9.4 33.9 0L369 209z\"\/><\/svg><\/span><\/div><\/div><div class=\"vcex-list-item-text vcex-content wpex-flex-grow\">Tous les documents relatifs \u00e0 votre relation de travail num\u00e9riques<\/div><\/div><\/div>[\/vc_column][\/vc_row][vc_row][vc_column]<div class=\"vcex-spacing wpex-w-100 wpex-clear\"><\/div><style>.vcex-button.vcex_69f474dbddbed{width:100%;}<\/style><div class=\"theme-button-wrap textcenter wpex-clr\"><a href=\"https:\/\/my.quitt.ch\/de\/login?\" class=\"vcex-button theme-button align-center inline wpex-flex-shrink-0 vcex_69f474dbddbed\"><span class=\"vcex-button-inner theme-button-inner wpex-flex wpex-flex-wrap wpex-items-center wpex-justify-center\">VERS LA CONNEXION<\/span><\/a><\/div> [\/vc_column][\/vc_row][vc_row][vc_column]<div class=\"vcex-spacing wpex-w-100 wpex-clear\" style=\"height:10vh;\"><\/div>[\/vc_column][\/vc_row]\n<\/div>","protected":false},"excerpt":{"rendered":"<p>[vc_row][vc_column][vc_column_text] Relation de travail confirm\u00e9e avec succ\u00e8s [\/vc_column_text][\/vc_column][\/vc_row][vc_row el_class=\u00a0\u00bbsvg-remove-spacing-confirm-employment\u00a0\u00bb][vc_column][vc_raw_html]JTNDaW1nJTIwc3R5bGUlM0QlMjJoZWlnaHQlM0ElMjA0MHZoJTNCJTIyJTIwc3JjJTNEJTIyaHR0cHMlM0ElMkYlMkZxdWl0dC5jaCUyRndwLWNvbnRlbnQlMkZ1cGxvYWRzJTJGbXlxdWl0dCUyRnZlY3Rvci1hcnQlMkZIb3Vyc19hcmVfYWRkZWQuc3ZnJTIyJTNFJTNDJTJGaW1nJTNF[\/vc_raw_html][\/vc_column][\/vc_row][vc_row][vc_column][vc_column_text el_class=\u00a0\u00bbremove-spacing-employment-confirmation-title\u00a0\u00bb] Pr\u00eat \u00e0 travailler? Nous vous soutenons! [\/vc_column_text][vc_column_text css=\u00a0\u00bb.vc_custom_1675426791302{margin-bottom: 15px !important;}\u00a0\u00bb]quitt est utile dans de nombreux domaines:[\/vc_column_text][\/vc_column][\/vc_row][vc_row][vc_column][\/vc_column][\/vc_row][vc_row][vc_column][\/vc_column][\/vc_row]<\/p>\n","protected":false},"author":17,"featured_media":0,"parent":0,"menu_order":0,"comment_status":"closed","ping_status":"closed","template":"","meta":{"inline_featured_image":false,"footnotes":""},"class_list":["post-150804","page","type-page","status-publish","hentry","entry","no-media"],"yoast_head":"<!-- This site is optimized with the Yoast SEO Premium plugin v26.5 (Yoast SEO v26.5) - https:\/\/yoast.com\/wordpress\/plugins\/seo\/ -->\n<title>confirmed employment - quitt.<\/title>\n<meta name=\"robots\" content=\"index, follow, max-snippet:-1, max-image-preview:large, max-video-preview:-1\" \/>\n<link rel=\"canonical\" href=\"https:\/\/quitt.ch\/fr\/confirmed-employment\/\" \/>\n<meta property=\"og:locale\" content=\"fr_FR\" \/>\n<meta property=\"og:type\" content=\"article\" \/>\n<meta property=\"og:title\" content=\"confirmed employment\" \/>\n<meta property=\"og:description\" content=\"[vc_row][vc_column][vc_column_text] Relation de travail confirm\u00e9e avec succ\u00e8s [\/vc_column_text][\/vc_column][\/vc_row][vc_row el_class=\u00a0\u00bbsvg-remove-spacing-confirm-employment\u00a0\u00bb][vc_column][vc_raw_html]JTNDaW1nJTIwc3R5bGUlM0QlMjJoZWlnaHQlM0ElMjA0MHZoJTNCJTIyJTIwc3JjJTNEJTIyaHR0cHMlM0ElMkYlMkZxdWl0dC5jaCUyRndwLWNvbnRlbnQlMkZ1cGxvYWRzJTJGbXlxdWl0dCUyRnZlY3Rvci1hcnQlMkZIb3Vyc19hcmVfYWRkZWQuc3ZnJTIyJTNFJTNDJTJGaW1nJTNF[\/vc_raw_html][\/vc_column][\/vc_row][vc_row][vc_column][vc_column_text el_class=\u00a0\u00bbremove-spacing-employment-confirmation-title\u00a0\u00bb] Pr\u00eat \u00e0 travailler? Nous vous soutenons! [\/vc_column_text][vc_column_text css=\u00a0\u00bb.vc_custom_1675426791302{margin-bottom: 15px !important;}\u00a0\u00bb]quitt est utile dans de nombreux domaines:[\/vc_column_text][\/vc_column][\/vc_row][vc_row][vc_column][\/vc_column][\/vc_row][vc_row][vc_column][\/vc_column][\/vc_row]\" \/>\n<meta property=\"og:url\" content=\"https:\/\/quitt.ch\/fr\/confirmed-employment\/\" \/>\n<meta property=\"og:site_name\" content=\"quitt.\" \/>\n<meta property=\"article:publisher\" content=\"https:\/\/www.facebook.com\/quitt.ch\/\" \/>\n<meta property=\"article:modified_time\" content=\"2023-02-03T12:38:37+00:00\" \/>\n<meta name=\"twitter:card\" content=\"summary_large_image\" \/>\n<meta name=\"twitter:site\" content=\"@quittCH\" \/>\n<meta name=\"twitter:label1\" content=\"Dur\u00e9e de lecture estim\u00e9e\" \/>\n\t<meta name=\"twitter:data1\" content=\"1 minute\" \/>\n<script type=\"application\/ld+json\" class=\"yoast-schema-graph\">{\"@context\":\"https:\/\/schema.org\",\"@graph\":[{\"@type\":\"WebPage\",\"@id\":\"https:\/\/quitt.ch\/fr\/confirmed-employment\/\",\"url\":\"https:\/\/quitt.ch\/fr\/confirmed-employment\/\",\"name\":\"confirmed employment - quitt.\",\"isPartOf\":{\"@id\":\"https:\/\/quitt.ch\/#website\"},\"datePublished\":\"2023-02-03T12:08:36+00:00\",\"dateModified\":\"2023-02-03T12:38:37+00:00\",\"breadcrumb\":{\"@id\":\"https:\/\/quitt.ch\/fr\/confirmed-employment\/#breadcrumb\"},\"inLanguage\":\"fr-FR\",\"potentialAction\":[{\"@type\":\"ReadAction\",\"target\":[\"https:\/\/quitt.ch\/fr\/confirmed-employment\/\"]}]},{\"@type\":\"BreadcrumbList\",\"@id\":\"https:\/\/quitt.ch\/fr\/confirmed-employment\/#breadcrumb\",\"itemListElement\":[{\"@type\":\"ListItem\",\"position\":1,\"name\":\"Home\",\"item\":\"https:\/\/quitt.ch\/fr\/\"},{\"@type\":\"ListItem\",\"position\":2,\"name\":\"confirmed employment\"}]},{\"@type\":\"WebSite\",\"@id\":\"https:\/\/quitt.ch\/#website\",\"url\":\"https:\/\/quitt.ch\/\",\"name\":\"quitt\",\"description\":\"Einfach richtig anstellen - Haushaltshilfen versichern und Lohn abrechnen.\",\"publisher\":{\"@id\":\"https:\/\/quitt.ch\/#organization\"},\"potentialAction\":[{\"@type\":\"SearchAction\",\"target\":{\"@type\":\"EntryPoint\",\"urlTemplate\":\"https:\/\/quitt.ch\/?s={search_term_string}\"},\"query-input\":{\"@type\":\"PropertyValueSpecification\",\"valueRequired\":true,\"valueName\":\"search_term_string\"}}],\"inLanguage\":\"fr-FR\"},{\"@type\":\"Organization\",\"@id\":\"https:\/\/quitt.ch\/#organization\",\"name\":\"quitt. - ServiceHunterAG\",\"url\":\"https:\/\/quitt.ch\/\",\"logo\":{\"@type\":\"ImageObject\",\"inLanguage\":\"fr-FR\",\"@id\":\"https:\/\/quitt.ch\/#\/schema\/logo\/image\/\",\"url\":\"https:\/\/quitt.ch\/wp-content\/uploads\/quitt._Profilbild_LinkedIn.jpg\",\"contentUrl\":\"https:\/\/quitt.ch\/wp-content\/uploads\/quitt._Profilbild_LinkedIn.jpg\",\"width\":170,\"height\":170,\"caption\":\"quitt. - ServiceHunterAG\"},\"image\":{\"@id\":\"https:\/\/quitt.ch\/#\/schema\/logo\/image\/\"},\"sameAs\":[\"https:\/\/www.facebook.com\/quitt.ch\/\",\"https:\/\/x.com\/quittCH\",\"https:\/\/www.linkedin.com\/company\/servicehunter-ag-quitt-ch\",\"https:\/\/de.pinterest.com\/quittch\/\",\"https:\/\/www.youtube.com\/channel\/UCjwpajpPPM9ZzZQ0QbAtliQ\"]}]}<\/script>\n<!-- \/ Yoast SEO Premium plugin. -->","yoast_head_json":{"title":"confirmed employment - quitt.","robots":{"index":"index","follow":"follow","max-snippet":"max-snippet:-1","max-image-preview":"max-image-preview:large","max-video-preview":"max-video-preview:-1"},"canonical":"https:\/\/quitt.ch\/fr\/confirmed-employment\/","og_locale":"fr_FR","og_type":"article","og_title":"confirmed employment","og_description":"[vc_row][vc_column][vc_column_text] Relation de travail confirm\u00e9e avec succ\u00e8s [\/vc_column_text][\/vc_column][\/vc_row][vc_row el_class=\u00a0\u00bbsvg-remove-spacing-confirm-employment\u00a0\u00bb][vc_column][vc_raw_html]JTNDaW1nJTIwc3R5bGUlM0QlMjJoZWlnaHQlM0ElMjA0MHZoJTNCJTIyJTIwc3JjJTNEJTIyaHR0cHMlM0ElMkYlMkZxdWl0dC5jaCUyRndwLWNvbnRlbnQlMkZ1cGxvYWRzJTJGbXlxdWl0dCUyRnZlY3Rvci1hcnQlMkZIb3Vyc19hcmVfYWRkZWQuc3ZnJTIyJTNFJTNDJTJGaW1nJTNF[\/vc_raw_html][\/vc_column][\/vc_row][vc_row][vc_column][vc_column_text el_class=\u00a0\u00bbremove-spacing-employment-confirmation-title\u00a0\u00bb] Pr\u00eat \u00e0 travailler? Nous vous soutenons! [\/vc_column_text][vc_column_text css=\u00a0\u00bb.vc_custom_1675426791302{margin-bottom: 15px !important;}\u00a0\u00bb]quitt est utile dans de nombreux domaines:[\/vc_column_text][\/vc_column][\/vc_row][vc_row][vc_column][\/vc_column][\/vc_row][vc_row][vc_column][\/vc_column][\/vc_row]","og_url":"https:\/\/quitt.ch\/fr\/confirmed-employment\/","og_site_name":"quitt.","article_publisher":"https:\/\/www.facebook.com\/quitt.ch\/","article_modified_time":"2023-02-03T12:38:37+00:00","twitter_card":"summary_large_image","twitter_site":"@quittCH","twitter_misc":{"Dur\u00e9e de lecture estim\u00e9e":"1 minute"},"schema":{"@context":"https:\/\/schema.org","@graph":[{"@type":"WebPage","@id":"https:\/\/quitt.ch\/fr\/confirmed-employment\/","url":"https:\/\/quitt.ch\/fr\/confirmed-employment\/","name":"confirmed employment - quitt.","isPartOf":{"@id":"https:\/\/quitt.ch\/#website"},"datePublished":"2023-02-03T12:08:36+00:00","dateModified":"2023-02-03T12:38:37+00:00","breadcrumb":{"@id":"https:\/\/quitt.ch\/fr\/confirmed-employment\/#breadcrumb"},"inLanguage":"fr-FR","potentialAction":[{"@type":"ReadAction","target":["https:\/\/quitt.ch\/fr\/confirmed-employment\/"]}]},{"@type":"BreadcrumbList","@id":"https:\/\/quitt.ch\/fr\/confirmed-employment\/#breadcrumb","itemListElement":[{"@type":"ListItem","position":1,"name":"Home","item":"https:\/\/quitt.ch\/fr\/"},{"@type":"ListItem","position":2,"name":"confirmed employment"}]},{"@type":"WebSite","@id":"https:\/\/quitt.ch\/#website","url":"https:\/\/quitt.ch\/","name":"quitt","description":"Einfach richtig anstellen - Haushaltshilfen versichern und Lohn abrechnen.","publisher":{"@id":"https:\/\/quitt.ch\/#organization"},"potentialAction":[{"@type":"SearchAction","target":{"@type":"EntryPoint","urlTemplate":"https:\/\/quitt.ch\/?s={search_term_string}"},"query-input":{"@type":"PropertyValueSpecification","valueRequired":true,"valueName":"search_term_string"}}],"inLanguage":"fr-FR"},{"@type":"Organization","@id":"https:\/\/quitt.ch\/#organization","name":"quitt. - ServiceHunterAG","url":"https:\/\/quitt.ch\/","logo":{"@type":"ImageObject","inLanguage":"fr-FR","@id":"https:\/\/quitt.ch\/#\/schema\/logo\/image\/","url":"https:\/\/quitt.ch\/wp-content\/uploads\/quitt._Profilbild_LinkedIn.jpg","contentUrl":"https:\/\/quitt.ch\/wp-content\/uploads\/quitt._Profilbild_LinkedIn.jpg","width":170,"height":170,"caption":"quitt. - ServiceHunterAG"},"image":{"@id":"https:\/\/quitt.ch\/#\/schema\/logo\/image\/"},"sameAs":["https:\/\/www.facebook.com\/quitt.ch\/","https:\/\/x.com\/quittCH","https:\/\/www.linkedin.com\/company\/servicehunter-ag-quitt-ch","https:\/\/de.pinterest.com\/quittch\/","https:\/\/www.youtube.com\/channel\/UCjwpajpPPM9ZzZQ0QbAtliQ"]}]}},"_links":{"self":[{"href":"https:\/\/quitt.ch\/fr\/wp-json\/wp\/v2\/pages\/150804","targetHints":{"allow":["GET"]}}],"collection":[{"href":"https:\/\/quitt.ch\/fr\/wp-json\/wp\/v2\/pages"}],"about":[{"href":"https:\/\/quitt.ch\/fr\/wp-json\/wp\/v2\/types\/page"}],"author":[{"embeddable":true,"href":"https:\/\/quitt.ch\/fr\/wp-json\/wp\/v2\/users\/17"}],"replies":[{"embeddable":true,"href":"https:\/\/quitt.ch\/fr\/wp-json\/wp\/v2\/comments?post=150804"}],"version-history":[{"count":4,"href":"https:\/\/quitt.ch\/fr\/wp-json\/wp\/v2\/pages\/150804\/revisions"}],"predecessor-version":[{"id":150809,"href":"https:\/\/quitt.ch\/fr\/wp-json\/wp\/v2\/pages\/150804\/revisions\/150809"}],"wp:attachment":[{"href":"https:\/\/quitt.ch\/fr\/wp-json\/wp\/v2\/media?parent=150804"}],"curies":[{"name":"wp","href":"https:\/\/api.w.org\/{rel}","templated":true}]}}