{"id":146751,"date":"2022-04-22T08:27:28","date_gmt":"2022-04-22T06:27:28","guid":{"rendered":"https:\/\/quitt.ch\/?page_id=146751"},"modified":"2023-10-05T16:25:22","modified_gmt":"2023-10-05T14:25:22","slug":"trouver-une-aide-a-domicile","status":"publish","type":"page","link":"https:\/\/quitt.ch\/fr\/trouver-une-aide-a-domicile\/","title":{"rendered":"trouver une aide \u00e0 domicile"},"content":{"rendered":"<div class=\"wpb-content-wrapper\">[vc_row full_height=\u00a0\u00bbyes\u00a0\u00bb][vc_column width=\u00a0\u00bb1\/4&Prime;][\/vc_column][vc_column width=\u00a0\u00bb1\/2&Prime;][vc_single_image image=\u00a0\u00bb151193&Prime; alignment=\u00a0\u00bbcenter\u00a0\u00bb]<div class=\"vcex-spacing wpex-w-100 wpex-clear\"><\/div>[vc_column_text]\n<h1 style=\"text-align: center;\">Plate-forme de placement abandonn\u00e9e&#8230;<\/h1>\n[\/vc_column_text]<div class=\"vcex-spacing wpex-w-100 wpex-clear\"><\/div>[vc_column_text]\n<p style=\"text-align: center;\">Selon la d\u00e9cision du Secr\u00e9tariat d&rsquo;Etat \u00e0 l&rsquo;\u00e9conomie (SECO), les entreprises qui se chargent de l&rsquo;administration des rapports de travail ne peuvent pas en m\u00eame temps aider \u00e0 la recherche d&#8217;emploi. C&rsquo;est pourquoi la loi nous oblige \u00e0 mettre fin \u00e0 ce service.<\/p>\n[\/vc_column_text]<div class=\"vcex-spacing wpex-w-100 wpex-clear\"><\/div><style>.vcex-button.vcex_69d4d1b5e3c1f{background:#fffa3e;color:#000000!important;}.vcex-button.vcex_69d4d1b5e3c1f:hover{background:#f1ea00!important;color:#000000!important;}<\/style><div class=\"theme-button-wrap textcenter wpex-clr\"><a href=\"http:\/\/quitt.ch\/fr\" class=\"vcex-button theme-button align-center inline vcex_69d4d1b5e3c1f\"><span class=\"vcex-button-inner theme-button-inner wpex-flex wpex-flex-wrap wpex-items-center wpex-justify-center\">RETOUR \u00c0 QUITT<\/span><\/a><\/div> [\/vc_column][vc_column width=\u00a0\u00bb1\/4&Prime;][\/vc_column][\/vc_row]\n<\/div>","protected":false},"excerpt":{"rendered":"<p>[vc_row full_height=\u00a0\u00bbyes\u00a0\u00bb][vc_column width=\u00a0\u00bb1\/4&Prime;][\/vc_column][vc_column width=\u00a0\u00bb1\/2&Prime;][vc_single_image image=\u00a0\u00bb151193&Prime; alignment=\u00a0\u00bbcenter\u00a0\u00bb][vc_column_text] Plate-forme de placement abandonn\u00e9e&#8230; [\/vc_column_text][vc_column_text] Selon la d\u00e9cision du Secr\u00e9tariat d&rsquo;Etat \u00e0 l&rsquo;\u00e9conomie (SECO), les entreprises qui se chargent de l&rsquo;administration des rapports de travail ne peuvent pas en m\u00eame temps aider \u00e0 la recherche d&#8217;emploi. C&rsquo;est pourquoi la loi nous oblige \u00e0 mettre fin \u00e0 ce service. [\/vc_column_text][\/vc_column][vc_column&hellip;<\/p>\n","protected":false},"author":17,"featured_media":0,"parent":0,"menu_order":0,"comment_status":"closed","ping_status":"closed","template":"","meta":{"inline_featured_image":false,"footnotes":""},"class_list":["post-146751","page","type-page","status-publish","hentry","entry","no-media"],"yoast_head":"<!-- This site is optimized with the Yoast SEO Premium plugin v26.5 (Yoast SEO v26.5) - https:\/\/yoast.com\/wordpress\/plugins\/seo\/ -->\n<title>trouver une aide \u00e0 domicile - quitt.<\/title>\n<meta name=\"robots\" content=\"index, follow, max-snippet:-1, max-image-preview:large, max-video-preview:-1\" \/>\n<link rel=\"canonical\" href=\"https:\/\/quitt.ch\/fr\/trouver-une-aide-a-domicile\/\" \/>\n<meta property=\"og:locale\" content=\"fr_FR\" \/>\n<meta property=\"og:type\" content=\"article\" \/>\n<meta property=\"og:title\" content=\"trouver une aide \u00e0 domicile\" \/>\n<meta property=\"og:description\" content=\"[vc_row full_height=\u00a0\u00bbyes\u00a0\u00bb][vc_column width=\u00a0\u00bb1\/4&Prime;][\/vc_column][vc_column width=\u00a0\u00bb1\/2&Prime;][vc_single_image image=\u00a0\u00bb151193&Prime; alignment=\u00a0\u00bbcenter\u00a0\u00bb][vc_column_text] Plate-forme de placement abandonn\u00e9e&#8230; [\/vc_column_text][vc_column_text] Selon la d\u00e9cision du Secr\u00e9tariat d&rsquo;Etat \u00e0 l&rsquo;\u00e9conomie (SECO), les entreprises qui se chargent de l&rsquo;administration des rapports de travail ne peuvent pas en m\u00eame temps aider \u00e0 la recherche d&#8217;emploi. C&rsquo;est pourquoi la loi nous oblige \u00e0 mettre fin \u00e0 ce service. [\/vc_column_text][\/vc_column][vc_column&hellip;\" \/>\n<meta property=\"og:url\" content=\"https:\/\/quitt.ch\/fr\/trouver-une-aide-a-domicile\/\" \/>\n<meta property=\"og:site_name\" content=\"quitt.\" \/>\n<meta property=\"article:publisher\" content=\"https:\/\/www.facebook.com\/quitt.ch\/\" \/>\n<meta property=\"article:modified_time\" content=\"2023-10-05T14:25:22+00:00\" \/>\n<meta name=\"twitter:card\" content=\"summary_large_image\" \/>\n<meta name=\"twitter:site\" content=\"@quittCH\" \/>\n<meta name=\"twitter:label1\" content=\"Dur\u00e9e de lecture estim\u00e9e\" \/>\n\t<meta name=\"twitter:data1\" content=\"1 minute\" \/>\n<script type=\"application\/ld+json\" class=\"yoast-schema-graph\">{\"@context\":\"https:\/\/schema.org\",\"@graph\":[{\"@type\":\"WebPage\",\"@id\":\"https:\/\/quitt.ch\/fr\/trouver-une-aide-a-domicile\/\",\"url\":\"https:\/\/quitt.ch\/fr\/trouver-une-aide-a-domicile\/\",\"name\":\"trouver une aide \u00e0 domicile - quitt.\",\"isPartOf\":{\"@id\":\"https:\/\/quitt.ch\/#website\"},\"datePublished\":\"2022-04-22T06:27:28+00:00\",\"dateModified\":\"2023-10-05T14:25:22+00:00\",\"breadcrumb\":{\"@id\":\"https:\/\/quitt.ch\/fr\/trouver-une-aide-a-domicile\/#breadcrumb\"},\"inLanguage\":\"fr-FR\",\"potentialAction\":[{\"@type\":\"ReadAction\",\"target\":[\"https:\/\/quitt.ch\/fr\/trouver-une-aide-a-domicile\/\"]}]},{\"@type\":\"BreadcrumbList\",\"@id\":\"https:\/\/quitt.ch\/fr\/trouver-une-aide-a-domicile\/#breadcrumb\",\"itemListElement\":[{\"@type\":\"ListItem\",\"position\":1,\"name\":\"Home\",\"item\":\"https:\/\/quitt.ch\/fr\/\"},{\"@type\":\"ListItem\",\"position\":2,\"name\":\"trouver une aide \u00e0 domicile\"}]},{\"@type\":\"WebSite\",\"@id\":\"https:\/\/quitt.ch\/#website\",\"url\":\"https:\/\/quitt.ch\/\",\"name\":\"quitt\",\"description\":\"Einfach richtig anstellen - Haushaltshilfen versichern und Lohn abrechnen.\",\"publisher\":{\"@id\":\"https:\/\/quitt.ch\/#organization\"},\"potentialAction\":[{\"@type\":\"SearchAction\",\"target\":{\"@type\":\"EntryPoint\",\"urlTemplate\":\"https:\/\/quitt.ch\/?s={search_term_string}\"},\"query-input\":{\"@type\":\"PropertyValueSpecification\",\"valueRequired\":true,\"valueName\":\"search_term_string\"}}],\"inLanguage\":\"fr-FR\"},{\"@type\":\"Organization\",\"@id\":\"https:\/\/quitt.ch\/#organization\",\"name\":\"quitt. - ServiceHunterAG\",\"url\":\"https:\/\/quitt.ch\/\",\"logo\":{\"@type\":\"ImageObject\",\"inLanguage\":\"fr-FR\",\"@id\":\"https:\/\/quitt.ch\/#\/schema\/logo\/image\/\",\"url\":\"https:\/\/quitt.ch\/wp-content\/uploads\/quitt._Profilbild_LinkedIn.jpg\",\"contentUrl\":\"https:\/\/quitt.ch\/wp-content\/uploads\/quitt._Profilbild_LinkedIn.jpg\",\"width\":170,\"height\":170,\"caption\":\"quitt. - ServiceHunterAG\"},\"image\":{\"@id\":\"https:\/\/quitt.ch\/#\/schema\/logo\/image\/\"},\"sameAs\":[\"https:\/\/www.facebook.com\/quitt.ch\/\",\"https:\/\/x.com\/quittCH\",\"https:\/\/www.linkedin.com\/company\/servicehunter-ag-quitt-ch\",\"https:\/\/de.pinterest.com\/quittch\/\",\"https:\/\/www.youtube.com\/channel\/UCjwpajpPPM9ZzZQ0QbAtliQ\"]}]}<\/script>\n<!-- \/ Yoast SEO Premium plugin. -->","yoast_head_json":{"title":"trouver une aide \u00e0 domicile - quitt.","robots":{"index":"index","follow":"follow","max-snippet":"max-snippet:-1","max-image-preview":"max-image-preview:large","max-video-preview":"max-video-preview:-1"},"canonical":"https:\/\/quitt.ch\/fr\/trouver-une-aide-a-domicile\/","og_locale":"fr_FR","og_type":"article","og_title":"trouver une aide \u00e0 domicile","og_description":"[vc_row full_height=\u00a0\u00bbyes\u00a0\u00bb][vc_column width=\u00a0\u00bb1\/4&Prime;][\/vc_column][vc_column width=\u00a0\u00bb1\/2&Prime;][vc_single_image image=\u00a0\u00bb151193&Prime; alignment=\u00a0\u00bbcenter\u00a0\u00bb][vc_column_text] Plate-forme de placement abandonn\u00e9e&#8230; [\/vc_column_text][vc_column_text] Selon la d\u00e9cision du Secr\u00e9tariat d&rsquo;Etat \u00e0 l&rsquo;\u00e9conomie (SECO), les entreprises qui se chargent de l&rsquo;administration des rapports de travail ne peuvent pas en m\u00eame temps aider \u00e0 la recherche d&#8217;emploi. C&rsquo;est pourquoi la loi nous oblige \u00e0 mettre fin \u00e0 ce service. [\/vc_column_text][\/vc_column][vc_column&hellip;","og_url":"https:\/\/quitt.ch\/fr\/trouver-une-aide-a-domicile\/","og_site_name":"quitt.","article_publisher":"https:\/\/www.facebook.com\/quitt.ch\/","article_modified_time":"2023-10-05T14:25:22+00:00","twitter_card":"summary_large_image","twitter_site":"@quittCH","twitter_misc":{"Dur\u00e9e de lecture estim\u00e9e":"1 minute"},"schema":{"@context":"https:\/\/schema.org","@graph":[{"@type":"WebPage","@id":"https:\/\/quitt.ch\/fr\/trouver-une-aide-a-domicile\/","url":"https:\/\/quitt.ch\/fr\/trouver-une-aide-a-domicile\/","name":"trouver une aide \u00e0 domicile - quitt.","isPartOf":{"@id":"https:\/\/quitt.ch\/#website"},"datePublished":"2022-04-22T06:27:28+00:00","dateModified":"2023-10-05T14:25:22+00:00","breadcrumb":{"@id":"https:\/\/quitt.ch\/fr\/trouver-une-aide-a-domicile\/#breadcrumb"},"inLanguage":"fr-FR","potentialAction":[{"@type":"ReadAction","target":["https:\/\/quitt.ch\/fr\/trouver-une-aide-a-domicile\/"]}]},{"@type":"BreadcrumbList","@id":"https:\/\/quitt.ch\/fr\/trouver-une-aide-a-domicile\/#breadcrumb","itemListElement":[{"@type":"ListItem","position":1,"name":"Home","item":"https:\/\/quitt.ch\/fr\/"},{"@type":"ListItem","position":2,"name":"trouver une aide \u00e0 domicile"}]},{"@type":"WebSite","@id":"https:\/\/quitt.ch\/#website","url":"https:\/\/quitt.ch\/","name":"quitt","description":"Einfach richtig anstellen - Haushaltshilfen versichern und Lohn abrechnen.","publisher":{"@id":"https:\/\/quitt.ch\/#organization"},"potentialAction":[{"@type":"SearchAction","target":{"@type":"EntryPoint","urlTemplate":"https:\/\/quitt.ch\/?s={search_term_string}"},"query-input":{"@type":"PropertyValueSpecification","valueRequired":true,"valueName":"search_term_string"}}],"inLanguage":"fr-FR"},{"@type":"Organization","@id":"https:\/\/quitt.ch\/#organization","name":"quitt. - ServiceHunterAG","url":"https:\/\/quitt.ch\/","logo":{"@type":"ImageObject","inLanguage":"fr-FR","@id":"https:\/\/quitt.ch\/#\/schema\/logo\/image\/","url":"https:\/\/quitt.ch\/wp-content\/uploads\/quitt._Profilbild_LinkedIn.jpg","contentUrl":"https:\/\/quitt.ch\/wp-content\/uploads\/quitt._Profilbild_LinkedIn.jpg","width":170,"height":170,"caption":"quitt. - ServiceHunterAG"},"image":{"@id":"https:\/\/quitt.ch\/#\/schema\/logo\/image\/"},"sameAs":["https:\/\/www.facebook.com\/quitt.ch\/","https:\/\/x.com\/quittCH","https:\/\/www.linkedin.com\/company\/servicehunter-ag-quitt-ch","https:\/\/de.pinterest.com\/quittch\/","https:\/\/www.youtube.com\/channel\/UCjwpajpPPM9ZzZQ0QbAtliQ"]}]}},"_links":{"self":[{"href":"https:\/\/quitt.ch\/fr\/wp-json\/wp\/v2\/pages\/146751","targetHints":{"allow":["GET"]}}],"collection":[{"href":"https:\/\/quitt.ch\/fr\/wp-json\/wp\/v2\/pages"}],"about":[{"href":"https:\/\/quitt.ch\/fr\/wp-json\/wp\/v2\/types\/page"}],"author":[{"embeddable":true,"href":"https:\/\/quitt.ch\/fr\/wp-json\/wp\/v2\/users\/17"}],"replies":[{"embeddable":true,"href":"https:\/\/quitt.ch\/fr\/wp-json\/wp\/v2\/comments?post=146751"}],"version-history":[{"count":16,"href":"https:\/\/quitt.ch\/fr\/wp-json\/wp\/v2\/pages\/146751\/revisions"}],"predecessor-version":[{"id":155455,"href":"https:\/\/quitt.ch\/fr\/wp-json\/wp\/v2\/pages\/146751\/revisions\/155455"}],"wp:attachment":[{"href":"https:\/\/quitt.ch\/fr\/wp-json\/wp\/v2\/media?parent=146751"}],"curies":[{"name":"wp","href":"https:\/\/api.w.org\/{rel}","templated":true}]}}