{"id":63079,"date":"2021-04-23T12:26:16","date_gmt":"2021-04-23T10:26:16","guid":{"rendered":"https:\/\/quitt.ch\/?page_id=63079"},"modified":"2023-10-11T10:46:20","modified_gmt":"2023-10-11T08:46:20","slug":"for-employees-safe-legal-and-fair","status":"publish","type":"page","link":"https:\/\/quitt.ch\/en\/for-employees-safe-legal-and-fair\/","title":{"rendered":"quitt.employees | easy.fair.social."},"content":{"rendered":"<div class=\"wpb-content-wrapper\">[vc_row css_animation=&#8221;none&#8221; content_placement=&#8221;middle&#8221; el_class=&#8221;swap-on-mobile&#8221;][vc_column]<div class=\"vcex-spacing wpex-w-100 wpex-clear hidden-phone\" style=\"height:10vh;\"><\/div>[vc_row_inner content_placement=&#8221;middle&#8221;][vc_column_inner width=&#8221;1\/2&#8243;][vc_column_text]\n<h1>The best way to get hired.<br \/>\n<span style=\"color: #3d43fc;\">Easy, fair &amp; digital.<\/span><\/h1>\n[\/vc_column_text]<div class=\"vcex-spacing wpex-w-100 wpex-clear\" style=\"height:30px;\"><\/div><style>.vcex-list_item.vcex_69d7044b67e6a .vcex-list-item-icon-inner{color:#39ce79;}<\/style><div class=\"vcex-list_item vcex-module wpex-m-0 wpex-max-w-100 wpex-mb-5 vcex_69d7044b67e6a\"><div class=\"vcex-list-item-inner wpex-inline-flex wpex-flex-no-wrap wpex-items-center\"><div class=\"vcex-list-item-icon wpex-mr-10\"><div class=\"vcex-list-item-icon-inner vcex-icon-wrap wpex-inline-flex wpex-justify-center wpex-items-center wpex-leading-none wpex-child-inherit-color\"><span class=\"wpex-icon--w wpex-icon\" aria-hidden=\"true\"><svg xmlns=\"http:\/\/www.w3.org\/2000\/svg\" viewBox=\"0 0 512 512\"><path d=\"M256 512A256 256 0 1 0 256 0a256 256 0 1 0 0 512zM369 209L241 337c-9.4 9.4-24.6 9.4-33.9 0l-64-64c-9.4-9.4-9.4-24.6 0-33.9s24.6-9.4 33.9 0l47 47L335 175c9.4-9.4 24.6-9.4 33.9 0s9.4 24.6 0 33.9z\"\/><\/svg><\/span><\/div><\/div><div class=\"vcex-list-item-text vcex-content wpex-flex-grow\">Insured in case of accident and illness<\/div><\/div><\/div><style>.vcex-list_item.vcex_69d7044b68362 .vcex-list-item-icon-inner{color:#39ce79;}<\/style><div class=\"vcex-list_item vcex-module wpex-m-0 wpex-max-w-100 wpex-mb-5 vcex_69d7044b68362\"><div class=\"vcex-list-item-inner wpex-inline-flex wpex-flex-no-wrap wpex-items-center\"><div class=\"vcex-list-item-icon wpex-mr-10\"><div class=\"vcex-list-item-icon-inner vcex-icon-wrap wpex-inline-flex wpex-justify-center wpex-items-center wpex-leading-none wpex-child-inherit-color\"><span class=\"wpex-icon--w wpex-icon\" aria-hidden=\"true\"><svg xmlns=\"http:\/\/www.w3.org\/2000\/svg\" viewBox=\"0 0 512 512\"><path d=\"M256 512A256 256 0 1 0 256 0a256 256 0 1 0 0 512zM369 209L241 337c-9.4 9.4-24.6 9.4-33.9 0l-64-64c-9.4-9.4-9.4-24.6 0-33.9s24.6-9.4 33.9 0l47 47L335 175c9.4-9.4 24.6-9.4 33.9 0s9.4 24.6 0 33.9z\"\/><\/svg><\/span><\/div><\/div><div class=\"vcex-list-item-text vcex-content wpex-flex-grow\">Provided for old age<\/div><\/div><\/div><style>.vcex-list_item.vcex_69d7044b687c1 .vcex-list-item-icon-inner{color:#39ce79;}<\/style><div class=\"vcex-list_item vcex-module wpex-m-0 wpex-max-w-100 wpex-mb-5 vcex_69d7044b687c1\"><div class=\"vcex-list-item-inner wpex-inline-flex wpex-flex-no-wrap wpex-items-center\"><div class=\"vcex-list-item-icon wpex-mr-10\"><div class=\"vcex-list-item-icon-inner vcex-icon-wrap wpex-inline-flex wpex-justify-center wpex-items-center wpex-leading-none wpex-child-inherit-color\"><span class=\"wpex-icon--w wpex-icon\" aria-hidden=\"true\"><svg xmlns=\"http:\/\/www.w3.org\/2000\/svg\" viewBox=\"0 0 512 512\"><path d=\"M256 512A256 256 0 1 0 256 0a256 256 0 1 0 0 512zM369 209L241 337c-9.4 9.4-24.6 9.4-33.9 0l-64-64c-9.4-9.4-9.4-24.6 0-33.9s24.6-9.4 33.9 0l47 47L335 175c9.4-9.4 24.6-9.4 33.9 0s9.4 24.6 0 33.9z\"\/><\/svg><\/span><\/div><\/div><div class=\"vcex-list-item-text vcex-content wpex-flex-grow\">Free of charge for employees<\/div><\/div><\/div><div class=\"vcex-spacing wpex-w-100 wpex-clear\" style=\"height:30px;\"><\/div><style>.vcex-button.vcex_69d7044b69310{background:#fffa3e;color:#000000!important;}.vcex-button.vcex_69d7044b69310:hover{background:#f1ea00!important;color:#000000!important;}<\/style><a href=\"https:\/\/my.quitt.ch\/de\/signup\/userType\" class=\"vcex-button theme-button inline vcex_69d7044b69310\"><span class=\"vcex-button-inner theme-button-inner wpex-flex wpex-flex-wrap wpex-items-center wpex-justify-center\">START NOW<\/span><\/a> <div class=\"vcex-spacing wpex-w-100 wpex-clear\" style=\"height:3vh;\"><\/div>[\/vc_column_inner][vc_column_inner width=&#8221;1\/2&#8243;]<div class=\"vcex-spacing wpex-w-100 wpex-clear visible-phone\"><\/div>[vc_single_image image=&#8221;152513&#8243;]<div class=\"vcex-spacing wpex-w-100 wpex-clear visible-phone\"><\/div>[\/vc_column_inner][\/vc_row_inner][\/vc_column][\/vc_row][vc_row css_animation=&#8221;none&#8221;][vc_column]<div class=\"vcex-spacing wpex-w-100 wpex-clear hidden-phone\" style=\"height:25px;\"><\/div><div class=\"vcex-spacing wpex-w-100 wpex-clear\" style=\"height:10vh;\"><\/div>[\/vc_column][\/vc_row][vc_row css_animation=&#8221;none&#8221;][vc_column][vc_column_text]\n<h2 class=\"p1\" style=\"text-align: center;\"><span class=\"s1\">9\u2019826 reviews from 11 years quitt<\/span><\/h2>\n[\/vc_column_text]<div class=\"vcex-spacing wpex-w-100 wpex-clear hidden-phone\" style=\"height:25px;\"><\/div>[vc_row_inner][vc_column_inner][vc_column_text]\n<div style=\"display: flex; flex-direction: row; justify-content: center;\">\n<div>\n<h2 style=\"text-align: center;\"><span class=\"ticon ticon-star\" style=\"color: #ffc733; font-size: 30px;\" aria-hidden=\"true\">\u00a0<\/span><span class=\"ticon ticon-star\" style=\"color: #ffc733; font-size: 30px;\" aria-hidden=\"true\">\u00a0<\/span><span class=\"ticon ticon-star\" style=\"color: #ffc733; font-size: 30px;\" aria-hidden=\"true\">\u00a0<\/span><span class=\"ticon ticon-star\" style=\"color: #ffc733; font-size: 30px;\" aria-hidden=\"true\">\u00a0<\/span><span class=\"ticon ticon-star\" style=\"color: #ffc733; font-size: 30px;\" aria-hidden=\"true\">\u00a0\u00a0<\/span><b>4.7<\/b> from 5<\/h2>\n<p style=\"text-align: center;\"><a href=\"https:\/\/quitt.ch\/en\/experiences-customer-opinions-reviews\/\">More customer reviews<\/a><\/p>\n<\/div>\n<\/div>\n[\/vc_column_text][\/vc_column_inner][\/vc_row_inner][\/vc_column][\/vc_row][vc_row css_animation=&#8221;none&#8221;][vc_column]<div class=\"vcex-spacing wpex-w-100 wpex-clear hidden-phone\" style=\"height:50px;\"><\/div><div class=\"vcex-spacing wpex-w-100 wpex-clear\" style=\"height:10vh;\"><\/div>[\/vc_column][\/vc_row][vc_row css_animation=&#8221;none&#8221; content_placement=&#8221;middle&#8221; el_class=&#8221;swap-on-mobile&#8221;][vc_column width=&#8221;1\/2&#8243;][vc_raw_html]JTNDaW1nJTIwc3R5bGUlM0QlMjIlMjB3aWR0aCUzQSUyMDkwJTI1JTNCJTIyJTIwc3JjJTNEJTIyaHR0cHMlM0ElMkYlMkZxdWl0dC5jaCUyRndwLWNvbnRlbnQlMkZ1cGxvYWRzJTJGc2FsYXJ5LXF1aXR0LnN2ZyUyMiUzRSUzQyUyRmltZyUzRQ==[\/vc_raw_html]<div class=\"vcex-spacing wpex-w-100 wpex-clear visible-phone\" style=\"height:20px;\"><\/div>[\/vc_column][vc_column width=&#8221;1\/2&#8243;][vc_column_text]\n<h2 style=\"margin-bottom: 20px !important;\">Fair employment.<br \/>\n<span style=\"color: #3d43fc;\">Fair wages.<\/span><\/h2>\n[\/vc_column_text]<div class=\"vcex-spacing wpex-w-100 wpex-clear hidden-phone\" style=\"height:10px;\"><\/div>[vc_column_text]<span style=\"white-space-collapse: preserve;\">At quitt, you determine your own salary and earn on average 35% more than employees of a cleaning company. <a href=\"https:\/\/quitt.ch\/en\/quitt-is-cheaper-than-cleaning-agencies\/\">More information<\/a><\/span>[\/vc_column_text]<div class=\"vcex-spacing wpex-w-100 wpex-clear\"><\/div><style>.vcex-button.vcex_69d7044b6a04f{background:#fffa3e;color:#000000!important;}.vcex-button.vcex_69d7044b6a04f:hover{background:#f1ea00!important;color:#000000!important;}<\/style><a href=\"https:\/\/my.quitt.ch\/de\/signup\/userType\" class=\"vcex-button theme-button inline vcex_69d7044b6a04f\"><span class=\"vcex-button-inner theme-button-inner wpex-flex wpex-flex-wrap wpex-items-center wpex-justify-center\">START NOW<\/span><\/a> <div class=\"vcex-spacing wpex-w-100 wpex-clear visible-phone\" style=\"height:50px;\"><\/div>[\/vc_column][\/vc_row][vc_row css_animation=&#8221;none&#8221;][vc_column]<div class=\"vcex-spacing wpex-w-100 wpex-clear hidden-phone\" style=\"height:20vh;\"><\/div><div class=\"vcex-spacing wpex-w-100 wpex-clear visible-phone\" style=\"height:10vh;\"><\/div>[\/vc_column][\/vc_row][vc_row css_animation=&#8221;none&#8221; content_placement=&#8221;middle&#8221;][vc_column width=&#8221;1\/2&#8243;][vc_column_text]\n<h2 style=\"margin-bottom: 20px !important;\">All you need.<br \/>\n<span style=\"color: #3d43fc;\">In one app.<\/span><\/h2>\n[\/vc_column_text]<div class=\"vcex-spacing wpex-w-100 wpex-clear hidden-phone\" style=\"height:10px;\"><\/div>[vc_column_text]Manage your employment relationships yourself. Including access to all important documents \u2013 all in one app.[\/vc_column_text]<div class=\"vcex-spacing wpex-w-100 wpex-clear\" style=\"height:10px;\"><\/div><style>.vcex-list_item.vcex_69d7044b6a864 .vcex-list-item-icon-inner{color:#39ce79;}<\/style><div class=\"vcex-list_item vcex-module wpex-m-0 wpex-max-w-100 wpex-mb-5 vcex_69d7044b6a864\"><div class=\"vcex-list-item-inner wpex-inline-flex wpex-flex-no-wrap wpex-items-center\"><div class=\"vcex-list-item-icon wpex-mr-10\"><div class=\"vcex-list-item-icon-inner vcex-icon-wrap wpex-inline-flex wpex-justify-center wpex-items-center wpex-leading-none wpex-child-inherit-color\"><span class=\"wpex-icon--w wpex-icon\" aria-hidden=\"true\"><svg xmlns=\"http:\/\/www.w3.org\/2000\/svg\" viewBox=\"0 0 512 512\"><path d=\"M256 512A256 256 0 1 0 256 0a256 256 0 1 0 0 512zM369 209L241 337c-9.4 9.4-24.6 9.4-33.9 0l-64-64c-9.4-9.4-9.4-24.6 0-33.9s24.6-9.4 33.9 0l47 47L335 175c9.4-9.4 24.6-9.4 33.9 0s9.4 24.6 0 33.9z\"\/><\/svg><\/span><\/div><\/div><div class=\"vcex-list-item-text vcex-content wpex-flex-grow\">Enter working hours<\/div><\/div><\/div><style>.vcex-list_item.vcex_69d7044b6ad04 .vcex-list-item-icon-inner{color:#39ce79;}<\/style><div class=\"vcex-list_item vcex-module wpex-m-0 wpex-max-w-100 wpex-mb-5 vcex_69d7044b6ad04\"><div class=\"vcex-list-item-inner wpex-inline-flex wpex-flex-no-wrap wpex-items-center\"><div class=\"vcex-list-item-icon wpex-mr-10\"><div class=\"vcex-list-item-icon-inner vcex-icon-wrap wpex-inline-flex wpex-justify-center wpex-items-center wpex-leading-none wpex-child-inherit-color\"><span class=\"wpex-icon--w wpex-icon\" aria-hidden=\"true\"><svg xmlns=\"http:\/\/www.w3.org\/2000\/svg\" viewBox=\"0 0 512 512\"><path d=\"M256 512A256 256 0 1 0 256 0a256 256 0 1 0 0 512zM369 209L241 337c-9.4 9.4-24.6 9.4-33.9 0l-64-64c-9.4-9.4-9.4-24.6 0-33.9s24.6-9.4 33.9 0l47 47L335 175c9.4-9.4 24.6-9.4 33.9 0s9.4 24.6 0 33.9z\"\/><\/svg><\/span><\/div><\/div><div class=\"vcex-list-item-text vcex-content wpex-flex-grow\">Manage expenses<\/div><\/div><\/div><style>.vcex-list_item.vcex_69d7044b6b183 .vcex-list-item-icon-inner{color:#39ce79;}<\/style><div class=\"vcex-list_item vcex-module wpex-m-0 wpex-max-w-100 wpex-mb-5 vcex_69d7044b6b183\"><div class=\"vcex-list-item-inner wpex-inline-flex wpex-flex-no-wrap wpex-items-center\"><div class=\"vcex-list-item-icon wpex-mr-10\"><div class=\"vcex-list-item-icon-inner vcex-icon-wrap wpex-inline-flex wpex-justify-center wpex-items-center wpex-leading-none wpex-child-inherit-color\"><span class=\"wpex-icon--w wpex-icon\" aria-hidden=\"true\"><svg xmlns=\"http:\/\/www.w3.org\/2000\/svg\" viewBox=\"0 0 512 512\"><path d=\"M256 512A256 256 0 1 0 256 0a256 256 0 1 0 0 512zM369 209L241 337c-9.4 9.4-24.6 9.4-33.9 0l-64-64c-9.4-9.4-9.4-24.6 0-33.9s24.6-9.4 33.9 0l47 47L335 175c9.4-9.4 24.6-9.4 33.9 0s9.4 24.6 0 33.9z\"\/><\/svg><\/span><\/div><\/div><div class=\"vcex-list-item-text vcex-content wpex-flex-grow\">Monthly pay slips<\/div><\/div><\/div><div class=\"vcex-spacing wpex-w-100 wpex-clear\"><\/div><style>.vcex-button.vcex_69d7044b6b7da{background:#fffa3e;color:#000000!important;}.vcex-button.vcex_69d7044b6b7da:hover{background:#f1ea00!important;color:#000000!important;}<\/style><a href=\"https:\/\/my.quitt.ch\/de\/signup\/userType\" class=\"vcex-button theme-button inline vcex_69d7044b6b7da\"><span class=\"vcex-button-inner theme-button-inner wpex-flex wpex-flex-wrap wpex-items-center wpex-justify-center\">START NOW<\/span><\/a> [\/vc_column][vc_column width=&#8221;1\/2&#8243;]<div class=\"vcex-spacing wpex-w-100 wpex-clear\" style=\"height:50px;\"><\/div>[vc_raw_html]JTNDaW1nJTIwc3R5bGUlM0QlMjIlMjB3aWR0aCUzQSUyMDkwJTI1JTNCJTIyJTIwc3JjJTNEJTIyaHR0cHMlM0ElMkYlMkZxdWl0dC5jaCUyRndwLWNvbnRlbnQlMkZ1cGxvYWRzJTJGbGlzdC1lbi5zdmclMjIlM0UlM0MlMkZpbWclM0U=[\/vc_raw_html]<div class=\"vcex-spacing wpex-w-100 wpex-clear visible-phone\" style=\"height:20px;\"><\/div>[\/vc_column][\/vc_row][vc_row css_animation=&#8221;none&#8221;][vc_column]<div class=\"vcex-spacing wpex-w-100 wpex-clear hidden-phone\" style=\"height:20vh;\"><\/div><div class=\"vcex-spacing wpex-w-100 wpex-clear visible-phone\" style=\"height:10vh;\"><\/div>[\/vc_column][\/vc_row][vc_row css_animation=&#8221;none&#8221; content_placement=&#8221;middle&#8221; el_class=&#8221;swap-on-mobile&#8221;][vc_column width=&#8221;1\/2&#8243;]<div class=\"vcex-spacing wpex-w-100 wpex-clear\" style=\"height:50px;\"><\/div>[vc_raw_html]JTNDaW1nJTIwc3R5bGUlM0QlMjIlMjB3aWR0aCUzQSUyMDcwJTI1JTNCJTIyJTIwc3JjJTNEJTIyaHR0cHMlM0ElMkYlMkZxdWl0dC5jaCUyRndwLWNvbnRlbnQlMkZ1cGxvYWRzJTJGaW52aXRlLWVuLnN2ZyUyMiUzRSUzQyUyRmltZyUzRQ==[\/vc_raw_html]<div class=\"vcex-spacing wpex-w-100 wpex-clear visible-phone\" style=\"height:20px;\"><\/div>[\/vc_column][vc_column width=&#8221;1\/2&#8243;][vc_column_text]\n<h2 style=\"margin-bottom: 20px !important;\">Recommend quitt to your employers.<br \/>\n<span style=\"color: #3d43fc;\">Get CHF 100.<\/span><\/h2>\n[\/vc_column_text]<div class=\"vcex-spacing wpex-w-100 wpex-clear hidden-phone\" style=\"height:10px;\"><\/div>[vc_column_text]Invite your employers now \u2013 via email, messenger or voucher code \u2013 and receive CHF 100 per referred employer.[\/vc_column_text]<div class=\"vcex-spacing wpex-w-100 wpex-clear\"><\/div><style>.vcex-button.vcex_69d7044b6c297{background:#fffa3e;color:#000000!important;}.vcex-button.vcex_69d7044b6c297:hover{background:#f1ea00!important;color:#000000!important;}<\/style><a href=\"https:\/\/my.quitt.ch\/de\/signup\/userType\" class=\"vcex-button theme-button inline vcex_69d7044b6c297\"><span class=\"vcex-button-inner theme-button-inner wpex-flex wpex-flex-wrap wpex-items-center wpex-justify-center\">HERE WE GO<\/span><\/a> [\/vc_column][\/vc_row][vc_row css_animation=&#8221;none&#8221;][vc_column]<div class=\"vcex-spacing wpex-w-100 wpex-clear hidden-phone\" style=\"height:20vh;\"><\/div><div class=\"vcex-spacing wpex-w-100 wpex-clear visible-phone\" style=\"height:10vh;\"><\/div>[\/vc_column][\/vc_row][vc_row css_animation=&#8221;none&#8221; content_placement=&#8221;middle&#8221; disable_element=&#8221;yes&#8221;][vc_column width=&#8221;1\/2&#8243;][vc_column_text]\n<h2 style=\"margin-bottom: 20px !important;\">Fragen zum Arbeitsverh\u00e4ltniss?<br \/>\n<span style=\"color: #3d43fc;\">Wir helfen dir weiter.<\/span><\/h2>\n[\/vc_column_text]<div class=\"vcex-spacing wpex-w-100 wpex-clear hidden-phone\" style=\"height:10px;\"><\/div>[vc_column_text]Arbeitsverh\u00e4tlnisse k\u00f6nnen komplex und sehr verwirrend sein. Bei den Arbeitverh\u00e4ltnisses die du \u00fcber quitt hast stehen wir dir bei Fragen zur Seite.[\/vc_column_text]<div class=\"vcex-spacing wpex-w-100 wpex-clear\"><\/div><style>.vcex-button.vcex_69d7044b6cb62{background:#fffa3e;color:#000000!important;}.vcex-button.vcex_69d7044b6cb62:hover{background:#f1ea00!important;color:#000000!important;}<\/style><a href=\"https:\/\/my.quitt.ch\/de\/signup\/userType\" class=\"vcex-button theme-button inline vcex_69d7044b6cb62\"><span class=\"vcex-button-inner theme-button-inner wpex-flex wpex-flex-wrap wpex-items-center wpex-justify-center\">JETZT LOSLEGEN<\/span><\/a> [\/vc_column][vc_column width=&#8221;1\/2&#8243;]<div class=\"vcex-spacing wpex-w-100 wpex-clear\" style=\"height:50px;\"><\/div>[vc_raw_html]JTNDaW1nJTIwc3R5bGUlM0QlMjIlMjB3aWR0aCUzQSUyMDkwJTI1JTNCJTIyJTIwc3JjJTNEJTIyaHR0cHMlM0ElMkYlMkZxdWl0dC5jaCUyRndwLWNvbnRlbnQlMkZ1cGxvYWRzJTJGQXJiZWl0bmhlbWVyLVN1cHBvcnQuc3ZnJTNGX3QlM0QxNjg4NTU2NDAwJTIyJTNFJTNDJTJGaW1nJTNF[\/vc_raw_html]<div class=\"vcex-spacing wpex-w-100 wpex-clear visible-phone\" style=\"height:20px;\"><\/div>[\/vc_column][\/vc_row][vc_row css_animation=&#8221;none&#8221; disable_element=&#8221;yes&#8221;][vc_column]<div class=\"vcex-spacing wpex-w-100 wpex-clear hidden-phone\" style=\"height:20vh;\"><\/div><div class=\"vcex-spacing wpex-w-100 wpex-clear visible-phone\" style=\"height:10vh;\"><\/div>[\/vc_column][\/vc_row][vc_row css_animation=&#8221;none&#8221; content_placement=&#8221;middle&#8221;][vc_column][vc_column_text]\n<h2 style=\"text-align: center;\">Join 26&#8217;088 employees.<\/h2>\n[\/vc_column_text]<div class=\"vcex-spacing wpex-w-100 wpex-clear hidden-phone\"><\/div>[\/vc_column][\/vc_row][vc_row css_animation=&#8221;none&#8221; content_placement=&#8221;middle&#8221;][vc_column][vc_raw_html el_class=&#8221;desktop-er-slider-display&#8221;]JTVCc2xpZGUtYW55dGhpbmclMjBpZCUzRCUyMjE1NTQ2NiUyMiU1RA==[\/vc_raw_html][\/vc_column][\/vc_row]\n<\/div>","protected":false},"excerpt":{"rendered":"<p>[vc_row css_animation=&#8221;none&#8221; content_placement=&#8221;middle&#8221; el_class=&#8221;swap-on-mobile&#8221;][vc_column][vc_row_inner content_placement=&#8221;middle&#8221;][vc_column_inner width=&#8221;1\/2&#8243;][vc_column_text] The best way to get hired. Easy, fair &amp; digital. [\/vc_column_text][\/vc_column_inner][vc_column_inner width=&#8221;1\/2&#8243;][vc_single_image image=&#8221;152513&#8243;][\/vc_column_inner][\/vc_row_inner][\/vc_column][\/vc_row][vc_row css_animation=&#8221;none&#8221;][vc_column][\/vc_column][\/vc_row][vc_row css_animation=&#8221;none&#8221;][vc_column][vc_column_text] 9\u2019826 reviews from 11 years quitt [\/vc_column_text][vc_row_inner][vc_column_inner][vc_column_text] \u00a0\u00a0\u00a0\u00a0\u00a0\u00a04.7 from 5 More customer reviews [\/vc_column_text][\/vc_column_inner][\/vc_row_inner][\/vc_column][\/vc_row][vc_row css_animation=&#8221;none&#8221;][vc_column][\/vc_column][\/vc_row][vc_row css_animation=&#8221;none&#8221; content_placement=&#8221;middle&#8221; el_class=&#8221;swap-on-mobile&#8221;][vc_column width=&#8221;1\/2&#8243;][vc_raw_html]JTNDaW1nJTIwc3R5bGUlM0QlMjIlMjB3aWR0aCUzQSUyMDkwJTI1JTNCJTIyJTIwc3JjJTNEJTIyaHR0cHMlM0ElMkYlMkZxdWl0dC5jaCUyRndwLWNvbnRlbnQlMkZ1cGxvYWRzJTJGc2FsYXJ5LXF1aXR0LnN2ZyUyMiUzRSUzQyUyRmltZyUzRQ==[\/vc_raw_html][\/vc_column][vc_column width=&#8221;1\/2&#8243;][vc_column_text] Fair employment. Fair wages. [\/vc_column_text][vc_column_text]At quitt, you determine your own salary and earn on&hellip;<\/p>\n","protected":false},"author":17,"featured_media":0,"parent":0,"menu_order":0,"comment_status":"closed","ping_status":"closed","template":"","meta":{"inline_featured_image":false,"footnotes":""},"class_list":["post-63079","page","type-page","status-publish","hentry","entry","no-media"],"yoast_head":"<!-- This site is optimized with the Yoast SEO Premium plugin v26.5 (Yoast SEO v26.5) - https:\/\/yoast.com\/wordpress\/plugins\/seo\/ -->\n<title>quitt.employees | easy.fair.social. - quitt.<\/title>\n<meta name=\"description\" content=\"Tell your employer(s) to use quitt so that you are employed legally, fairly and safely. It&#039;s a win-win situation for everyone!\" \/>\n<meta name=\"robots\" content=\"index, follow, max-snippet:-1, max-image-preview:large, max-video-preview:-1\" \/>\n<link rel=\"canonical\" href=\"https:\/\/quitt.ch\/en\/for-employees-safe-legal-and-fair\/\" \/>\n<meta property=\"og:locale\" content=\"en_US\" \/>\n<meta property=\"og:type\" content=\"article\" \/>\n<meta property=\"og:title\" content=\"quitt.employees | easy.fair.social.\" \/>\n<meta property=\"og:description\" content=\"Tell your employer(s) to use quitt so that you are employed legally, fairly and safely. It&#039;s a win-win situation for everyone!\" \/>\n<meta property=\"og:url\" content=\"https:\/\/quitt.ch\/en\/for-employees-safe-legal-and-fair\/\" \/>\n<meta property=\"og:site_name\" content=\"quitt.\" \/>\n<meta property=\"article:publisher\" content=\"https:\/\/www.facebook.com\/quitt.ch\/\" \/>\n<meta property=\"article:modified_time\" content=\"2023-10-11T08:46:20+00:00\" \/>\n<meta name=\"twitter:card\" content=\"summary_large_image\" \/>\n<meta name=\"twitter:site\" content=\"@quittCH\" \/>\n<meta name=\"twitter:label1\" content=\"Est. reading time\" \/>\n\t<meta name=\"twitter:data1\" content=\"2 minutes\" \/>\n<script type=\"application\/ld+json\" class=\"yoast-schema-graph\">{\"@context\":\"https:\/\/schema.org\",\"@graph\":[{\"@type\":\"WebPage\",\"@id\":\"https:\/\/quitt.ch\/en\/for-employees-safe-legal-and-fair\/\",\"url\":\"https:\/\/quitt.ch\/en\/for-employees-safe-legal-and-fair\/\",\"name\":\"quitt.employees | easy.fair.social. - quitt.\",\"isPartOf\":{\"@id\":\"https:\/\/quitt.ch\/#website\"},\"datePublished\":\"2021-04-23T10:26:16+00:00\",\"dateModified\":\"2023-10-11T08:46:20+00:00\",\"description\":\"Tell your employer(s) to use quitt so that you are employed legally, fairly and safely. It's a win-win situation for everyone!\",\"breadcrumb\":{\"@id\":\"https:\/\/quitt.ch\/en\/for-employees-safe-legal-and-fair\/#breadcrumb\"},\"inLanguage\":\"en-US\",\"potentialAction\":[{\"@type\":\"ReadAction\",\"target\":[\"https:\/\/quitt.ch\/en\/for-employees-safe-legal-and-fair\/\"]}]},{\"@type\":\"BreadcrumbList\",\"@id\":\"https:\/\/quitt.ch\/en\/for-employees-safe-legal-and-fair\/#breadcrumb\",\"itemListElement\":[{\"@type\":\"ListItem\",\"position\":1,\"name\":\"Home\",\"item\":\"https:\/\/quitt.ch\/en\/\"},{\"@type\":\"ListItem\",\"position\":2,\"name\":\"quitt.employees | easy.fair.social.\"}]},{\"@type\":\"WebSite\",\"@id\":\"https:\/\/quitt.ch\/#website\",\"url\":\"https:\/\/quitt.ch\/\",\"name\":\"quitt\",\"description\":\"Einfach richtig anstellen - Haushaltshilfen versichern und Lohn abrechnen.\",\"publisher\":{\"@id\":\"https:\/\/quitt.ch\/#organization\"},\"potentialAction\":[{\"@type\":\"SearchAction\",\"target\":{\"@type\":\"EntryPoint\",\"urlTemplate\":\"https:\/\/quitt.ch\/?s={search_term_string}\"},\"query-input\":{\"@type\":\"PropertyValueSpecification\",\"valueRequired\":true,\"valueName\":\"search_term_string\"}}],\"inLanguage\":\"en-US\"},{\"@type\":\"Organization\",\"@id\":\"https:\/\/quitt.ch\/#organization\",\"name\":\"quitt. - ServiceHunterAG\",\"url\":\"https:\/\/quitt.ch\/\",\"logo\":{\"@type\":\"ImageObject\",\"inLanguage\":\"en-US\",\"@id\":\"https:\/\/quitt.ch\/#\/schema\/logo\/image\/\",\"url\":\"https:\/\/quitt.ch\/wp-content\/uploads\/quitt._Profilbild_LinkedIn.jpg\",\"contentUrl\":\"https:\/\/quitt.ch\/wp-content\/uploads\/quitt._Profilbild_LinkedIn.jpg\",\"width\":170,\"height\":170,\"caption\":\"quitt. - ServiceHunterAG\"},\"image\":{\"@id\":\"https:\/\/quitt.ch\/#\/schema\/logo\/image\/\"},\"sameAs\":[\"https:\/\/www.facebook.com\/quitt.ch\/\",\"https:\/\/x.com\/quittCH\",\"https:\/\/www.linkedin.com\/company\/servicehunter-ag-quitt-ch\",\"https:\/\/de.pinterest.com\/quittch\/\",\"https:\/\/www.youtube.com\/channel\/UCjwpajpPPM9ZzZQ0QbAtliQ\"]}]}<\/script>\n<!-- \/ Yoast SEO Premium plugin. -->","yoast_head_json":{"title":"quitt.employees | easy.fair.social. - quitt.","description":"Tell your employer(s) to use quitt so that you are employed legally, fairly and safely. It's a win-win situation for everyone!","robots":{"index":"index","follow":"follow","max-snippet":"max-snippet:-1","max-image-preview":"max-image-preview:large","max-video-preview":"max-video-preview:-1"},"canonical":"https:\/\/quitt.ch\/en\/for-employees-safe-legal-and-fair\/","og_locale":"en_US","og_type":"article","og_title":"quitt.employees | easy.fair.social.","og_description":"Tell your employer(s) to use quitt so that you are employed legally, fairly and safely. It's a win-win situation for everyone!","og_url":"https:\/\/quitt.ch\/en\/for-employees-safe-legal-and-fair\/","og_site_name":"quitt.","article_publisher":"https:\/\/www.facebook.com\/quitt.ch\/","article_modified_time":"2023-10-11T08:46:20+00:00","twitter_card":"summary_large_image","twitter_site":"@quittCH","twitter_misc":{"Est. reading time":"2 minutes"},"schema":{"@context":"https:\/\/schema.org","@graph":[{"@type":"WebPage","@id":"https:\/\/quitt.ch\/en\/for-employees-safe-legal-and-fair\/","url":"https:\/\/quitt.ch\/en\/for-employees-safe-legal-and-fair\/","name":"quitt.employees | easy.fair.social. - quitt.","isPartOf":{"@id":"https:\/\/quitt.ch\/#website"},"datePublished":"2021-04-23T10:26:16+00:00","dateModified":"2023-10-11T08:46:20+00:00","description":"Tell your employer(s) to use quitt so that you are employed legally, fairly and safely. It's a win-win situation for everyone!","breadcrumb":{"@id":"https:\/\/quitt.ch\/en\/for-employees-safe-legal-and-fair\/#breadcrumb"},"inLanguage":"en-US","potentialAction":[{"@type":"ReadAction","target":["https:\/\/quitt.ch\/en\/for-employees-safe-legal-and-fair\/"]}]},{"@type":"BreadcrumbList","@id":"https:\/\/quitt.ch\/en\/for-employees-safe-legal-and-fair\/#breadcrumb","itemListElement":[{"@type":"ListItem","position":1,"name":"Home","item":"https:\/\/quitt.ch\/en\/"},{"@type":"ListItem","position":2,"name":"quitt.employees | easy.fair.social."}]},{"@type":"WebSite","@id":"https:\/\/quitt.ch\/#website","url":"https:\/\/quitt.ch\/","name":"quitt","description":"Einfach richtig anstellen - Haushaltshilfen versichern und Lohn abrechnen.","publisher":{"@id":"https:\/\/quitt.ch\/#organization"},"potentialAction":[{"@type":"SearchAction","target":{"@type":"EntryPoint","urlTemplate":"https:\/\/quitt.ch\/?s={search_term_string}"},"query-input":{"@type":"PropertyValueSpecification","valueRequired":true,"valueName":"search_term_string"}}],"inLanguage":"en-US"},{"@type":"Organization","@id":"https:\/\/quitt.ch\/#organization","name":"quitt. - ServiceHunterAG","url":"https:\/\/quitt.ch\/","logo":{"@type":"ImageObject","inLanguage":"en-US","@id":"https:\/\/quitt.ch\/#\/schema\/logo\/image\/","url":"https:\/\/quitt.ch\/wp-content\/uploads\/quitt._Profilbild_LinkedIn.jpg","contentUrl":"https:\/\/quitt.ch\/wp-content\/uploads\/quitt._Profilbild_LinkedIn.jpg","width":170,"height":170,"caption":"quitt. - ServiceHunterAG"},"image":{"@id":"https:\/\/quitt.ch\/#\/schema\/logo\/image\/"},"sameAs":["https:\/\/www.facebook.com\/quitt.ch\/","https:\/\/x.com\/quittCH","https:\/\/www.linkedin.com\/company\/servicehunter-ag-quitt-ch","https:\/\/de.pinterest.com\/quittch\/","https:\/\/www.youtube.com\/channel\/UCjwpajpPPM9ZzZQ0QbAtliQ"]}]}},"_links":{"self":[{"href":"https:\/\/quitt.ch\/en\/wp-json\/wp\/v2\/pages\/63079","targetHints":{"allow":["GET"]}}],"collection":[{"href":"https:\/\/quitt.ch\/en\/wp-json\/wp\/v2\/pages"}],"about":[{"href":"https:\/\/quitt.ch\/en\/wp-json\/wp\/v2\/types\/page"}],"author":[{"embeddable":true,"href":"https:\/\/quitt.ch\/en\/wp-json\/wp\/v2\/users\/17"}],"replies":[{"embeddable":true,"href":"https:\/\/quitt.ch\/en\/wp-json\/wp\/v2\/comments?post=63079"}],"version-history":[{"count":65,"href":"https:\/\/quitt.ch\/en\/wp-json\/wp\/v2\/pages\/63079\/revisions"}],"predecessor-version":[{"id":155467,"href":"https:\/\/quitt.ch\/en\/wp-json\/wp\/v2\/pages\/63079\/revisions\/155467"}],"wp:attachment":[{"href":"https:\/\/quitt.ch\/en\/wp-json\/wp\/v2\/media?parent=63079"}],"curies":[{"name":"wp","href":"https:\/\/api.w.org\/{rel}","templated":true}]}}